{"id":2429,"date":"2022-08-10T10:52:53","date_gmt":"2022-08-10T08:52:53","guid":{"rendered":"https:\/\/varibox.best4u.dev\/product\/varibox-cc-safeline-tauchrohr-halsdichtung-2\/"},"modified":"2024-01-09T10:23:55","modified_gmt":"2024-01-09T09:23:55","slug":"varibox-cc-safeline-tauchrohr-halsdichtung-2","status":"publish","type":"product","link":"https:\/\/varibox.best4u.dev\/de\/produkt\/varibox-cc-safeline-tauchrohr-halsdichtung-2\/","title":{"rendered":"Satz von 10 VARIBOX CC Safeline Tauchrohr Halsdichtung"},"content":{"rendered":"<p>Die VARIBOX CC Safeline Tauchrohr Halsdichtung sch\u00fctzt die VARIBOX vor Substanzen, die in den Auffangbeh\u00e4lter gelangen. Die Halsdichtung ist aus EPDM gefertigt, die Farbe ist schwarz. Sie dichtet den Raum zwischen dem Deckel der VARIBOX und der Anschlussstelle der Tauchrohre ab und verhindert so das Eindringen von Chemikalien, Reinigungsmitteln oder Regenwasser in den Au\u00dfenbeh\u00e4lter der VARIBOX.<\/p>\n","protected":false},"excerpt":{"rendered":"<p>Die VARIBOX CC Safeline Tauchrohr Halsdichtung sch\u00fctzt die VARIBOX vor Stoffen, die in den Au\u00dfenbeh\u00e4lter gelangen.<\/p>\n","protected":false},"featured_media":4595,"comment_status":"closed","ping_status":"closed","template":"","meta":{"_acf_changed":false},"product_brand":[],"product_cat":[212,220],"product_tag":[],"class_list":{"0":"post-2429","1":"product","2":"type-product","3":"status-publish","4":"has-post-thumbnail","6":"product_cat-varibox-cc-250-de","7":"product_cat-zubehor-varibox-cc-250","8":"product_shipping_class-deventer-en","9":"pa_packaging-unit-10-de","11":"first","12":"instock","13":"taxable","14":"shipping-taxable","15":"purchasable","16":"product-type-simple"},"featured_image_urls_v2":{"full":["https:\/\/varibox.best4u.dev\/wp-content\/uploads\/2022\/08\/Set-of-10-VARIBOX-CC-Safeline-extractor-tube-neck-seals-1.png",1890,1260,false],"thumbnail":["https:\/\/varibox.best4u.dev\/wp-content\/uploads\/2022\/08\/Set-of-10-VARIBOX-CC-Safeline-extractor-tube-neck-seals-1-256x256.png",256,256,true],"medium":["https:\/\/varibox.best4u.dev\/wp-content\/uploads\/2022\/08\/Set-of-10-VARIBOX-CC-Safeline-extractor-tube-neck-seals-1-512x341.png",512,341,true],"medium_large":["https:\/\/varibox.best4u.dev\/wp-content\/uploads\/2022\/08\/Set-of-10-VARIBOX-CC-Safeline-extractor-tube-neck-seals-1-768x512.png",768,512,true],"large":["https:\/\/varibox.best4u.dev\/wp-content\/uploads\/2022\/08\/Set-of-10-VARIBOX-CC-Safeline-extractor-tube-neck-seals-1-1024x683.png",1024,683,true],"1536x1536":["https:\/\/varibox.best4u.dev\/wp-content\/uploads\/2022\/08\/Set-of-10-VARIBOX-CC-Safeline-extractor-tube-neck-seals-1-1536x1024.png",1536,1024,true],"2048x2048":["https:\/\/varibox.best4u.dev\/wp-content\/uploads\/2022\/08\/Set-of-10-VARIBOX-CC-Safeline-extractor-tube-neck-seals-1.png",1890,1260,false],"woocommerce_archive_thumbnail":["https:\/\/varibox.best4u.dev\/wp-content\/uploads\/2022\/08\/Set-of-10-VARIBOX-CC-Safeline-extractor-tube-neck-seals-1-270x180.png",270,180,true],"gform-image-choice-sm":["https:\/\/varibox.best4u.dev\/wp-content\/uploads\/2022\/08\/Set-of-10-VARIBOX-CC-Safeline-extractor-tube-neck-seals-1.png",300,200,false],"gform-image-choice-md":["https:\/\/varibox.best4u.dev\/wp-content\/uploads\/2022\/08\/Set-of-10-VARIBOX-CC-Safeline-extractor-tube-neck-seals-1.png",400,267,false],"gform-image-choice-lg":["https:\/\/varibox.best4u.dev\/wp-content\/uploads\/2022\/08\/Set-of-10-VARIBOX-CC-Safeline-extractor-tube-neck-seals-1.png",600,400,false],"woocommerce_thumbnail":["https:\/\/varibox.best4u.dev\/wp-content\/uploads\/2022\/08\/Set-of-10-VARIBOX-CC-Safeline-extractor-tube-neck-seals-1-270x180.png",270,180,true],"woocommerce_single":["https:\/\/varibox.best4u.dev\/wp-content\/uploads\/2022\/08\/Set-of-10-VARIBOX-CC-Safeline-extractor-tube-neck-seals-1-1200x800.png",1200,800,true],"woocommerce_gallery_thumbnail":["https:\/\/varibox.best4u.dev\/wp-content\/uploads\/2022\/08\/Set-of-10-VARIBOX-CC-Safeline-extractor-tube-neck-seals-1-100x100.png",100,100,true],"variation_swatches_image_size":["https:\/\/varibox.best4u.dev\/wp-content\/uploads\/2022\/08\/Set-of-10-VARIBOX-CC-Safeline-extractor-tube-neck-seals-1-50x50.png",50,50,true],"variation_swatches_tooltip_size":["https:\/\/varibox.best4u.dev\/wp-content\/uploads\/2022\/08\/Set-of-10-VARIBOX-CC-Safeline-extractor-tube-neck-seals-1-100x100.png",100,100,true]},"post_excerpt_stackable_v2":"<p>Die VARIBOX CC Safeline Tauchrohr Halsdichtung sch\u00fctzt die VARIBOX vor Stoffen, die in den Au\u00dfenbeh\u00e4lter gelangen.<\/p>\n","category_list_v2":"","author_info_v2":{"name":"","url":""},"comments_num_v2":"0 comments","acf":[],"_links":{"self":[{"href":"https:\/\/varibox.best4u.dev\/de\/wp-json\/wp\/v2\/product\/2429","targetHints":{"allow":["GET"]}}],"collection":[{"href":"https:\/\/varibox.best4u.dev\/de\/wp-json\/wp\/v2\/product"}],"about":[{"href":"https:\/\/varibox.best4u.dev\/de\/wp-json\/wp\/v2\/types\/product"}],"replies":[{"embeddable":true,"href":"https:\/\/varibox.best4u.dev\/de\/wp-json\/wp\/v2\/comments?post=2429"}],"wp:featuredmedia":[{"embeddable":true,"href":"https:\/\/varibox.best4u.dev\/de\/wp-json\/wp\/v2\/media\/4595"}],"wp:attachment":[{"href":"https:\/\/varibox.best4u.dev\/de\/wp-json\/wp\/v2\/media?parent=2429"}],"wp:term":[{"taxonomy":"product_brand","embeddable":true,"href":"https:\/\/varibox.best4u.dev\/de\/wp-json\/wp\/v2\/product_brand?post=2429"},{"taxonomy":"product_cat","embeddable":true,"href":"https:\/\/varibox.best4u.dev\/de\/wp-json\/wp\/v2\/product_cat?post=2429"},{"taxonomy":"product_tag","embeddable":true,"href":"https:\/\/varibox.best4u.dev\/de\/wp-json\/wp\/v2\/product_tag?post=2429"}],"curies":[{"name":"wp","href":"https:\/\/api.w.org\/{rel}","templated":true}]}}