{"id":2421,"date":"2022-08-10T10:52:53","date_gmt":"2022-08-10T08:52:53","guid":{"rendered":"https:\/\/varibox.best4u.dev\/product\/varibox-cc-250-safeline-precision-viton-2\/"},"modified":"2024-01-09T10:23:58","modified_gmt":"2024-01-09T09:23:58","slug":"varibox-cc-250-safeline-precision-viton","status":"publish","type":"product","link":"https:\/\/varibox.best4u.dev\/de\/produkt\/varibox-cc-250-safeline-precision-viton\/","title":{"rendered":"VARIBOX CC 250 Safeline Precision Viton"},"content":{"rendered":"<p>Die VARIBOX CC 250 Safeline Precision Viton Tauchrohre werden aus Aflas, PE und Hastelloy hergestellt. Das Rohr hat eine neutrale Farbe und der Anschlusspunkt an der Oberseite ist gr\u00fcn. Die Tauchrohre sind Teil eines einfach zu bedienenden Systems, mit dem Ihr System \u00fcber eine Safeline Kupplung an die Varibox angeschlossen werden kann. Dadurch kann Ihr Produkt aus der VARIBOX gepumpt werden, ohne dass der IBC ge\u00f6ffnet werden muss. So wird sichergestellt, dass chemische Produkte und giftige D\u00e4mpfe nicht aus dem IBC entweichen k\u00f6nnen.<\/p>\n","protected":false},"excerpt":{"rendered":"<p>Das VARIBOX CC 250 Safeline Precision Viton Tauchrohr ist ein Rohr in der VARIBOX, das den tiefsten Punkt des Innenbeh\u00e4lters erreicht<\/p>\n","protected":false},"featured_media":1934,"comment_status":"closed","ping_status":"closed","template":"","meta":{"_acf_changed":false},"product_brand":[],"product_cat":[224,212],"product_tag":[],"class_list":{"0":"post-2421","1":"product","2":"type-product","3":"status-publish","4":"has-post-thumbnail","6":"product_cat-tauchrohres-varibox-cc-250","7":"product_cat-varibox-cc-250-de","8":"product_shipping_class-deventer-en","9":"pa_packaging-unit-1-de","11":"first","12":"instock","13":"taxable","14":"shipping-taxable","15":"purchasable","16":"product-type-simple"},"featured_image_urls_v2":{"full":["https:\/\/varibox.best4u.dev\/wp-content\/uploads\/2022\/08\/slpreva-2.png",600,400,false],"thumbnail":["https:\/\/varibox.best4u.dev\/wp-content\/uploads\/2022\/08\/slpreva-2-256x256.png",256,256,true],"medium":["https:\/\/varibox.best4u.dev\/wp-content\/uploads\/2022\/08\/slpreva-2-512x341.png",512,341,true],"medium_large":["https:\/\/varibox.best4u.dev\/wp-content\/uploads\/2022\/08\/slpreva-2.png",600,400,false],"large":["https:\/\/varibox.best4u.dev\/wp-content\/uploads\/2022\/08\/slpreva-2.png",600,400,false],"1536x1536":["https:\/\/varibox.best4u.dev\/wp-content\/uploads\/2022\/08\/slpreva-2.png",600,400,false],"2048x2048":["https:\/\/varibox.best4u.dev\/wp-content\/uploads\/2022\/08\/slpreva-2.png",600,400,false],"woocommerce_archive_thumbnail":["https:\/\/varibox.best4u.dev\/wp-content\/uploads\/2022\/08\/slpreva-2-270x180.png",270,180,true],"gform-image-choice-sm":["https:\/\/varibox.best4u.dev\/wp-content\/uploads\/2022\/08\/slpreva-2.png",300,200,false],"gform-image-choice-md":["https:\/\/varibox.best4u.dev\/wp-content\/uploads\/2022\/08\/slpreva-2.png",400,267,false],"gform-image-choice-lg":["https:\/\/varibox.best4u.dev\/wp-content\/uploads\/2022\/08\/slpreva-2.png",600,400,false],"woocommerce_thumbnail":["https:\/\/varibox.best4u.dev\/wp-content\/uploads\/2022\/08\/slpreva-2-270x180.png",270,180,true],"woocommerce_single":["https:\/\/varibox.best4u.dev\/wp-content\/uploads\/2022\/08\/slpreva-2.png",600,400,false],"woocommerce_gallery_thumbnail":["https:\/\/varibox.best4u.dev\/wp-content\/uploads\/2022\/08\/slpreva-2-100x100.png",100,100,true],"variation_swatches_image_size":["https:\/\/varibox.best4u.dev\/wp-content\/uploads\/2022\/08\/slpreva-2-50x50.png",50,50,true],"variation_swatches_tooltip_size":["https:\/\/varibox.best4u.dev\/wp-content\/uploads\/2022\/08\/slpreva-2-100x100.png",100,100,true]},"post_excerpt_stackable_v2":"<p>Das VARIBOX CC 250 Safeline Precision Viton Tauchrohr ist ein Rohr in der VARIBOX, das den tiefsten Punkt des Innenbeh\u00e4lters erreicht<\/p>\n","category_list_v2":"","author_info_v2":{"name":"","url":""},"comments_num_v2":"0 comments","acf":[],"_links":{"self":[{"href":"https:\/\/varibox.best4u.dev\/de\/wp-json\/wp\/v2\/product\/2421","targetHints":{"allow":["GET"]}}],"collection":[{"href":"https:\/\/varibox.best4u.dev\/de\/wp-json\/wp\/v2\/product"}],"about":[{"href":"https:\/\/varibox.best4u.dev\/de\/wp-json\/wp\/v2\/types\/product"}],"replies":[{"embeddable":true,"href":"https:\/\/varibox.best4u.dev\/de\/wp-json\/wp\/v2\/comments?post=2421"}],"wp:featuredmedia":[{"embeddable":true,"href":"https:\/\/varibox.best4u.dev\/de\/wp-json\/wp\/v2\/media\/1934"}],"wp:attachment":[{"href":"https:\/\/varibox.best4u.dev\/de\/wp-json\/wp\/v2\/media?parent=2421"}],"wp:term":[{"taxonomy":"product_brand","embeddable":true,"href":"https:\/\/varibox.best4u.dev\/de\/wp-json\/wp\/v2\/product_brand?post=2421"},{"taxonomy":"product_cat","embeddable":true,"href":"https:\/\/varibox.best4u.dev\/de\/wp-json\/wp\/v2\/product_cat?post=2421"},{"taxonomy":"product_tag","embeddable":true,"href":"https:\/\/varibox.best4u.dev\/de\/wp-json\/wp\/v2\/product_tag?post=2421"}],"curies":[{"name":"wp","href":"https:\/\/api.w.org\/{rel}","templated":true}]}}