{"id":2393,"date":"2022-08-10T10:52:53","date_gmt":"2022-08-10T08:52:53","guid":{"rendered":"https:\/\/varibox.best4u.dev\/product\/varibox-fc-800-ns4-tauchrohr-epdm\/"},"modified":"2024-01-09T10:23:59","modified_gmt":"2024-01-09T09:23:59","slug":"varibox-fc-800-ns4-tauchrohr-epdm","status":"publish","type":"product","link":"https:\/\/varibox.best4u.dev\/de\/produkt\/varibox-fc-800-ns4-tauchrohr-epdm\/","title":{"rendered":"VARIBOX FC 800 NS4 Tauchrohr EPDM"},"content":{"rendered":"<p>Die VARIBOX FC 800 NS4 Tauchrohre werden aus EPDM, PE, PP, TPV, Edelstahl 316 hergestellt. Die Verpackungseinheit ist 1, da sie handgefertigt sind. Sie sind speziell f\u00fcr die Feindosierung konzipiert. Die NS4 Tauchrohre sind ein Rohr im VARIBOX IBC, das bis zum tiefsten Punkt des Innenbeh\u00e4lters reicht. Am oberen Ende der NS4 Tauchrohre kann eine Kupplung angeschlossen werden. Das NS4 Tauchrohr ist eine Option f\u00fcr die VARIBOX, mit der das Produkt aus der VARIBOX gepumpt werden kann, ohne die VARIBOX zu \u00f6ffnen. Dies erm\u00f6glicht ein sicheres Arbeiten mit Chemikalien, da D\u00e4mpfe und Chemikalien nicht aus der VARIBOX austreten k\u00f6nnen. F\u00fcr bestimmte Dosiersysteme ist ein R\u00fccklaufanschluss erforderlich, der standardm\u00e4\u00dfig an der Oberseite der NS4 Tauchrohre angebracht ist.<\/p>\n","protected":false},"excerpt":{"rendered":"<p>Das VARIBOX FC 1000 NS4 Tauchrohr EPDM ist ein Rohr im VARIBOX IBC, das den tiefsten Punkt des Innenbeh\u00e4lters erreicht<\/p>\n","protected":false},"featured_media":3010,"comment_status":"closed","ping_status":"closed","template":"","meta":{"_acf_changed":false},"product_brand":[],"product_cat":[242,216],"product_tag":[],"class_list":{"0":"post-2393","1":"product","2":"type-product","3":"status-publish","4":"has-post-thumbnail","6":"product_cat-tauchrohres-varibox-fc-800","7":"product_cat-varibox-fc-800-de","8":"product_shipping_class-deventer-en","9":"pa_packaging-unit-1-de","11":"first","12":"instock","13":"taxable","14":"shipping-taxable","15":"purchasable","16":"product-type-simple"},"featured_image_urls_v2":{"full":["https:\/\/varibox.best4u.dev\/wp-content\/uploads\/2022\/08\/ns4ea.png",600,400,false],"thumbnail":["https:\/\/varibox.best4u.dev\/wp-content\/uploads\/2022\/08\/ns4ea-256x256.png",256,256,true],"medium":["https:\/\/varibox.best4u.dev\/wp-content\/uploads\/2022\/08\/ns4ea-512x341.png",512,341,true],"medium_large":["https:\/\/varibox.best4u.dev\/wp-content\/uploads\/2022\/08\/ns4ea.png",600,400,false],"large":["https:\/\/varibox.best4u.dev\/wp-content\/uploads\/2022\/08\/ns4ea.png",600,400,false],"1536x1536":["https:\/\/varibox.best4u.dev\/wp-content\/uploads\/2022\/08\/ns4ea.png",600,400,false],"2048x2048":["https:\/\/varibox.best4u.dev\/wp-content\/uploads\/2022\/08\/ns4ea.png",600,400,false],"woocommerce_archive_thumbnail":["https:\/\/varibox.best4u.dev\/wp-content\/uploads\/2022\/08\/ns4ea-270x180.png",270,180,true],"gform-image-choice-sm":["https:\/\/varibox.best4u.dev\/wp-content\/uploads\/2022\/08\/ns4ea.png",300,200,false],"gform-image-choice-md":["https:\/\/varibox.best4u.dev\/wp-content\/uploads\/2022\/08\/ns4ea.png",400,267,false],"gform-image-choice-lg":["https:\/\/varibox.best4u.dev\/wp-content\/uploads\/2022\/08\/ns4ea.png",600,400,false],"woocommerce_thumbnail":["https:\/\/varibox.best4u.dev\/wp-content\/uploads\/2022\/08\/ns4ea-270x180.png",270,180,true],"woocommerce_single":["https:\/\/varibox.best4u.dev\/wp-content\/uploads\/2022\/08\/ns4ea.png",600,400,false],"woocommerce_gallery_thumbnail":["https:\/\/varibox.best4u.dev\/wp-content\/uploads\/2022\/08\/ns4ea-100x100.png",100,100,true],"variation_swatches_image_size":["https:\/\/varibox.best4u.dev\/wp-content\/uploads\/2022\/08\/ns4ea-50x50.png",50,50,true],"variation_swatches_tooltip_size":["https:\/\/varibox.best4u.dev\/wp-content\/uploads\/2022\/08\/ns4ea-100x100.png",100,100,true]},"post_excerpt_stackable_v2":"<p>Das VARIBOX FC 1000 NS4 Tauchrohr EPDM ist ein Rohr im VARIBOX IBC, das den tiefsten Punkt des Innenbeh\u00e4lters erreicht<\/p>\n","category_list_v2":"","author_info_v2":{"name":"","url":""},"comments_num_v2":"0 comments","acf":[],"_links":{"self":[{"href":"https:\/\/varibox.best4u.dev\/de\/wp-json\/wp\/v2\/product\/2393","targetHints":{"allow":["GET"]}}],"collection":[{"href":"https:\/\/varibox.best4u.dev\/de\/wp-json\/wp\/v2\/product"}],"about":[{"href":"https:\/\/varibox.best4u.dev\/de\/wp-json\/wp\/v2\/types\/product"}],"replies":[{"embeddable":true,"href":"https:\/\/varibox.best4u.dev\/de\/wp-json\/wp\/v2\/comments?post=2393"}],"wp:featuredmedia":[{"embeddable":true,"href":"https:\/\/varibox.best4u.dev\/de\/wp-json\/wp\/v2\/media\/3010"}],"wp:attachment":[{"href":"https:\/\/varibox.best4u.dev\/de\/wp-json\/wp\/v2\/media?parent=2393"}],"wp:term":[{"taxonomy":"product_brand","embeddable":true,"href":"https:\/\/varibox.best4u.dev\/de\/wp-json\/wp\/v2\/product_brand?post=2393"},{"taxonomy":"product_cat","embeddable":true,"href":"https:\/\/varibox.best4u.dev\/de\/wp-json\/wp\/v2\/product_cat?post=2393"},{"taxonomy":"product_tag","embeddable":true,"href":"https:\/\/varibox.best4u.dev\/de\/wp-json\/wp\/v2\/product_tag?post=2393"}],"curies":[{"name":"wp","href":"https:\/\/api.w.org\/{rel}","templated":true}]}}