{"id":2385,"date":"2022-08-10T10:52:38","date_gmt":"2022-08-10T08:52:38","guid":{"rendered":"https:\/\/varibox.best4u.dev\/product\/varibox-entluefter-2\/"},"modified":"2024-03-21T12:14:53","modified_gmt":"2024-03-21T11:14:53","slug":"varibox-entluefter-2","status":"publish","type":"product","link":"https:\/\/varibox.best4u.dev\/de\/produkt\/varibox-entluefter-2\/","title":{"rendered":"Satz von 100 VARIBOX Entl\u00fcfters"},"content":{"rendered":"<p>Der Entl\u00fcfter VARIBOX ist aus PTFE, PP und PE gefertigt, die Farbe ist wei\u00df. Die VARIBOX ist serienm\u00e4\u00dfig mit einem Bel\u00fcfter und einer \u00dcberdruckentl\u00fcftung ausgestattet. Der VARIBOX-Entl\u00fcfter ist eine Membran im Schraubdeckel der VARIBOX-IBCs. Diese Membrane l\u00e4sst Gas, aber keine Fl\u00fcssigkeit hindurch. Damit gleicht die Druckentlastungs\u00f6ffnung den \u00dcberdruck in den VARIBOX-Beh\u00e4ltern aus. Tritt in der VARIBOX ein \u00dcberdruck auf, entweicht der Dampf nach und nach durch die Druckentlastungs\u00f6ffnung, bis kein \u00dcberdruck mehr vorhanden ist. Tritt Unterdruck auf, z. B. durch Abk\u00fchlung des Dampfes in einer VARIBOX, kann durch die Druckentlastungs\u00f6ffnung allm\u00e4hlich Luft einstr\u00f6men.<\/p>\n","protected":false},"excerpt":{"rendered":"<p>Der VARIBOX-Entl\u00fcfter ist eine Membran im Schraubdeckel der VARIBOX-IBCs.<\/p>\n","protected":false},"featured_media":1748,"comment_status":"closed","ping_status":"closed","template":"","meta":{"_acf_changed":false},"product_brand":[],"product_cat":[212,218,216,220,236,250],"product_tag":[198],"class_list":{"0":"post-2385","1":"product","2":"type-product","3":"status-publish","4":"has-post-thumbnail","6":"product_cat-varibox-cc-250-de","7":"product_cat-varibox-fc-1000-de","8":"product_cat-varibox-fc-800-de","9":"product_cat-zubehor-varibox-cc-250","10":"product_cat-zubehor-varibox-fc-800","11":"product_cat-zubehor","12":"product_tag-ecolab-de","13":"product_shipping_class-deventer-en","14":"pa_packaging-unit-100-de","16":"first","17":"instock","18":"taxable","19":"shipping-taxable","20":"purchasable","21":"product-type-simple"},"featured_image_urls_v2":{"full":["https:\/\/varibox.best4u.dev\/wp-content\/uploads\/2022\/08\/D38a.png",600,400,false],"thumbnail":["https:\/\/varibox.best4u.dev\/wp-content\/uploads\/2022\/08\/D38a-256x256.png",256,256,true],"medium":["https:\/\/varibox.best4u.dev\/wp-content\/uploads\/2022\/08\/D38a-512x341.png",512,341,true],"medium_large":["https:\/\/varibox.best4u.dev\/wp-content\/uploads\/2022\/08\/D38a.png",600,400,false],"large":["https:\/\/varibox.best4u.dev\/wp-content\/uploads\/2022\/08\/D38a.png",600,400,false],"1536x1536":["https:\/\/varibox.best4u.dev\/wp-content\/uploads\/2022\/08\/D38a.png",600,400,false],"2048x2048":["https:\/\/varibox.best4u.dev\/wp-content\/uploads\/2022\/08\/D38a.png",600,400,false],"woocommerce_archive_thumbnail":["https:\/\/varibox.best4u.dev\/wp-content\/uploads\/2022\/08\/D38a-270x180.png",270,180,true],"gform-image-choice-sm":["https:\/\/varibox.best4u.dev\/wp-content\/uploads\/2022\/08\/D38a.png",300,200,false],"gform-image-choice-md":["https:\/\/varibox.best4u.dev\/wp-content\/uploads\/2022\/08\/D38a.png",400,267,false],"gform-image-choice-lg":["https:\/\/varibox.best4u.dev\/wp-content\/uploads\/2022\/08\/D38a.png",600,400,false],"woocommerce_thumbnail":["https:\/\/varibox.best4u.dev\/wp-content\/uploads\/2022\/08\/D38a-270x180.png",270,180,true],"woocommerce_single":["https:\/\/varibox.best4u.dev\/wp-content\/uploads\/2022\/08\/D38a.png",600,400,false],"woocommerce_gallery_thumbnail":["https:\/\/varibox.best4u.dev\/wp-content\/uploads\/2022\/08\/D38a-100x100.png",100,100,true],"variation_swatches_image_size":["https:\/\/varibox.best4u.dev\/wp-content\/uploads\/2022\/08\/D38a-50x50.png",50,50,true],"variation_swatches_tooltip_size":["https:\/\/varibox.best4u.dev\/wp-content\/uploads\/2022\/08\/D38a-100x100.png",100,100,true]},"post_excerpt_stackable_v2":"<p>Der VARIBOX-Entl\u00fcfter ist eine Membran im Schraubdeckel der VARIBOX-IBCs.<\/p>\n","category_list_v2":"","author_info_v2":{"name":"","url":""},"comments_num_v2":"0 comments","acf":[],"_links":{"self":[{"href":"https:\/\/varibox.best4u.dev\/de\/wp-json\/wp\/v2\/product\/2385","targetHints":{"allow":["GET"]}}],"collection":[{"href":"https:\/\/varibox.best4u.dev\/de\/wp-json\/wp\/v2\/product"}],"about":[{"href":"https:\/\/varibox.best4u.dev\/de\/wp-json\/wp\/v2\/types\/product"}],"replies":[{"embeddable":true,"href":"https:\/\/varibox.best4u.dev\/de\/wp-json\/wp\/v2\/comments?post=2385"}],"wp:featuredmedia":[{"embeddable":true,"href":"https:\/\/varibox.best4u.dev\/de\/wp-json\/wp\/v2\/media\/1748"}],"wp:attachment":[{"href":"https:\/\/varibox.best4u.dev\/de\/wp-json\/wp\/v2\/media?parent=2385"}],"wp:term":[{"taxonomy":"product_brand","embeddable":true,"href":"https:\/\/varibox.best4u.dev\/de\/wp-json\/wp\/v2\/product_brand?post=2385"},{"taxonomy":"product_cat","embeddable":true,"href":"https:\/\/varibox.best4u.dev\/de\/wp-json\/wp\/v2\/product_cat?post=2385"},{"taxonomy":"product_tag","embeddable":true,"href":"https:\/\/varibox.best4u.dev\/de\/wp-json\/wp\/v2\/product_tag?post=2385"}],"curies":[{"name":"wp","href":"https:\/\/api.w.org\/{rel}","templated":true}]}}