{"id":2375,"date":"2022-08-10T10:52:38","date_gmt":"2022-08-10T08:52:38","guid":{"rendered":"https:\/\/varibox.best4u.dev\/product\/kupplung-ns4-koerper-%c2%bc-viton-2\/"},"modified":"2024-01-09T10:24:01","modified_gmt":"2024-01-09T09:24:01","slug":"kupplung-ns4-koerper-%c2%bc-viton-2","status":"publish","type":"product","link":"https:\/\/varibox.best4u.dev\/de\/produkt\/kupplung-ns4-koerper-%c2%bc-viton-2\/","title":{"rendered":"Kupplung NS4 K\u00f6rper \u00bc Viton"},"content":{"rendered":"<p>Der Kupplung NS4 K\u00f6rper \u00bc Viton wird aus VITON, PP, TPV und Hastelloy hergestellt. Die Kupplung stellt eine fl\u00fcssigkeitsdichte Verbindung mit dem VARIBOX NS4 Tauchrohr her. Gleichzeitig werden die NS4 Tauchrohre und die NS4 Kupplung ge\u00f6ffnet, Fl\u00fcssigkeit kann nun frei flie\u00dfen. D\u00e4mpfe und chemische Produkte k\u00f6nnen in diesem geschlossenen System nicht entweichen.<\/p>\n","protected":false},"excerpt":{"rendered":"<p>Der Kupplung NS4 K\u00f6rper \u00bc Viton stellt eine fl\u00fcssigkeitsdichte Verbindung mit dem VARIBOX NS4 Tauchrohr her. Gleichzeitig werden die NS4 Tauchrohre und die NS4 Kupplung ge\u00f6ffnet, Fl\u00fcssigkeit kann nun frei flie\u00dfen. D\u00e4mpfe und chemische Produkte k\u00f6nnen in diesem geschlossenen System nicht entweichen.<\/p>\n","protected":false},"featured_media":1728,"comment_status":"closed","ping_status":"closed","template":"","meta":{"_acf_changed":false},"product_brand":[],"product_cat":[240,254,218,216],"product_tag":[],"class_list":{"0":"post-2375","1":"product","2":"type-product","3":"status-publish","4":"has-post-thumbnail","6":"product_cat-kupplungen-varibox-fc-800","7":"product_cat-kupplungen-varibox-fc-1000","8":"product_cat-varibox-fc-1000-de","9":"product_cat-varibox-fc-800-de","10":"product_shipping_class-deventer-en","11":"pa_packaging-unit-1-de","13":"first","14":"instock","15":"taxable","16":"shipping-taxable","17":"purchasable","18":"product-type-simple"},"featured_image_urls_v2":{"full":["https:\/\/varibox.best4u.dev\/wp-content\/uploads\/2022\/08\/ns4vf.png",600,400,false],"thumbnail":["https:\/\/varibox.best4u.dev\/wp-content\/uploads\/2022\/08\/ns4vf-256x256.png",256,256,true],"medium":["https:\/\/varibox.best4u.dev\/wp-content\/uploads\/2022\/08\/ns4vf-512x341.png",512,341,true],"medium_large":["https:\/\/varibox.best4u.dev\/wp-content\/uploads\/2022\/08\/ns4vf.png",600,400,false],"large":["https:\/\/varibox.best4u.dev\/wp-content\/uploads\/2022\/08\/ns4vf.png",600,400,false],"1536x1536":["https:\/\/varibox.best4u.dev\/wp-content\/uploads\/2022\/08\/ns4vf.png",600,400,false],"2048x2048":["https:\/\/varibox.best4u.dev\/wp-content\/uploads\/2022\/08\/ns4vf.png",600,400,false],"woocommerce_archive_thumbnail":["https:\/\/varibox.best4u.dev\/wp-content\/uploads\/2022\/08\/ns4vf-270x180.png",270,180,true],"gform-image-choice-sm":["https:\/\/varibox.best4u.dev\/wp-content\/uploads\/2022\/08\/ns4vf.png",300,200,false],"gform-image-choice-md":["https:\/\/varibox.best4u.dev\/wp-content\/uploads\/2022\/08\/ns4vf.png",400,267,false],"gform-image-choice-lg":["https:\/\/varibox.best4u.dev\/wp-content\/uploads\/2022\/08\/ns4vf.png",600,400,false],"woocommerce_thumbnail":["https:\/\/varibox.best4u.dev\/wp-content\/uploads\/2022\/08\/ns4vf-270x180.png",270,180,true],"woocommerce_single":["https:\/\/varibox.best4u.dev\/wp-content\/uploads\/2022\/08\/ns4vf.png",600,400,false],"woocommerce_gallery_thumbnail":["https:\/\/varibox.best4u.dev\/wp-content\/uploads\/2022\/08\/ns4vf-100x100.png",100,100,true],"variation_swatches_image_size":["https:\/\/varibox.best4u.dev\/wp-content\/uploads\/2022\/08\/ns4vf-50x50.png",50,50,true],"variation_swatches_tooltip_size":["https:\/\/varibox.best4u.dev\/wp-content\/uploads\/2022\/08\/ns4vf-100x100.png",100,100,true]},"post_excerpt_stackable_v2":"<p>Der Kupplung NS4 K\u00f6rper \u00bc Viton stellt eine fl\u00fcssigkeitsdichte Verbindung mit dem VARIBOX NS4 Tauchrohr her. Gleichzeitig werden die NS4 Tauchrohre und die NS4 Kupplung ge\u00f6ffnet, Fl\u00fcssigkeit kann nun frei flie\u00dfen. D\u00e4mpfe und chemische Produkte k\u00f6nnen in diesem geschlossenen System nicht entweichen.<\/p>\n","category_list_v2":"","author_info_v2":{"name":"","url":""},"comments_num_v2":"0 comments","acf":[],"_links":{"self":[{"href":"https:\/\/varibox.best4u.dev\/de\/wp-json\/wp\/v2\/product\/2375","targetHints":{"allow":["GET"]}}],"collection":[{"href":"https:\/\/varibox.best4u.dev\/de\/wp-json\/wp\/v2\/product"}],"about":[{"href":"https:\/\/varibox.best4u.dev\/de\/wp-json\/wp\/v2\/types\/product"}],"replies":[{"embeddable":true,"href":"https:\/\/varibox.best4u.dev\/de\/wp-json\/wp\/v2\/comments?post=2375"}],"wp:featuredmedia":[{"embeddable":true,"href":"https:\/\/varibox.best4u.dev\/de\/wp-json\/wp\/v2\/media\/1728"}],"wp:attachment":[{"href":"https:\/\/varibox.best4u.dev\/de\/wp-json\/wp\/v2\/media?parent=2375"}],"wp:term":[{"taxonomy":"product_brand","embeddable":true,"href":"https:\/\/varibox.best4u.dev\/de\/wp-json\/wp\/v2\/product_brand?post=2375"},{"taxonomy":"product_cat","embeddable":true,"href":"https:\/\/varibox.best4u.dev\/de\/wp-json\/wp\/v2\/product_cat?post=2375"},{"taxonomy":"product_tag","embeddable":true,"href":"https:\/\/varibox.best4u.dev\/de\/wp-json\/wp\/v2\/product_tag?post=2375"}],"curies":[{"name":"wp","href":"https:\/\/api.w.org\/{rel}","templated":true}]}}