{"id":68424,"date":"2025-06-25T09:08:42","date_gmt":"2025-06-25T07:08:42","guid":{"rendered":"https:\/\/varibox.best4u.dev\/?page_id=68424"},"modified":"2025-07-09T10:38:25","modified_gmt":"2025-07-09T08:38:25","slug":"garantiebedingungen","status":"publish","type":"page","link":"https:\/\/varibox.best4u.dev\/de\/garantiebedingungen\/","title":{"rendered":"Garantiebedingungen"},"content":{"rendered":"<div class=\"gb-container gb-container-f136fbdf\"><div class=\"gb-inside-container\">\n\n<h1 class=\"wp-block-heading\">Garantiebedingungen<\/h1>\n\n\n\n<div class=\"wp-block-pb-accordion-item c-accordion__item js-accordion-item no-js\" data-initially-open=\"false\" data-click-to-close=\"true\" data-auto-close=\"true\" data-scroll=\"false\" data-scroll-offset=\"0\"><h2 id=\"at-684240\" class=\"c-accordion__title js-accordion-controller\" role=\"button\">Wie lauten die Garantiebedingungen f\u00fcr Eink\u00e4ufe im VARIBOX-Webshop?<\/h2><div id=\"ac-684240\" class=\"c-accordion__content\">\n<p>F\u00fcr alle Eink\u00e4ufe im VARIBOX-Webshop gelten die allgemeinen Gesch\u00e4ftsbedingungen von Rotovia Deventer bv und Rotovia Montoir SAS.<\/p>\n<\/div><\/div>\n\n\n\n<div class=\"wp-block-pb-accordion-item c-accordion__item js-accordion-item no-js\" data-initially-open=\"false\" data-click-to-close=\"true\" data-auto-close=\"true\" data-scroll=\"false\" data-scroll-offset=\"0\"><h2 id=\"at-684241\" class=\"c-accordion__title js-accordion-controller\" role=\"button\">Gibt es weitere Faktoren, die ich im Hinblick auf die Lebensdauer des Produkts ber\u00fccksichtigen sollte?<\/h2><div id=\"ac-684241\" class=\"c-accordion__content\">\n<p>Einige Teile kommen w\u00e4hrend des Gebrauchs mit chemischen Produkten in Kontakt. Dies kann eine korrosive oder quellende oder andere negative Wirkung haben, die die Teile beeintr\u00e4chtigt und die Lebensdauer der Teile k\u00fcrzer als 5 Jahre macht.<\/p>\n<\/div><\/div>\n\n\n\n<div class=\"wp-block-pb-accordion-item c-accordion__item js-accordion-item no-js\" data-initially-open=\"false\" data-click-to-close=\"true\" data-auto-close=\"true\" data-scroll=\"false\" data-scroll-offset=\"0\"><h2 id=\"at-684242\" class=\"c-accordion__title js-accordion-controller\" role=\"button\">Wo kann ich Fragen zu den Produkten stellen?<\/h2><div id=\"ac-684242\" class=\"c-accordion__content\">\n<p>Weitere Informationen zur Verwendung der Komponenten finden Sie auf der VARIBOX-Website unter Support. Dar\u00fcber hinaus k\u00f6nnen Sie jederzeit Fragen stellen, indem Sie das Formular auf der Kontaktseite ausf\u00fcllen.<\/p>\n<\/div><\/div>\n\n\n\n<div class=\"wp-block-pb-accordion-item c-accordion__item js-accordion-item no-js\" data-initially-open=\"false\" data-click-to-close=\"true\" data-auto-close=\"true\" data-scroll=\"false\" data-scroll-offset=\"0\"><h2 id=\"at-684243\" class=\"c-accordion__title js-accordion-controller\" role=\"button\">Ich habe Ersatzteile falsch montiert oder verwendet?<\/h2><div id=\"ac-684243\" class=\"c-accordion__content\">\n<p>Rotovia Deventer bv mit ihrer Marke VARIBOX haftet nicht f\u00fcr die falsche Verwendung oder den falschen Einbau von Ersatzteilen. F\u00fcr zus\u00e4tzliche Sch\u00e4den oder Probleme ist ausschlie\u00dflich der K\u00e4ufer verantwortlich. F\u00fcr eine Beratung oder im Zweifelsfall wenden Sie sich bitte immer an den Kundendienst.<\/p>\n<\/div><\/div>\n\n<\/div><\/div>\n\n\n<h2 class=\"wp-block-heading\">Garantie f\u00fcr VARIBOX-Komponenten<\/h2>\n\n\n\n<p>Die VARIBOX hat eine Lebensdauer von 10 Jahren. Der Innenbeh\u00e4lter muss nach 5 Jahren ausgetauscht werden, um den ADR-Vorschriften zu entsprechen (bei einigen Anwendungen nach 2 Jahren, siehe Seite 8). Alle von der VARIBOX angebotenen (optionalen) Komponenten fallen unter die VARIBOX-Komponenten-Garantie.<\/p>\n\n\n\n<h4 class=\"wp-block-heading\">Garantie und Haltbarkeitsdauer<\/h4>\n\n\n\n<p>Wir sind uns bewusst, dass die Gew\u00e4hrung einer uneingeschr\u00e4nkten Haltbarkeit und Garantie f\u00fcr unsere VARIBOX-Komponenten aufgrund zahlreicher Faktoren, die sich unserer Kontrolle entziehen, schwierig ist. Zu diesen Faktoren geh\u00f6ren unter anderem die Handhabung, der Transport, die Bef\u00fcllung, die Lagerung und die Verwendung der VARIBOX. Dar\u00fcber hinaus k\u00f6nnen die Akzeptanzkriterien und Wahrnehmungen von Herstellern, Abf\u00fcllern und Anwendern sehr unterschiedlich sein. Auch die Art des F\u00fcllprodukts kann die Lebensdauer der VARIBOX-Komponenten erheblich beeinflussen.<\/p>\n\n\n\n<h4 class=\"wp-block-heading\">Haltbarkeitsdauer der VARIBOX-Komponenten<\/h4>\n\n\n\n<p>&#8211; VARIBOX Safeline Performance Entnahme Tauchrohr<br>&#8211; VARIBOX Safeline Precision Entnahme Tauchrohr<br>&#8211; VARIBOX Safeline Lebensmittel Entnahme Tauchrohr<br>&#8211; VARIBOX Safeline Gegenkupplungen<br>&#8211; NS4 Entnahme Tauchrohr<br>&#8211; CDS Entnahme Tauchrohr<br>&#8211; \u00dcberdruckentl\u00fcftungen<br>&#8211; VARIBOX Schraubverschl\u00fcsse<br>&#8211; F\u00fcllstandssensoren<br>&#8211; Gegenstecker<\/p>\n\n\n\n<p>Unter der Voraussetzung, dass unsere Produkte verantwortungsvoll transportiert, gelagert, angewendet und gehandhabt werden, sch\u00e4tzen wir, dass sie f\u00fcr ihre vorgesehene Verwendung mindestens f\u00fcr die folgenden Zeitr\u00e4ume geeignet bleiben:<\/p>\n\n\n\n<p>Die Haltbarkeit von VARIBOX-Komponenten vor der Anwendung betr\u00e4gt bis zu 24 Monate.<\/p>\n\n\n\n<p>Die Haltbarkeitsdauer von VARIBOX-Komponenten, die in\/an einer VARIBOX eingebaut sind, betr\u00e4gt bis zu 12 Monate.<\/p>\n\n\n\n<p>Die Haltbarkeitsdauer vor der Anwendung setzt voraus, dass die Komponenten in ihrer Originalverpackung an einem trockenen Ort ohne extreme Temperaturschwankungen gelagert werden. In der Praxis kann die Haltbarkeitsdauer die angegebene Dauer \u00fcberschreiten. Tropische (feuchte) Lagerbedingungen k\u00f6nnen jedoch zu einer k\u00fcrzeren Haltbarkeit der Komponenten f\u00fchren.<\/p>\n\n\n\n<p>Die Haltbarkeit der VARIBOX-Komponenten h\u00e4ngt von der Produktauswahl ab. Unter typischen Bedingungen kann sie 12 Monate \u00fcberschreiten. Unsachgem\u00e4\u00dfe Handhabung, die Einwirkung stark korrosiver Substanzen oder raue Umgebungen wie tropische Bedingungen k\u00f6nnen die Haltbarkeit jedoch erheblich verk\u00fcrzen.<\/p>\n\n\n\n<p>Sch\u00e4den entstehen durch Abnutzung und Verschlei\u00df, einschlie\u00dflich chemischer Zersetzung, unsachgem\u00e4\u00dfe Verwendung, Missbrauch, Ver\u00e4nderungen an den Komponenten oder nicht autorisierte Reparaturen.<\/p>\n","protected":false},"excerpt":{"rendered":"<p>Garantiebedingungen Garantie f\u00fcr VARIBOX-Komponenten Die VARIBOX hat eine Lebensdauer von 10 Jahren. Der Innenbeh\u00e4lter muss nach 5 Jahren ausgetauscht werden, um den ADR-Vorschriften zu entsprechen (bei einigen Anwendungen nach 2 Jahren, siehe Seite 8). Alle von der VARIBOX angebotenen (optionalen) Komponenten fallen unter die VARIBOX-Komponenten-Garantie. Garantie und Haltbarkeitsdauer Wir sind uns bewusst, dass die Gew\u00e4hrung [&hellip;]<\/p>\n","protected":false},"author":1,"featured_media":0,"parent":0,"menu_order":0,"comment_status":"closed","ping_status":"closed","template":"","meta":{"_acf_changed":false,"footnotes":""},"class_list":["post-68424","page","type-page","status-publish","hentry"],"blocksy_meta":[],"featured_image_urls_v2":{"full":"","thumbnail":"","medium":"","medium_large":"","large":"","1536x1536":"","2048x2048":"","woocommerce_archive_thumbnail":"","gform-image-choice-sm":"","gform-image-choice-md":"","gform-image-choice-lg":"","woocommerce_thumbnail":"","woocommerce_single":"","woocommerce_gallery_thumbnail":"","variation_swatches_image_size":"","variation_swatches_tooltip_size":""},"post_excerpt_stackable_v2":"<p>Garantiebedingungen Wie lauten die Garantiebedingungen f\u00fcr Eink\u00e4ufe im VARIBOX-Webshop? F\u00fcr alle Eink\u00e4ufe im VARIBOX-Webshop gelten die allgemeinen Gesch\u00e4ftsbedingungen von Rotovia Deventer bv und Rotovia Montoir SAS. Gibt es weitere Faktoren, die ich im Hinblick auf die Lebensdauer des Produkts ber\u00fccksichtigen sollte? Einige Teile kommen w\u00e4hrend des Gebrauchs mit chemischen Produkten in Kontakt. Dies kann eine korrosive oder quellende oder andere negative Wirkung haben, die die Teile beeintr\u00e4chtigt und die Lebensdauer der Teile k\u00fcrzer als 5 Jahre macht. Wo kann ich Fragen zu den Produkten stellen? Weitere Informationen zur Verwendung der Komponenten finden Sie auf der VARIBOX-Website unter Support. Dar\u00fcber hinaus&hellip;<\/p>\n","category_list_v2":"","author_info_v2":{"name":"Best4u","url":"https:\/\/varibox.best4u.dev\/de\/author\/best4u\/"},"comments_num_v2":"0 comments","acf":[],"_links":{"self":[{"href":"https:\/\/varibox.best4u.dev\/de\/wp-json\/wp\/v2\/pages\/68424","targetHints":{"allow":["GET"]}}],"collection":[{"href":"https:\/\/varibox.best4u.dev\/de\/wp-json\/wp\/v2\/pages"}],"about":[{"href":"https:\/\/varibox.best4u.dev\/de\/wp-json\/wp\/v2\/types\/page"}],"author":[{"embeddable":true,"href":"https:\/\/varibox.best4u.dev\/de\/wp-json\/wp\/v2\/users\/1"}],"replies":[{"embeddable":true,"href":"https:\/\/varibox.best4u.dev\/de\/wp-json\/wp\/v2\/comments?post=68424"}],"version-history":[{"count":1,"href":"https:\/\/varibox.best4u.dev\/de\/wp-json\/wp\/v2\/pages\/68424\/revisions"}],"predecessor-version":[{"id":68425,"href":"https:\/\/varibox.best4u.dev\/de\/wp-json\/wp\/v2\/pages\/68424\/revisions\/68425"}],"wp:attachment":[{"href":"https:\/\/varibox.best4u.dev\/de\/wp-json\/wp\/v2\/media?parent=68424"}],"curies":[{"name":"wp","href":"https:\/\/api.w.org\/{rel}","templated":true}]}}