{"id":68402,"date":"2025-06-25T09:10:10","date_gmt":"2025-06-25T07:10:10","guid":{"rendered":"https:\/\/varibox.best4u.dev\/?page_id=68402"},"modified":"2025-10-01T14:53:03","modified_gmt":"2025-10-01T12:53:03","slug":"rueckkehrbedingungen","status":"publish","type":"page","link":"https:\/\/varibox.best4u.dev\/de\/rueckkehrbedingungen\/","title":{"rendered":"R\u00fcckkehrbedingungen"},"content":{"rendered":"<div class=\"gb-container gb-container-f136fbdf\"><div class=\"gb-inside-container\">\n\n<h1 class=\"wp-block-heading\">R\u00fcckkehrbedingungen<\/h1>\n\n\n\n<p>Dies sind die offiziellen R\u00fcckgabebedingungen von <strong>Rotovia Deventer B.V.<\/strong> und <strong>Rotovia Montoir SAS<\/strong>. Sie gelten f\u00fcr alle <strong>Bestellungen, die \u00fcber unseren Webshop get\u00e4tigt werden<\/strong>, um Transparenz und Klarheit f\u00fcr unsere Kunden zu gew\u00e4hrleisten.<\/p>\n\n\n\n<p><em>Diese R\u00fcckgabebedingungen gelten nicht f\u00fcr Business-to-Business (B2B) Vertr\u00e4ge, die au\u00dferhalb des Webshops abgeschlossen werden.<\/em><\/p>\n\n\n\n<hr class=\"wp-block-separator has-alpha-channel-opacity\"\/>\n\n\n\n<p><strong>G\u00fcltigkeit<\/strong><br>Diese R\u00fcckgabebedingungen gelten f\u00fcr Kunden aus folgenden L\u00e4ndern: \u00d6sterreich, Belgien, Schweiz, Tschechische Republik, Deutschland, D\u00e4nemark, Spanien, Finnland, Frankreich, Vereinigtes K\u00f6nigreich, Ungarn, Irland, Italien, Niederlande, Norwegen, Polen, Portugal, Rum\u00e4nien und Schweden.<\/p>\n\n\n\n<hr class=\"wp-block-separator has-alpha-channel-opacity\"\/>\n\n\n\n<h3 class=\"wp-block-heading\">R\u00fcckgaben<\/h3>\n\n\n\n<p>Ja, wir akzeptieren R\u00fcckgaben sowohl von defekten als auch von nicht defekten Produkten.<\/p>\n\n\n\n<ul class=\"wp-block-list\">\n<li><strong>R\u00fcckgabefrist:<\/strong> innerhalb von <strong>30 Tagen nach Erhalt<\/strong>.<\/li>\n\n\n\n<li><strong>Produktzustand:<\/strong> es sind nur <strong>neue und unbenutzte Produkte<\/strong> in der <strong>Originalverpackung<\/strong> r\u00fcckgabef\u00e4hig.<\/li>\n\n\n\n<li><strong>Ausnahmen:<\/strong> kundenspezifische Produkte und Hygieneartikel sind vom R\u00fcckgaberecht ausgeschlossen.<\/li>\n<\/ul>\n\n\n\n<hr class=\"wp-block-separator has-alpha-channel-opacity\"\/>\n\n\n\n<h3 class=\"wp-block-heading\">Was muss ich tun, um meine Produkte zur\u00fcckzugeben?<\/h3>\n\n\n\n<ol class=\"wp-block-list\">\n<li>Ersatzteile m\u00fcssen <strong>unbenutzt<\/strong> sein.<\/li>\n\n\n\n<li>Melden Sie die R\u00fcckgabe \u00fcber das <strong>Online-R\u00fccksendeformular<\/strong> auf unserer R\u00fcckgabeseite an.<\/li>\n\n\n\n<li>Verpacken Sie die Produkte sorgf\u00e4ltig in der <strong>Originalverpackung<\/strong>.<\/li>\n\n\n\n<li>Senden Sie das Paket an unseren Standort zur\u00fcck.<\/li>\n<\/ol>\n\n\n\n<hr class=\"wp-block-separator has-alpha-channel-opacity\"\/>\n\n\n\n<h3 class=\"wp-block-heading\">Kann ich den Status meiner R\u00fccksendung einsehen?<\/h3>\n\n\n\n<p>Derzeit ist es <strong>nicht m\u00f6glich, den Status Ihrer R\u00fccksendung online einzusehen<\/strong>.<br>M\u00f6chten Sie den Status erfahren? Bitte kontaktieren Sie uns \u00fcber das Formular auf unserer <strong>Kontaktseite<\/strong>. Unser Kundenservice wird Ihnen so schnell wie m\u00f6glich helfen.<\/p>\n\n\n\n<hr class=\"wp-block-separator has-alpha-channel-opacity\"\/>\n\n\n\n<h3 class=\"wp-block-heading\">Ist es m\u00f6glich, dass meine R\u00fccksendung abgeholt wird?<\/h3>\n\n\n\n<p><strong>Nein, das ist leider nicht m\u00f6glich.<\/strong><br>Der Kunde ist daf\u00fcr verantwortlich, die zur\u00fcckgesendeten Produkte an unseren Standort zu versenden.<\/p>\n\n\n\n<hr class=\"wp-block-separator has-alpha-channel-opacity\"\/>\n\n\n\n<h3 class=\"wp-block-heading\">Ich m\u00f6chte meine R\u00fccksendung \u00e4ndern \u2013 was soll ich tun?<\/h3>\n\n\n\n<p>Nachdem Sie Ihre R\u00fcckgabe \u00fcber das Online-Formular registriert haben, sind \u00c4nderungen nur durch Kontaktaufnahme mit unserem <strong>Kundenservice<\/strong> m\u00f6glich.<br>Dies k\u00f6nnen Sie \u00fcber das Formular auf der <strong>Kontaktseite<\/strong> tun.<\/p>\n\n\n\n<hr class=\"wp-block-separator has-alpha-channel-opacity\"\/>\n\n\n\n<h3 class=\"wp-block-heading\">Ich habe ein besch\u00e4digtes oder defektes Produkt erhalten \u2013 was soll ich tun?<\/h3>\n\n\n\n<p>Wenn Sie ein besch\u00e4digtes oder defektes Produkt erhalten, f\u00fcllen Sie bitte das <strong>Reklamationsformular<\/strong> aus, um es zu melden.<br>Unser Kundenservice wird sich so schnell wie m\u00f6glich mit Ihnen in Verbindung setzen, um das Problem zu l\u00f6sen.<\/p>\n\n\n\n<hr class=\"wp-block-separator has-alpha-channel-opacity\"\/>\n\n\n\n<h3 class=\"wp-block-heading\">R\u00fcckgabeprozess<\/h3>\n\n\n\n<ul class=\"wp-block-list\">\n<li><strong>Methode:<\/strong> R\u00fcckgaben sind ausschlie\u00dflich <strong>per Post<\/strong> m\u00f6glich.<\/li>\n\n\n\n<li><strong>R\u00fccksendeetikett\/Kosten:<\/strong> die Kosten f\u00fcr den R\u00fcckversand tr\u00e4gt der Kunde.<\/li>\n\n\n\n<li><strong>Wiedereinlagerungsgeb\u00fchr:<\/strong> <strong>es fallen keine Geb\u00fchren an<\/strong>.<\/li>\n<\/ul>\n\n\n\n<hr class=\"wp-block-separator has-alpha-channel-opacity\"\/>\n\n\n\n<h3 class=\"wp-block-heading\">R\u00fcckerstattung<\/h3>\n\n\n\n<p>Wir bearbeiten R\u00fcckerstattungen innerhalb von <strong>30 Tagen<\/strong> nach Erhalt und Pr\u00fcfung der zur\u00fcckgesandten Produkte.<br>Die R\u00fcckerstattung erfolgt \u00fcber die gleiche Zahlungsmethode, die bei der Bestellung verwendet wurde.<\/p>\n\n\n\n<hr class=\"wp-block-separator has-alpha-channel-opacity\"\/>\n\n\n\n<h3 class=\"wp-block-heading\">Umtausch<\/h3>\n\n\n\n<p>Ja, wir akzeptieren Umtausch. Bitte kontaktieren Sie uns innerhalb von 30 Tagen, um einen Umtausch zu vereinbaren.<\/p>\n\n\n\n<hr class=\"wp-block-separator has-alpha-channel-opacity\"\/>\n\n\n\n<h3 class=\"wp-block-heading\">Kontakt<\/h3>\n\n\n\n<p>\ud83d\udce7 <strong><a>Info@varibox-ibc.com<\/a><\/strong><br>\ud83d\udcde <strong>+31 570 660711<\/strong><\/p>\n\n\n\n<p><strong>Letzte Aktualisierung:<\/strong> 1. Oktober 2025<\/p>\n\n<\/div><\/div>","protected":false},"excerpt":{"rendered":"<p>R\u00fcckkehrbedingungen Dies sind die offiziellen R\u00fcckgabebedingungen von Rotovia Deventer B.V. und Rotovia Montoir SAS. Sie gelten f\u00fcr alle Bestellungen, die \u00fcber unseren Webshop get\u00e4tigt werden, um Transparenz und Klarheit f\u00fcr unsere Kunden zu gew\u00e4hrleisten. Diese R\u00fcckgabebedingungen gelten nicht f\u00fcr Business-to-Business (B2B) Vertr\u00e4ge, die au\u00dferhalb des Webshops abgeschlossen werden. G\u00fcltigkeitDiese R\u00fcckgabebedingungen gelten f\u00fcr Kunden aus folgenden [&hellip;]<\/p>\n","protected":false},"author":1,"featured_media":0,"parent":0,"menu_order":0,"comment_status":"closed","ping_status":"closed","template":"","meta":{"_acf_changed":false,"footnotes":""},"class_list":["post-68402","page","type-page","status-publish","hentry"],"blocksy_meta":[],"featured_image_urls_v2":{"full":"","thumbnail":"","medium":"","medium_large":"","large":"","1536x1536":"","2048x2048":"","woocommerce_archive_thumbnail":"","gform-image-choice-sm":"","gform-image-choice-md":"","gform-image-choice-lg":"","woocommerce_thumbnail":"","woocommerce_single":"","woocommerce_gallery_thumbnail":"","variation_swatches_image_size":"","variation_swatches_tooltip_size":""},"post_excerpt_stackable_v2":"<p>R\u00fcckkehrbedingungen Dies sind die offiziellen R\u00fcckgabebedingungen von Rotovia Deventer B.V. und Rotovia Montoir SAS. Sie gelten f\u00fcr alle Bestellungen, die \u00fcber unseren Webshop get\u00e4tigt werden, um Transparenz und Klarheit f\u00fcr unsere Kunden zu gew\u00e4hrleisten. Diese R\u00fcckgabebedingungen gelten nicht f\u00fcr Business-to-Business (B2B) Vertr\u00e4ge, die au\u00dferhalb des Webshops abgeschlossen werden. G\u00fcltigkeitDiese R\u00fcckgabebedingungen gelten f\u00fcr Kunden aus folgenden L\u00e4ndern: \u00d6sterreich, Belgien, Schweiz, Tschechische Republik, Deutschland, D\u00e4nemark, Spanien, Finnland, Frankreich, Vereinigtes K\u00f6nigreich, Ungarn, Irland, Italien, Niederlande, Norwegen, Polen, Portugal, Rum\u00e4nien und Schweden. R\u00fcckgaben Ja, wir akzeptieren R\u00fcckgaben sowohl von defekten als auch von nicht defekten Produkten. R\u00fcckgabefrist: innerhalb von 30 Tagen nach Erhalt. Produktzustand:&hellip;<\/p>\n","category_list_v2":"","author_info_v2":{"name":"Best4u","url":"https:\/\/varibox.best4u.dev\/de\/author\/best4u\/"},"comments_num_v2":"0 comments","acf":[],"_links":{"self":[{"href":"https:\/\/varibox.best4u.dev\/de\/wp-json\/wp\/v2\/pages\/68402","targetHints":{"allow":["GET"]}}],"collection":[{"href":"https:\/\/varibox.best4u.dev\/de\/wp-json\/wp\/v2\/pages"}],"about":[{"href":"https:\/\/varibox.best4u.dev\/de\/wp-json\/wp\/v2\/types\/page"}],"author":[{"embeddable":true,"href":"https:\/\/varibox.best4u.dev\/de\/wp-json\/wp\/v2\/users\/1"}],"replies":[{"embeddable":true,"href":"https:\/\/varibox.best4u.dev\/de\/wp-json\/wp\/v2\/comments?post=68402"}],"version-history":[{"count":2,"href":"https:\/\/varibox.best4u.dev\/de\/wp-json\/wp\/v2\/pages\/68402\/revisions"}],"predecessor-version":[{"id":70684,"href":"https:\/\/varibox.best4u.dev\/de\/wp-json\/wp\/v2\/pages\/68402\/revisions\/70684"}],"wp:attachment":[{"href":"https:\/\/varibox.best4u.dev\/de\/wp-json\/wp\/v2\/media?parent=68402"}],"curies":[{"name":"wp","href":"https:\/\/api.w.org\/{rel}","templated":true}]}}