{"id":68378,"date":"2025-06-25T09:10:42","date_gmt":"2025-06-25T07:10:42","guid":{"rendered":"https:\/\/varibox.best4u.dev\/?page_id=68378"},"modified":"2025-10-01T15:07:59","modified_gmt":"2025-10-01T13:07:59","slug":"bedingungen-bestellen","status":"publish","type":"page","link":"https:\/\/varibox.best4u.dev\/de\/bedingungen-bestellen\/","title":{"rendered":"Bedingungen bestellen"},"content":{"rendered":"<div class=\"gb-container gb-container-f136fbdf\"><div class=\"gb-inside-container\">\n\n<h1 class=\"wp-block-heading\">Bedingungen bestellen<\/h1>\n\n\n\n<div class=\"wp-block-pb-accordion-item c-accordion__item js-accordion-item no-js\" data-initially-open=\"false\" data-click-to-close=\"true\" data-auto-close=\"true\" data-scroll=\"false\" data-scroll-offset=\"0\"><h2 id=\"at-683780\" class=\"c-accordion__title js-accordion-controller\" role=\"button\">Kann ich beim VARIBOX-Webshop bestellen?<\/h2><div id=\"ac-683780\" class=\"c-accordion__content\">\n<p>Sie k\u00f6nnen im VARIBOX-Webshop bestellen, wenn Sie VARIBOX-Kunde sind.<\/p>\n<\/div><\/div>\n\n\n\n<div class=\"wp-block-pb-accordion-item c-accordion__item js-accordion-item no-js\" data-initially-open=\"false\" data-click-to-close=\"true\" data-auto-close=\"true\" data-scroll=\"false\" data-scroll-offset=\"0\"><h2 id=\"at-683781\" class=\"c-accordion__title js-accordion-controller\" role=\"button\">Kann ich als britischer Kunde eine Bestellung aufgeben?<\/h2><div id=\"ac-683781\" class=\"c-accordion__content\">\n<p>Da Sie sich au\u00dferhalb der Europ\u00e4ischen Union befinden, k\u00f6nnen Sie leider keine Ersatzteile in unserem Webshop bestellen. Sie k\u00f6nnen sich an Ihren Kundenbetreuer wenden.<\/p>\n<\/div><\/div>\n\n\n\n<div class=\"wp-block-pb-accordion-item c-accordion__item js-accordion-item no-js\" data-initially-open=\"false\" data-click-to-close=\"true\" data-auto-close=\"true\" data-scroll=\"false\" data-scroll-offset=\"0\"><h2 id=\"at-683783\" class=\"c-accordion__title js-accordion-controller\" role=\"button\">Kann ich Ersatzteile auch \u00fcber den normalen Prozess bestellen?<\/h2><div id=\"ac-683783\" class=\"c-accordion__content\">\n<p>Beim Kauf neuer VARIBOX IBCs k\u00f6nnen Sie auch Ersatzteile bestellen.<\/p>\n<\/div><\/div>\n\n\n\n<div class=\"wp-block-pb-accordion-item c-accordion__item js-accordion-item no-js\" data-initially-open=\"false\" data-click-to-close=\"true\" data-auto-close=\"true\" data-scroll=\"false\" data-scroll-offset=\"0\"><h2 id=\"at-683784\" class=\"c-accordion__title js-accordion-controller\" role=\"button\">Kann ich Ersatzteile per Telefon oder E-Mail bestellen?<\/h2><div id=\"ac-683784\" class=\"c-accordion__content\">\n<p>Nein, es ist nicht m\u00f6glich, Ersatzteile per E-Mail oder Telefon zu bestellen. Bitte benutzen Sie dazu den Webshop. F\u00fcr Fragen verwenden Sie bitte das Formular auf der Kontaktseite.<\/p>\n<\/div><\/div>\n\n\n\n<div class=\"wp-block-pb-accordion-item c-accordion__item js-accordion-item no-js\" data-initially-open=\"false\" data-click-to-close=\"true\" data-auto-close=\"true\" data-scroll=\"false\" data-scroll-offset=\"0\"><h2 id=\"at-683785\" class=\"c-accordion__title js-accordion-controller\" role=\"button\">Bis wann kann ich meine Bestellung stornieren?<\/h2><div id=\"ac-683785\" class=\"c-accordion__content\">\n<p>Sie k\u00f6nnen Ihre Bestellung stornieren, bis Sie unsere Auftragsbest\u00e4tigung erhalten haben.<\/p>\n<\/div><\/div>\n\n\n\n<div class=\"wp-block-pb-accordion-item c-accordion__item js-accordion-item no-js\" data-initially-open=\"false\" data-click-to-close=\"true\" data-auto-close=\"true\" data-scroll=\"false\" data-scroll-offset=\"0\"><h2 id=\"at-683786\" class=\"c-accordion__title js-accordion-controller\" role=\"button\">Wie kann ich meine Bestellung \u00e4ndern?<\/h2><div id=\"ac-683786\" class=\"c-accordion__content\">\n<p>Sie k\u00f6nnen Ihre Bestellung so lange \u00e4ndern, bis Sie unseren Allgemeinen Gesch\u00e4ftsbedingungen zugestimmt haben und zum Kauf \u00fcbergegangen sind. Danach ist dies im Webshop selbst nicht mehr m\u00f6glich. Sie k\u00f6nnen Ihre Bestellung \u00e4ndern, bis Sie unsere Best\u00e4tigung erhalten haben. Bitte kontaktieren Sie uns so schnell wie m\u00f6glich \u00fcber das Formular auf der Kontaktseite.<\/p>\n<\/div><\/div>\n\n\n\n<div class=\"wp-block-pb-accordion-item c-accordion__item js-accordion-item no-js\" data-initially-open=\"false\" data-click-to-close=\"true\" data-auto-close=\"true\" data-scroll=\"false\" data-scroll-offset=\"0\"><h2 id=\"at-683787\" class=\"c-accordion__title js-accordion-controller\" role=\"button\">Ich habe eine falsche Bestellung aufgegeben. Was sollte ich tun?<\/h2><div id=\"ac-683787\" class=\"c-accordion__content\">\n<p>Sie k\u00f6nnen Ihre fehlerhafte Bestellung stornieren, bis Sie unsere Auftragsbest\u00e4tigung erhalten haben. Danach ist es nicht mehr m\u00f6glich, Sie k\u00f6nnen dann das R\u00fcckgabeformular verwenden, um die Waren zur\u00fcckzusenden.<\/p>\n<\/div><\/div>\n\n<\/div><\/div>","protected":false},"excerpt":{"rendered":"<p>Bedingungen bestellen<\/p>\n","protected":false},"author":1,"featured_media":0,"parent":0,"menu_order":0,"comment_status":"closed","ping_status":"closed","template":"","meta":{"_acf_changed":false,"footnotes":""},"class_list":["post-68378","page","type-page","status-publish","hentry"],"blocksy_meta":[],"featured_image_urls_v2":{"full":"","thumbnail":"","medium":"","medium_large":"","large":"","1536x1536":"","2048x2048":"","woocommerce_archive_thumbnail":"","gform-image-choice-sm":"","gform-image-choice-md":"","gform-image-choice-lg":"","woocommerce_thumbnail":"","woocommerce_single":"","woocommerce_gallery_thumbnail":"","variation_swatches_image_size":"","variation_swatches_tooltip_size":""},"post_excerpt_stackable_v2":"<p>Bedingungen bestellen Kann ich beim VARIBOX-Webshop bestellen? Sie k\u00f6nnen im VARIBOX-Webshop bestellen, wenn Sie VARIBOX-Kunde sind. Kann ich als britischer Kunde eine Bestellung aufgeben? Da Sie sich au\u00dferhalb der Europ\u00e4ischen Union befinden, k\u00f6nnen Sie leider keine Ersatzteile in unserem Webshop bestellen. Sie k\u00f6nnen sich an Ihren Kundenbetreuer wenden. Kann ich Ersatzteile auch \u00fcber den normalen Prozess bestellen? Beim Kauf neuer VARIBOX IBCs k\u00f6nnen Sie auch Ersatzteile bestellen. Kann ich Ersatzteile per Telefon oder E-Mail bestellen? Nein, es ist nicht m\u00f6glich, Ersatzteile per E-Mail oder Telefon zu bestellen. Bitte benutzen Sie dazu den Webshop. F\u00fcr Fragen verwenden Sie bitte das Formular&hellip;<\/p>\n","category_list_v2":"","author_info_v2":{"name":"Best4u","url":"https:\/\/varibox.best4u.dev\/de\/author\/best4u\/"},"comments_num_v2":"0 comments","acf":[],"_links":{"self":[{"href":"https:\/\/varibox.best4u.dev\/de\/wp-json\/wp\/v2\/pages\/68378","targetHints":{"allow":["GET"]}}],"collection":[{"href":"https:\/\/varibox.best4u.dev\/de\/wp-json\/wp\/v2\/pages"}],"about":[{"href":"https:\/\/varibox.best4u.dev\/de\/wp-json\/wp\/v2\/types\/page"}],"author":[{"embeddable":true,"href":"https:\/\/varibox.best4u.dev\/de\/wp-json\/wp\/v2\/users\/1"}],"replies":[{"embeddable":true,"href":"https:\/\/varibox.best4u.dev\/de\/wp-json\/wp\/v2\/comments?post=68378"}],"version-history":[{"count":4,"href":"https:\/\/varibox.best4u.dev\/de\/wp-json\/wp\/v2\/pages\/68378\/revisions"}],"predecessor-version":[{"id":70692,"href":"https:\/\/varibox.best4u.dev\/de\/wp-json\/wp\/v2\/pages\/68378\/revisions\/70692"}],"wp:attachment":[{"href":"https:\/\/varibox.best4u.dev\/de\/wp-json\/wp\/v2\/media?parent=68378"}],"curies":[{"name":"wp","href":"https:\/\/api.w.org\/{rel}","templated":true}]}}