{"id":63144,"date":"2025-02-04T14:08:20","date_gmt":"2025-02-04T13:08:20","guid":{"rendered":"https:\/\/varibox.best4u.dev\/?page_id=63144"},"modified":"2025-02-04T14:48:37","modified_gmt":"2025-02-04T13:48:37","slug":"der-varibox-sc-wartungsservice","status":"publish","type":"page","link":"https:\/\/varibox.best4u.dev\/de\/der-varibox-sc-wartungsservice\/","title":{"rendered":"Der VARIBOX SC Wartungsservice"},"content":{"rendered":"\n<h1 class=\"wp-block-heading\">Der VARIBOX SC Wartungsservice<\/h1>\n\n\n\n<p>Bei VARIBOX glauben wir an eine Zukunft, in der Chemikalien und Reinigungsmittel sicher verpackt werden, ohne Abfall zu erzeugen. Unser VARIBOX SC Wartungsservice in Montoir spiegelt dieses Engagement wider, indem er eine L\u00f6sung bietet, die die Lebensdauer Ihrer Beh\u00e4lter verl\u00e4ngert und gleichzeitig Sicherheit, Wiederverwendbarkeit und Nachhaltigkeit in den Vordergrund stellt. Verf\u00fcgbar in unserem VARIBOX-Werk in Montoir, in Montoir-de-Bretagne in Frankreich, sorgt dieser Service daf\u00fcr, dass Ihre VARIBOX Single Containment IBCs (Intermediate Bulk Container) konform, zuverl\u00e4ssig und einsatzbereit bleiben.<\/p>\n\n\n\n<p><strong>Warum den VARIBOX SC Wartungsservice w\u00e4hlen?<\/strong><\/p>\n\n\n\n<p>Mit der Entscheidung f\u00fcr den VARIBOX SC Wartungsservice profitieren Sie von einer L\u00f6sung, die f\u00fcr die anspruchsvollsten Branchen entwickelt wurde. Unser Fokus auf Sicherheit und Langlebigkeit garantiert, dass Ihre Beh\u00e4lter in einwandfreiem Zustand bleiben und den ADR-Vorschriften entsprechen. Mit einer Lebensdauer von bis zu 10 Jahren sind VARIBOX SC IBCs f\u00fcr den intensiven Einsatz konzipiert und bieten robuste Leistung und Zuverl\u00e4ssigkeit.<\/p>\n\n\n\n<p><strong>Vorteile der VARIBOX-Wartung:<\/strong><\/p>\n\n\n\n<ul class=\"wp-block-list\">\n<li><strong>Benutzerfreundlichkeit<\/strong>: Ein einfacher und transparenter Prozess, der Ihnen erm\u00f6glicht, sich auf Ihr Kerngesch\u00e4ft zu konzentrieren.<\/li>\n\n\n\n<li><strong>Hochwertige Wartung<\/strong>: Originalteile gew\u00e4hrleisten die optimale Leistung Ihrer Beh\u00e4lter.<\/li>\n\n\n\n<li><strong>Regelkonformit\u00e4t<\/strong>: ADR-zertifizierte Wartung sorgt f\u00fcr Sicherheit und beruhigt.<\/li>\n\n\n\n<li><strong>St\u00e4rkung Ihres Markenimages<\/strong>: Zeigt Ihr Engagement f\u00fcr Nachhaltigkeit und Sicherheit.<\/li>\n<\/ul>\n\n\n\n<p><strong>So funktioniert der Wartungsservice<\/strong><\/p>\n\n\n\n<p>Unser Wartungsprozess ist nahtlos und verk\u00f6rpert die VARIBOX-Werte von Sicherheit, Zuverl\u00e4ssigkeit und Nachhaltigkeit. Kunden senden ihre VARIBOX SC-Beh\u00e4lter an unser Werk in Montoir-de-Bretagne, wo wir den Rest \u00fcbernehmen. Der Service umfasst den Austausch des Innenbeh\u00e4lters, Reparaturen von Komponenten, Inspektionen, Zertifizierungen und Abfallmanagement. Alte Materialien werden zu Kunststoffmaterialien recycelt und f\u00fcr neue Beh\u00e4lter verwendet, wodurch Abfall reduziert und Nachhaltigkeit gef\u00f6rdert wird. Nach Abschluss der Wartung k\u00f6nnen Ihre Beh\u00e4lter mit einem Zertifikat abgeholt werden, das ihre Nutzung f\u00fcr weitere f\u00fcnf Jahre verl\u00e4ngert und die Einhaltung der Vorschriften sowie Effizienz sicherstellt.<\/p>\n\n\n\n<p><strong>Vorteile f\u00fcr Ihr Unternehmen<\/strong><\/p>\n\n\n\n<p>Der VARIBOX SC Wartungsservice ist mehr als nur die Instandhaltung Ihrer Beh\u00e4lter \u2013 er ist eine umfassende L\u00f6sung, die Ihre betrieblichen und \u00f6kologischen Ziele unterst\u00fctzt.<\/p>\n\n\n\n<ul class=\"wp-block-list\">\n<li><strong>Verl\u00e4ngerte Lebensdauer der Beh\u00e4lter<\/strong>: Die Wartung sorgt f\u00fcr eine langanhaltende Leistung und senkt Ersatzkosten.<\/li>\n\n\n\n<li><strong>Umweltverantwortung<\/strong>: F\u00f6rdert Wiederverwendung und Recycling im Sinne einer Kreislaufwirtschaft.<\/li>\n\n\n\n<li><strong>Kosteneinsparungen<\/strong>: Reduziert die Notwendigkeit f\u00fcr neue Beh\u00e4lter und optimiert den Ressourceneinsatz.<\/li>\n\n\n\n<li><strong>Sicherheit und Regelkonformit\u00e4t<\/strong>: Erh\u00e4lt die ADR-Zertifizierung und erh\u00f6ht die Betriebssicherheit.<\/li>\n\n\n\n<li><strong>Betriebliche Zuverl\u00e4ssigkeit<\/strong>: Garantiert, dass Ihre VARIBOX SC-Beh\u00e4lter f\u00fcr den intensiven Einsatz bereit bleiben.<\/li>\n<\/ul>\n\n\n\n<p>Bei VARIBOX setzen wir uns daf\u00fcr ein, Verpackungen f\u00fcr Chemikalien und Reinigungsmittel sicher, wiederverwendbar und recycelbar zu machen. Mit der Entscheidung f\u00fcr unseren Wartungsservice f\u00fcr Ihren VARIBOX Single Containment unterst\u00fctzen Sie uns bei der Gestaltung einer sicheren und nachhaltigen Zukunft.<\/p>\n\n\n<script>\nvar gform;gform||(document.addEventListener(\"gform_main_scripts_loaded\",function(){gform.scriptsLoaded=!0}),document.addEventListener(\"gform\/theme\/scripts_loaded\",function(){gform.themeScriptsLoaded=!0}),window.addEventListener(\"DOMContentLoaded\",function(){gform.domLoaded=!0}),gform={domLoaded:!1,scriptsLoaded:!1,themeScriptsLoaded:!1,isFormEditor:()=>\"function\"==typeof InitializeEditor,callIfLoaded:function(o){return!(!gform.domLoaded||!gform.scriptsLoaded||!gform.themeScriptsLoaded&&!gform.isFormEditor()||(gform.isFormEditor()&&console.warn(\"The use of gform.initializeOnLoaded() is deprecated in the form editor context and will be removed in Gravity Forms 3.1.\"),o(),0))},initializeOnLoaded:function(o){gform.callIfLoaded(o)||(document.addEventListener(\"gform_main_scripts_loaded\",()=>{gform.scriptsLoaded=!0,gform.callIfLoaded(o)}),document.addEventListener(\"gform\/theme\/scripts_loaded\",()=>{gform.themeScriptsLoaded=!0,gform.callIfLoaded(o)}),window.addEventListener(\"DOMContentLoaded\",()=>{gform.domLoaded=!0,gform.callIfLoaded(o)}))},hooks:{action:{},filter:{}},addAction:function(o,r,e,t){gform.addHook(\"action\",o,r,e,t)},addFilter:function(o,r,e,t){gform.addHook(\"filter\",o,r,e,t)},doAction:function(o){gform.doHook(\"action\",o,arguments)},applyFilters:function(o){return gform.doHook(\"filter\",o,arguments)},removeAction:function(o,r){gform.removeHook(\"action\",o,r)},removeFilter:function(o,r,e){gform.removeHook(\"filter\",o,r,e)},addHook:function(o,r,e,t,n){null==gform.hooks[o][r]&&(gform.hooks[o][r]=[]);var d=gform.hooks[o][r];null==n&&(n=r+\"_\"+d.length),gform.hooks[o][r].push({tag:n,callable:e,priority:t=null==t?10:t})},doHook:function(r,o,e){var t;if(e=Array.prototype.slice.call(e,1),null!=gform.hooks[r][o]&&((o=gform.hooks[r][o]).sort(function(o,r){return o.priority-r.priority}),o.forEach(function(o){\"function\"!=typeof(t=o.callable)&&(t=window[t]),\"action\"==r?t.apply(null,e):e[0]=t.apply(null,e)})),\"filter\"==r)return e[0]},removeHook:function(o,r,t,n){var e;null!=gform.hooks[o][r]&&(e=(e=gform.hooks[o][r]).filter(function(o,r,e){return!!(null!=n&&n!=o.tag||null!=t&&t!=o.priority)}),gform.hooks[o][r]=e)}});\n<\/script>\n\n                <div class='gf_browser_gecko gform_wrapper gravity-theme gform-theme--no-framework' data-form-theme='gravity-theme' data-form-index='0' id='gform_wrapper_12' ><form method='post' enctype='multipart\/form-data'  id='gform_12'  action='\/de\/wp-json\/wp\/v2\/pages\/63144' data-formid='12' novalidate>\n                        <div class='gform-body gform_body'><div id='gform_fields_12' class='gform_fields top_label form_sublabel_below description_below validation_below'><div id=\"field_12_1\" class=\"gfield gfield--type-text gfield--input-type-text gfield_contains_required field_sublabel_below gfield--no-description field_description_below field_validation_below gfield_visibility_visible\"  ><label class='gfield_label gform-field-label' for='input_12_1'>Name<span class=\"gfield_required\"><span class=\"gfield_required gfield_required_text\">(erforderlich)<\/span><\/span><\/label><div class='ginput_container ginput_container_text'><input name='input_1' id='input_12_1' type='text' value='' class='large'     aria-required=\"true\" aria-invalid=\"false\"   \/><\/div><\/div><div id=\"field_12_3\" class=\"gfield gfield--type-text gfield--input-type-text gfield--width-full field_sublabel_below gfield--no-description field_description_below field_validation_below gfield_visibility_visible\"  ><label class='gfield_label gform-field-label' for='input_12_3'>Firma<\/label><div class='ginput_container ginput_container_text'><input name='input_3' id='input_12_3' type='text' value='' class='large'      aria-invalid=\"false\"   \/><\/div><\/div><div id=\"field_12_4\" class=\"gfield gfield--type-email gfield--input-type-email gfield--width-full gfield_contains_required field_sublabel_below gfield--no-description field_description_below field_validation_below gfield_visibility_visible\"  ><label class='gfield_label gform-field-label' for='input_12_4'>E-mail<span class=\"gfield_required\"><span class=\"gfield_required gfield_required_text\">(erforderlich)<\/span><\/span><\/label><div class='ginput_container ginput_container_email'>\n                            <input name='input_4' id='input_12_4' type='email' value='' class='large'    aria-required=\"true\" aria-invalid=\"false\"  \/>\n                        <\/div><\/div><div id=\"field_12_5\" class=\"gfield gfield--type-phone gfield--input-type-phone gfield--width-full field_sublabel_below gfield--no-description field_description_below field_validation_below gfield_visibility_visible\"  ><label class='gfield_label gform-field-label' for='input_12_5'>Telefon<\/label><div class='ginput_container ginput_container_phone'><input name='input_5' id='input_12_5' type='tel' value='' class='large'    aria-invalid=\"false\"   \/><\/div><\/div><div id=\"field_12_6\" class=\"gfield gfield--type-select gfield--input-type-select gfield--width-full gfield_contains_required field_sublabel_below gfield--no-description field_description_below field_validation_below gfield_visibility_visible\"  ><label class='gfield_label gform-field-label' for='input_12_6'>Produkt<span class=\"gfield_required\"><span class=\"gfield_required gfield_required_text\">(erforderlich)<\/span><\/span><\/label><div class='ginput_container ginput_container_select'><select name='input_6' id='input_12_6' class='large gfield_select'    aria-required=\"true\" aria-invalid=\"false\" ><option value='VARIBOX SC 1000' >VARIBOX SC 1000<\/option><option value='VARIBOX SC 800' >VARIBOX SC 800<\/option><\/select><\/div><\/div><div id=\"field_12_7\" class=\"gfield gfield--type-number gfield--input-type-number gfield--width-full gfield_contains_required field_sublabel_below gfield--no-description field_description_below field_validation_below gfield_visibility_visible\"  ><label class='gfield_label gform-field-label' for='input_12_7'>Menge<span class=\"gfield_required\"><span class=\"gfield_required gfield_required_text\">(erforderlich)<\/span><\/span><\/label><div class='ginput_container ginput_container_number'><input name='input_7' id='input_12_7' type='number' step='any'   value='' class='large'     aria-required=\"true\" aria-invalid=\"false\"  \/><\/div><\/div><div id=\"field_12_8\" class=\"gfield gfield--type-textarea gfield--input-type-textarea gfield--width-full field_sublabel_below gfield--no-description field_description_below field_validation_below gfield_visibility_visible\"  ><label class='gfield_label gform-field-label' for='input_12_8'>Zus\u00e4tzliche Informationen<\/label><div class='ginput_container ginput_container_textarea'><textarea name='input_8' id='input_12_8' class='textarea large'      aria-invalid=\"false\"   rows='10' cols='50'><\/textarea><\/div><\/div><fieldset id=\"field_12_9\" class=\"gfield gfield--type-consent gfield--type-choice gfield--input-type-consent gfield--width-full gfield_contains_required field_sublabel_below gfield--no-description field_description_below field_validation_below gfield_visibility_visible\"  ><legend class='gfield_label gform-field-label gfield_label_before_complex' >Bedingungen<span class=\"gfield_required\"><span class=\"gfield_required gfield_required_text\">(erforderlich)<\/span><\/span><\/legend><div class='ginput_container ginput_container_consent'><input name='input_9.1' id='input_12_9_1' type='checkbox' value='1'   aria-required=\"true\" aria-invalid=\"false\"   \/> <label class=\"gform-field-label gform-field-label--type-inline gfield_consent_label\" for='input_12_9_1' >Ich stimme den <a href=\"https:\/\/varibox.best4u.dev\/conditions-and-restrictions\/\"> Bedingungen <\/a> zu<\/label><input type='hidden' name='input_9.2' value='Ich stimme den &lt;a href=&quot;https:\/\/varibox.best4u.dev\/conditions-and-restrictions\/&quot;&gt; Bedingungen &lt;\/a&gt; zu' class='gform_hidden' \/><input type='hidden' name='input_9.3' value='8' class='gform_hidden' \/><\/div><\/fieldset><fieldset id=\"field_12_10\" class=\"gfield gfield--type-consent gfield--type-choice gfield--input-type-consent gfield--width-full gfield_contains_required field_sublabel_below gfield--no-description field_description_below field_validation_below gfield_visibility_visible\"  ><legend class='gfield_label gform-field-label gfield_label_before_complex' >Einschr\u00e4nkungen<span class=\"gfield_required\"><span class=\"gfield_required gfield_required_text\">(erforderlich)<\/span><\/span><\/legend><div class='ginput_container ginput_container_consent'><input name='input_10.1' id='input_12_10_1' type='checkbox' value='1'   aria-required=\"true\" aria-invalid=\"false\"   \/> <label class=\"gform-field-label gform-field-label--type-inline gfield_consent_label\" for='input_12_10_1' >Ich respektiere die <a href=\"https:\/\/varibox.best4u.dev\/conditions-and-restrictions\/\"> Einschr\u00e4nkungen <\/a><\/label><input type='hidden' name='input_10.2' value='Ich respektiere die &lt;a href=&quot;https:\/\/varibox.best4u.dev\/conditions-and-restrictions\/&quot;&gt; Einschr\u00e4nkungen &lt;\/a&gt;' class='gform_hidden' \/><input type='hidden' name='input_10.3' value='8' class='gform_hidden' \/><\/div><\/fieldset><\/div><\/div>\n        <div class='gform-footer gform_footer top_label'> <input type='submit' id='gform_submit_button_12' class='gform_button button' onclick='gform.submission.handleButtonClick(this);' data-submission-type='submit' value='Submit'  \/> \n            <input type='hidden' class='gform_hidden' name='gform_submission_method' data-js='gform_submission_method_12' value='postback' \/>\n            <input type='hidden' class='gform_hidden' name='gform_theme' data-js='gform_theme_12' id='gform_theme_12' value='gravity-theme' \/>\n            <input type='hidden' class='gform_hidden' name='gform_style_settings' data-js='gform_style_settings_12' id='gform_style_settings_12' value='{&quot;inputPrimaryColor&quot;:&quot;#204ce5&quot;}' \/>\n            <input type='hidden' class='gform_hidden' name='is_submit_12' value='1' \/>\n            <input type='hidden' class='gform_hidden' name='gform_submit' value='12' \/>\n            \n            <input type='hidden' class='gform_hidden' name='gform_currency' data-currency='EUR' value='RmsBxcEwCvA1O97WB\/\/LD8TCw9x8h67Q+p2Td0tSACFzfw3F2kkDlzaxDk9RPhCcaSz30OQHyeDwC4IVLJSB\/K7IOgexHUl60qFKVjv0jWBLSCk=' \/>\n            <input type='hidden' class='gform_hidden' name='gform_unique_id' value='' \/>\n            <input type='hidden' class='gform_hidden' name='state_12' value='WyJ7XCI2XCI6W1wiNmQwMTQ0YmJiYTBmMzk4MTk3MDM0ODI1Yzc2OWVmYmZcIixcImIwNzg1OTg2MjQ3MDMwZWIzOWVmYzViZjBhOTAwYzI3XCJdLFwiOS4xXCI6XCI4MGM5ZDQ4Mjg0ZjZiOTAwZGY3NzBmMDA5MTkzMDI1OVwiLFwiOS4yXCI6XCI4YjUwZmRjY2IzZTk5NTUyOTViMzc5YWQ3MmM2ZDhmNFwiLFwiOS4zXCI6XCJjZTlkM2ZkNmY1Yzg5Y2Q4MDEwYTQ3Nzg3MzZmOGY1ZFwiLFwiMTAuMVwiOlwiODBjOWQ0ODI4NGY2YjkwMGRmNzcwZjAwOTE5MzAyNTlcIixcIjEwLjJcIjpcImJmZjc5ZTRjNTRmOGY4YmQxOTFlODZmMzgwY2IzZGVjXCIsXCIxMC4zXCI6XCJjZTlkM2ZkNmY1Yzg5Y2Q4MDEwYTQ3Nzg3MzZmOGY1ZFwifSIsIjMwZDJiOGVlYjFjNDFjZTE5NjE3ZGUyM2IyN2I2M2Q3Il0=' \/>\n            <input type='hidden' autocomplete='off' class='gform_hidden' name='gform_target_page_number_12' id='gform_target_page_number_12' value='0' \/>\n            <input type='hidden' autocomplete='off' class='gform_hidden' name='gform_source_page_number_12' id='gform_source_page_number_12' value='1' \/>\n            <input type='hidden' name='gform_field_values' value='' \/>\n            \n        <\/div>\n                        <\/form>\n                        <\/div><script>\ngform.initializeOnLoaded( function() {gformInitSpinner( 12, 'https:\/\/varibox.best4u.dev\/wp-content\/plugins\/gravityforms\/images\/spinner.svg', true );jQuery('#gform_ajax_frame_12').on('load',function(){var contents = jQuery(this).contents().find('*').html();var is_postback = contents.indexOf('GF_AJAX_POSTBACK') >= 0;if(!is_postback){return;}var form_content = jQuery(this).contents().find('#gform_wrapper_12');var is_confirmation = jQuery(this).contents().find('#gform_confirmation_wrapper_12').length > 0;var is_redirect = contents.indexOf('gformRedirect(){') >= 0;var is_form = form_content.length > 0 && ! is_redirect && ! is_confirmation;var mt = parseInt(jQuery('html').css('margin-top'), 10) + parseInt(jQuery('body').css('margin-top'), 10) + 100;if(is_form){jQuery('#gform_wrapper_12').html(form_content.html());if(form_content.hasClass('gform_validation_error')){jQuery('#gform_wrapper_12').addClass('gform_validation_error');} else {jQuery('#gform_wrapper_12').removeClass('gform_validation_error');}setTimeout( function() { \/* delay the scroll by 50 milliseconds to fix a bug in chrome *\/  }, 50 );if(window['gformInitDatepicker']) {gformInitDatepicker();}if(window['gformInitPriceFields']) {gformInitPriceFields();}var current_page = jQuery('#gform_source_page_number_12').val();gformInitSpinner( 12, 'https:\/\/varibox.best4u.dev\/wp-content\/plugins\/gravityforms\/images\/spinner.svg', true );jQuery(document).trigger('gform_page_loaded', [12, current_page]);window['gf_submitting_12'] = false;}else if(!is_redirect){var confirmation_content = jQuery(this).contents().find('.GF_AJAX_POSTBACK').html();if(!confirmation_content){confirmation_content = contents;}jQuery('#gform_wrapper_12').replaceWith(confirmation_content);jQuery(document).trigger('gform_confirmation_loaded', [12]);window['gf_submitting_12'] = false;wp.a11y.speak(jQuery('#gform_confirmation_message_12').text());}else{jQuery('#gform_12').append(contents);if(window['gformRedirect']) {gformRedirect();}}jQuery(document).trigger(\"gform_pre_post_render\", [{ formId: \"12\", currentPage: \"current_page\", abort: function() { this.preventDefault(); } }]);        if (event && event.defaultPrevented) {                return;        }        const gformWrapperDiv = document.getElementById( \"gform_wrapper_12\" );        if ( gformWrapperDiv ) {            const visibilitySpan = document.createElement( \"span\" );            visibilitySpan.id = \"gform_visibility_test_12\";            gformWrapperDiv.insertAdjacentElement( \"afterend\", visibilitySpan );        }        const visibilityTestDiv = document.getElementById( \"gform_visibility_test_12\" );        let postRenderFired = false;        function triggerPostRender() {            if ( postRenderFired ) {                return;            }            postRenderFired = true;            gform.core.triggerPostRenderEvents( 12, current_page );            if ( visibilityTestDiv ) {                visibilityTestDiv.parentNode.removeChild( visibilityTestDiv );            }        }        function debounce( func, wait, immediate ) {            var timeout;            return function() {                var context = this, args = arguments;                var later = function() {                    timeout = null;                    if ( !immediate ) func.apply( context, args );                };                var callNow = immediate && !timeout;                clearTimeout( timeout );                timeout = setTimeout( later, wait );                if ( callNow ) func.apply( context, args );            };        }        const debouncedTriggerPostRender = debounce( function() {            triggerPostRender();        }, 200 );        if ( visibilityTestDiv && visibilityTestDiv.offsetParent === null ) {            const observer = new MutationObserver( ( mutations ) => {                mutations.forEach( ( mutation ) => {                    if ( mutation.type === 'attributes' && visibilityTestDiv.offsetParent !== null ) {                        debouncedTriggerPostRender();                        observer.disconnect();                    }                });            });            observer.observe( document.body, {                attributes: true,                childList: false,                subtree: true,                attributeFilter: [ 'style', 'class' ],            });        } else {            triggerPostRender();        }    } );} );\n<\/script>\n","protected":false},"excerpt":{"rendered":"<p>Der VARIBOX SC Wartungsservice Bei VARIBOX glauben wir an eine Zukunft, in der Chemikalien und Reinigungsmittel sicher verpackt werden, ohne Abfall zu erzeugen. Unser VARIBOX SC Wartungsservice in Montoir spiegelt dieses Engagement wider, indem er eine L\u00f6sung bietet, die die Lebensdauer Ihrer Beh\u00e4lter verl\u00e4ngert und gleichzeitig Sicherheit, Wiederverwendbarkeit und Nachhaltigkeit in den Vordergrund stellt. Verf\u00fcgbar [&hellip;]<\/p>\n","protected":false},"author":1,"featured_media":0,"parent":0,"menu_order":0,"comment_status":"closed","ping_status":"closed","template":"","meta":{"_acf_changed":false,"footnotes":""},"class_list":["post-63144","page","type-page","status-publish","hentry"],"blocksy_meta":[],"featured_image_urls_v2":{"full":"","thumbnail":"","medium":"","medium_large":"","large":"","1536x1536":"","2048x2048":"","woocommerce_archive_thumbnail":"","gform-image-choice-sm":"","gform-image-choice-md":"","gform-image-choice-lg":"","woocommerce_thumbnail":"","woocommerce_single":"","woocommerce_gallery_thumbnail":"","variation_swatches_image_size":"","variation_swatches_tooltip_size":""},"post_excerpt_stackable_v2":"<p>Der VARIBOX SC Wartungsservice Bei VARIBOX glauben wir an eine Zukunft, in der Chemikalien und Reinigungsmittel sicher verpackt werden, ohne Abfall zu erzeugen. Unser VARIBOX SC Wartungsservice in Montoir spiegelt dieses Engagement wider, indem er eine L\u00f6sung bietet, die die Lebensdauer Ihrer Beh\u00e4lter verl\u00e4ngert und gleichzeitig Sicherheit, Wiederverwendbarkeit und Nachhaltigkeit in den Vordergrund stellt. Verf\u00fcgbar in unserem VARIBOX-Werk in Montoir, in Montoir-de-Bretagne in Frankreich, sorgt dieser Service daf\u00fcr, dass Ihre VARIBOX Single Containment IBCs (Intermediate Bulk Container) konform, zuverl\u00e4ssig und einsatzbereit bleiben. Warum den VARIBOX SC Wartungsservice w\u00e4hlen? Mit der Entscheidung f\u00fcr den VARIBOX SC Wartungsservice profitieren Sie von einer&hellip;<\/p>\n","category_list_v2":"","author_info_v2":{"name":"Best4u","url":"https:\/\/varibox.best4u.dev\/de\/author\/best4u\/"},"comments_num_v2":"0 comments","acf":[],"_links":{"self":[{"href":"https:\/\/varibox.best4u.dev\/de\/wp-json\/wp\/v2\/pages\/63144","targetHints":{"allow":["GET"]}}],"collection":[{"href":"https:\/\/varibox.best4u.dev\/de\/wp-json\/wp\/v2\/pages"}],"about":[{"href":"https:\/\/varibox.best4u.dev\/de\/wp-json\/wp\/v2\/types\/page"}],"author":[{"embeddable":true,"href":"https:\/\/varibox.best4u.dev\/de\/wp-json\/wp\/v2\/users\/1"}],"replies":[{"embeddable":true,"href":"https:\/\/varibox.best4u.dev\/de\/wp-json\/wp\/v2\/comments?post=63144"}],"version-history":[{"count":1,"href":"https:\/\/varibox.best4u.dev\/de\/wp-json\/wp\/v2\/pages\/63144\/revisions"}],"predecessor-version":[{"id":63145,"href":"https:\/\/varibox.best4u.dev\/de\/wp-json\/wp\/v2\/pages\/63144\/revisions\/63145"}],"wp:attachment":[{"href":"https:\/\/varibox.best4u.dev\/de\/wp-json\/wp\/v2\/media?parent=63144"}],"curies":[{"name":"wp","href":"https:\/\/api.w.org\/{rel}","templated":true}]}}