{"id":62953,"date":"2024-12-17T07:24:08","date_gmt":"2024-12-17T06:24:08","guid":{"rendered":"https:\/\/varibox.best4u.dev\/conditions-and-restrictions\/"},"modified":"2024-12-17T07:34:55","modified_gmt":"2024-12-17T06:34:55","slug":"bedingungen-und-einschrankungen","status":"publish","type":"page","link":"https:\/\/varibox.best4u.dev\/de\/bedingungen-und-einschrankungen\/","title":{"rendered":"Bedingungen und Einschr\u00e4nkungen"},"content":{"rendered":"\n<div class=\"wp-block-ugb-columns ugb-columns ugb-0d5d96e ugb-columns--design-plain ugb-columns--columns-2 ugb-main-block\"><style>.ugb-0d5d96e > .ugb-inner-block > .ugb-block-content > .ugb-columns__item{grid-template-columns:1.40fr 0.60fr !important}@media screen and (min-width:768px){.ugb-0d5d96e.ugb-columns{margin-bottom:83px !important}}@media screen and (max-width:768px){.ugb-0d5d96e-content-wrapper{grid-row-gap:0 !important}}<\/style><div class=\"ugb-inner-block\"><div class=\"ugb-block-content\"><div class=\"ugb-columns__item ugb-0d5d96e-content-wrapper\">\n<div class=\"wp-block-ugb-column ugb-column ugb-b383129 ugb-column--design-plain ugb-main-block\"><div class=\"ugb-inner-block\"><div class=\"ugb-block-content\"><div class=\"ugb-column__item ugb-b383129-column-wrapper\"><div class=\"ugb-column__content-wrapper\">\n<div class=\"wp-block-ugb-heading ugb-heading wow animate__animated animate__fadeIn ugb-bcdb7f0 ugb-main-block\"><style>.ugb-bcdb7f0 .ugb-heading__subtitle{margin-bottom:-5px !important}<\/style><div class=\"ugb-inner-block\"><div class=\"ugb-block-content\"><h1 class=\"ugb-heading__title\"><strong><strong>Bedingungen und Einschr\u00e4nkungen<\/strong><\/strong><\/h1><p class=\"ugb-heading__subtitle\">In der Welt nachhaltiger L\u00f6sungen m\u00f6chten wir gemeinsam mit unseren Kunden einen positiven Beitrag leisten. Daher sind wir stolz, unseren neuen VARIBOX R\u00fccknahmeservice vorzustellen\u00a0<strong><em>in Deutschland, Frankreich, Spanien, Belgien, den Niederlanden und Luxemburg. Andere L\u00e4nder sind auf Anfrage m\u00f6glich<\/em><\/strong>. Dieser Service erm\u00f6glicht es Ihnen, Ihre alten VARIBOX-Intermediate Bulk Container (IBCs) zu uns zur\u00fcckzugeben. Gemeinsam arbeiten wir auf eine Kreislaufwirtschaft hin, sch\u00fctzen die Umwelt und tragen zu nachhaltigen Lager- und Transportl\u00f6sungen f\u00fcr Chemikalien und Reinigungsmittel bei.<br><a href=\"https:\/\/varibox.best4u.dev\/de\/kontakt\/\"><\/a><\/p><\/div><\/div><\/div>\n\n\n\n<div class=\"wp-block-ugb-button ugb-button-wrapper green-button animate__animated animate__fadeIn ugb-7526935 ugb-button--mobile-aligned ugb-main-block\"><style>.ugb-7526935 .ugb-block-content{justify-content:flex-start !important}.ugb-7526935 .ugb-button1 .ugb-button--inner{font-weight:bold !important}.ugb-7526935 .ugb-button1:hover{opacity:1}.ugb-7526935 .ugb-inner-block{text-align:left}@media screen and (min-width:768px){.ugb-7526935.ugb-button-wrapper{margin-bottom:0px !important}}@media screen and (max-width:768px){.ugb-7526935 .ugb-block-content{justify-content:center !important}.ugb-7526935 .ugb-inner-block{text-align:center}}<\/style><div class=\"ugb-inner-block\"><div class=\"ugb-block-content\"><div class=\"ugb-button-container\"><a class=\"ugb-button1 ugb-button ugb-button--size-normal\" href=\"https:\/\/varibox.best4u.dev\/de\/kontakt\/\" rel=\"\" title=\"\"><span class=\"ugb-button--inner\">Kontakt aufnehmen<\/span><\/a><\/div><\/div><\/div><\/div>\n<\/div><\/div><\/div><\/div><\/div>\n\n\n\n<div class=\"wp-block-ugb-column ugb-column ugb-e882f9a ugb-column--design-plain ugb-main-block\"><style>@media screen and (max-width:768px){.ugb-e882f9a .ugb-inner-block{text-align:center}}<\/style><div class=\"ugb-inner-block\"><div class=\"ugb-block-content\"><div class=\"ugb-column__item ugb-e882f9a-column-wrapper\"><div class=\"ugb-column__content-wrapper\">\n<figure class=\"wp-block-image size-full wow animate__animated animate__fadeIn\"><img decoding=\"async\" width=\"325\" height=\"370\" src=\"https:\/\/varibox.best4u.dev\/wp-content\/uploads\/2024\/11\/VARIBOX-Full-Containment-207.png\" alt=\"\" class=\"wp-image-62700\" srcset=\"https:\/\/varibox.best4u.dev\/wp-content\/uploads\/2024\/11\/VARIBOX-Full-Containment-207.png 325w, https:\/\/varibox.best4u.dev\/wp-content\/uploads\/2024\/11\/VARIBOX-Full-Containment-207-270x307.png 270w\" sizes=\"(max-width: 325px) 100vw, 325px\" \/><\/figure>\n<\/div><\/div><\/div><\/div><\/div>\n<\/div><\/div><\/div><\/div>\n\n\n\n<div class=\"alignfull wp-block-ugb-container ugb-container ugb-25beaa0 ugb-container--v2 ugb-container--design-plain ugb-main-block ugb-main-block--inner-center ugb--has-block-background\"><style>.ugb-25beaa0.ugb-container{background-color:var(--theme-palette-color-7,#F9FAFB)}.ugb-25beaa0.ugb-container:before{background-color:var(--theme-palette-color-7,#F9FAFB)}@media screen and (min-width:768px){.ugb-25beaa0-content-wrapper.ugb-container__content-wrapper{width:85% !important}.ugb-25beaa0.ugb-container{margin-bottom:0px !important;padding-top:0px !important;padding-right:35px !important;padding-bottom:0px !important;padding-left:35px !important}}@media screen and (min-width:768px) and (max-width:1025px){.ugb-25beaa0-content-wrapper.ugb-container__content-wrapper{width:100% !important}}@media screen and (max-width:768px){.ugb-25beaa0.ugb-container{margin-bottom:0px !important;padding-top:0px !important;padding-right:18px !important;padding-bottom:0px !important;padding-left:18px !important}}@media screen and (min-width:768px){.ugb-25beaa0 > .ugb-inner-block > .ugb-block-content > *{padding-top:40px !important;padding-bottom:40px !important}}@media screen and (max-width:768px){.ugb-25beaa0 > .ugb-inner-block > .ugb-block-content > *{padding-top:35px !important;padding-bottom:0px !important}}<\/style><div class=\"ugb-inner-block ugb-inner-block--center\"><div class=\"ugb-block-content\"><div class=\"ugb-container__wrapper ugb-25beaa0-wrapper\"><div class=\"ugb-container__side\"><div class=\"ugb-container__content-wrapper ugb-25beaa0-content-wrapper\">\n<div class=\"aligncenter wp-block-ugb-columns ugb-columns top-icons-columns ugb-609d063 ugb-columns--design-plain ugb-columns--columns-3 ugb-main-block\"><style>.ugb-609d063-content-wrapper{grid-column-gap:15px !important}@media screen and (min-width:768px) and (max-width:1025px){.ugb-609d063-content-wrapper{grid-column-gap:0px !important}}@media screen and (max-width:768px){.ugb-609d063-content-wrapper{grid-row-gap:0 !important;grid-column-gap:0px !important}.ugb-609d063 .ugb-inner-block{text-align:center}.ugb-609d063.ugb-columns{margin-top:0px !important;margin-bottom:0px !important}}<\/style><div class=\"ugb-inner-block\"><div class=\"ugb-block-content\"><div class=\"ugb-columns__item ugb-609d063-content-wrapper\">\n<div class=\"wp-block-ugb-column ugb-column ugb-aa84cea ugb-column--design-plain ugb-main-block\"><div class=\"ugb-inner-block\"><div class=\"ugb-block-content\"><div class=\"ugb-column__item ugb-aa84cea-column-wrapper\"><div class=\"ugb-column__content-wrapper\">\n<div class=\"wp-block-group is-layout-flow wp-block-group-is-layout-flow\">\n<div class=\"wp-block-media-text alignwide is-stacked-on-mobile is-vertically-aligned-center content-pages-top-icons\" style=\"grid-template-columns:30% auto\"><figure class=\"wp-block-media-text__media\"><img decoding=\"async\" src=\"https:\/\/varibox.best4u.dev\/wp-content\/uploads\/2021\/12\/test.svg\" alt=\"\" class=\"wp-image-3005 size-full\"\/><\/figure><div class=\"wp-block-media-text__content\">\n<h4 class=\"wp-block-heading has-text-align-left has-medium-font-size\">Sicherer<\/h4>\n<\/div><\/div>\n<\/div>\n<\/div><\/div><\/div><\/div><\/div>\n\n\n\n<div class=\"wp-block-ugb-column ugb-column ugb-a25ba9c ugb-column--design-plain ugb-main-block\"><div class=\"ugb-inner-block\"><div class=\"ugb-block-content\"><div class=\"ugb-column__item ugb-a25ba9c-column-wrapper\"><div class=\"ugb-column__content-wrapper\">\n<div class=\"wp-block-group is-layout-flow wp-block-group-is-layout-flow\">\n<div class=\"wp-block-media-text alignwide is-stacked-on-mobile is-vertically-aligned-center content-pages-top-icons\" style=\"grid-template-columns:30% auto\"><figure class=\"wp-block-media-text__media\"><img decoding=\"async\" src=\"https:\/\/varibox.best4u.dev\/wp-content\/uploads\/2021\/11\/reuseablility-green-1.svg\" alt=\"\" class=\"wp-image-1838 size-full\"\/><\/figure><div class=\"wp-block-media-text__content\">\n<h4 class=\"wp-block-heading has-text-align-left has-medium-font-size\">Wiederverwendbar<\/h4>\n<\/div><\/div>\n<\/div>\n<\/div><\/div><\/div><\/div><\/div>\n\n\n\n<div class=\"wp-block-ugb-column ugb-column ugb-ed3faa1 ugb-column--design-plain ugb-main-block\"><div class=\"ugb-inner-block\"><div class=\"ugb-block-content\"><div class=\"ugb-column__item ugb-ed3faa1-column-wrapper\"><div class=\"ugb-column__content-wrapper\">\n<div class=\"wp-block-group is-layout-flow wp-block-group-is-layout-flow\">\n<div class=\"wp-block-media-text alignwide is-stacked-on-mobile is-vertically-aligned-center content-pages-top-icons\" style=\"grid-template-columns:29% auto\"><figure class=\"wp-block-media-text__media\"><img decoding=\"async\" src=\"https:\/\/varibox.best4u.dev\/wp-content\/uploads\/2021\/11\/sustainability-green-1.svg\" alt=\"\" class=\"wp-image-1851 size-full\"\/><\/figure><div class=\"wp-block-media-text__content\">\n<h4 class=\"wp-block-heading has-text-align-left has-medium-font-size\">Nachhaltig<\/h4>\n<\/div><\/div>\n<\/div>\n<\/div><\/div><\/div><\/div><\/div>\n<\/div><\/div><\/div><\/div>\n<\/div><\/div><\/div><\/div><\/div><\/div>\n\n\n\n<h2 class=\"wp-block-heading\"><strong>R\u00fccknahme von gebrauchten VARIBOX-Beh\u00e4ltern<\/strong><\/h2>\n\n\n\n<p>Die Bedingungen f\u00fcr die R\u00fccknahme gebrauchter VARIBOX-Beh\u00e4lter basieren auf:<\/p>\n\n\n\n<ul class=\"wp-block-list\">\n<li>EN 13430 Verpackung \u2013 Anforderungen an Verpackungen, die durch Materialrecycling wiederverwertbar sind<\/li>\n\n\n\n<li>ISO 16103:2005 Verpackung \u2013 Transportverpackungen f\u00fcr Gefahrg\u00fcter \u2013 Recycelte Kunststoffmaterialien<\/li>\n<\/ul>\n\n\n\n<h3 class=\"wp-block-heading\"><strong>Bedingungen<\/strong><\/h3>\n\n\n\n<p>Das Recycling ist auf VARIBOX-Intermediate-Bulk-Container (IBC) beschr\u00e4nkt, die:<\/p>\n\n\n\n<ol class=\"wp-block-list\">\n<li>leer sind, d. h., alle entfernbaren R\u00fcckst\u00e4nde wurden vom Entleerer unter Einsatz der g\u00e4ngigen Methoden zur R\u00fcckstandsreinigung, wie Ausgie\u00dfen, Abpumpen, Absaugen, Sch\u00fctteln, Abkratzen, Absto\u00dfen usw., oder, falls erforderlich, durch Kombination dieser Verfahren entfernt.<\/li>\n\n\n\n<li>keine \u00e4u\u00dferen Produktanhaftungen aufweisen.<\/li>\n\n\n\n<li>bei VARIBOX FC und VARIBOX CC: \u00d6ffnungen sicher verschlossen mit dem Originaldeckel und\/oder Saugrohr und\/oder Kappen sind.<\/li>\n\n\n\n<li>bei VARIBOX SC: Kugelhahn ge\u00f6ffnet und die \u00d6ffnungen oben sicher verschlossen mit dem Originaldeckel und\/oder Saugrohr und\/oder Kappen sind.<\/li>\n\n\n\n<li>f\u00fcr den Transport geeignet sind.<\/li>\n\n\n\n<li>einen Nachweis \u00fcber den letzten Inhalt aufweisen und klar erkennbare Gefahrgutetiketten sowie Gefahrkennzeichen gem\u00e4\u00df den Vorschriften, falls zutreffend, anzeigen; das Sicherheitsdatenblatt (MSDS) des Inhalts muss auf Anfrage bereitgestellt werden.<\/li>\n\n\n\n<li>mit dem Herstellungsmonat und -jahr gekennzeichnet sind.<\/li>\n<\/ol>\n\n\n\n<h3 class=\"wp-block-heading\"><strong>Einschr\u00e4nkungen<\/strong><\/h3>\n\n\n\n<p>Vom Recycling ausgeschlossen sind VARIBOX-Beh\u00e4lter, die:<\/p>\n\n\n\n<ol start=\"8\" class=\"wp-block-list\">\n<li>gesundheits-, sicherheits- und\/oder umweltgef\u00e4hrdende Stoffe der Klassen 6.1, 6.2 und 7 sowie Produkte mit den Gefahrenhinweisen H310, H330, H340, H350, H350i und\/oder alle Stoffe mit toxischen Sekund\u00e4rrisiken enthalten haben.<\/li>\n\n\n\n<li>Produkte enthalten haben, die das Kunststoffmaterial beeinflusst haben (z. B. bestimmte stark oxidierende Stoffe) und eine Wiederverwertung unm\u00f6glich machen.<\/li>\n\n\n\n<li>Anzeichen von Verschlechterung aufweisen, z. B. durch UV-Strahlung verursachte Alterung.<\/li>\n\n\n\n<li>besch\u00e4digt sind, sodass ihre Handhabung und der Versand gef\u00e4hrlich w\u00e4ren.<\/li>\n\n\n\n<li>\u00e4lter als 12 Jahre sind.<\/li>\n\n\n\n<li>mit dem Symbol \u201eREC\u201c gekennzeichnet sind.<\/li>\n<\/ol>\n\n\n\n<p><em><strong>Wenn Sie die festgelegten Bedingungen oder Beschr\u00e4nkungen nicht einhalten, werden Ihnen automatisch alle zus\u00e4tzlichen Kosten, die unserem Unternehmen entstehen, in Rechnung gestellt. (Beispiele f\u00fcr diese Kosten sind: Transportkosten, zus\u00e4tzliche Reinigungskosten, Demontage- und\/oder Bearbeitungskosten und Verwaltungskosten usw.).<\/strong><\/em><\/p>\n","protected":false},"excerpt":{"rendered":"<p>Bedingungen und Einschr\u00e4nkungen In der Welt nachhaltiger L\u00f6sungen m\u00f6chten wir gemeinsam mit unseren Kunden einen positiven Beitrag leisten. Daher sind wir stolz, unseren neuen VARIBOX R\u00fccknahmeservice vorzustellen\u00a0in Deutschland, Frankreich, Spanien, Belgien, den Niederlanden und Luxemburg. Andere L\u00e4nder sind auf Anfrage m\u00f6glich. Dieser Service erm\u00f6glicht es Ihnen, Ihre alten VARIBOX-Intermediate Bulk Container (IBCs) zu uns zur\u00fcckzugeben. [&hellip;]<\/p>\n","protected":false},"author":1,"featured_media":0,"parent":0,"menu_order":0,"comment_status":"closed","ping_status":"closed","template":"","meta":{"_acf_changed":false,"footnotes":""},"class_list":["post-62953","page","type-page","status-publish","hentry"],"blocksy_meta":[],"featured_image_urls_v2":{"full":"","thumbnail":"","medium":"","medium_large":"","large":"","1536x1536":"","2048x2048":"","woocommerce_archive_thumbnail":"","gform-image-choice-sm":"","gform-image-choice-md":"","gform-image-choice-lg":"","woocommerce_thumbnail":"","woocommerce_single":"","woocommerce_gallery_thumbnail":"","variation_swatches_image_size":"","variation_swatches_tooltip_size":""},"post_excerpt_stackable_v2":"<p>Bedingungen und Einschr\u00e4nkungenIn der Welt nachhaltiger L\u00f6sungen m\u00f6chten wir gemeinsam mit unseren Kunden einen positiven Beitrag leisten. Daher sind wir stolz, unseren neuen VARIBOX R\u00fccknahmeservice vorzustellen\u00a0in Deutschland, Frankreich, Spanien, Belgien, den Niederlanden und Luxemburg. Andere L\u00e4nder sind auf Anfrage m\u00f6glich. Dieser Service erm\u00f6glicht es Ihnen, Ihre alten VARIBOX-Intermediate Bulk Container (IBCs) zu uns zur\u00fcckzugeben. Gemeinsam arbeiten wir auf eine Kreislaufwirtschaft hin, sch\u00fctzen die Umwelt und tragen zu nachhaltigen Lager- und Transportl\u00f6sungen f\u00fcr Chemikalien und Reinigungsmittel bei. Kontakt aufnehmen Sicherer Wiederverwendbar Nachhaltig R\u00fccknahme von gebrauchten VARIBOX-Beh\u00e4ltern Die Bedingungen f\u00fcr die R\u00fccknahme gebrauchter VARIBOX-Beh\u00e4lter basieren auf: EN 13430 Verpackung \u2013 Anforderungen an&hellip;<\/p>\n","category_list_v2":"","author_info_v2":{"name":"Best4u","url":"https:\/\/varibox.best4u.dev\/de\/author\/best4u\/"},"comments_num_v2":"0 comments","acf":[],"_links":{"self":[{"href":"https:\/\/varibox.best4u.dev\/de\/wp-json\/wp\/v2\/pages\/62953","targetHints":{"allow":["GET"]}}],"collection":[{"href":"https:\/\/varibox.best4u.dev\/de\/wp-json\/wp\/v2\/pages"}],"about":[{"href":"https:\/\/varibox.best4u.dev\/de\/wp-json\/wp\/v2\/types\/page"}],"author":[{"embeddable":true,"href":"https:\/\/varibox.best4u.dev\/de\/wp-json\/wp\/v2\/users\/1"}],"replies":[{"embeddable":true,"href":"https:\/\/varibox.best4u.dev\/de\/wp-json\/wp\/v2\/comments?post=62953"}],"version-history":[{"count":1,"href":"https:\/\/varibox.best4u.dev\/de\/wp-json\/wp\/v2\/pages\/62953\/revisions"}],"predecessor-version":[{"id":62971,"href":"https:\/\/varibox.best4u.dev\/de\/wp-json\/wp\/v2\/pages\/62953\/revisions\/62971"}],"wp:attachment":[{"href":"https:\/\/varibox.best4u.dev\/de\/wp-json\/wp\/v2\/media?parent=62953"}],"curies":[{"name":"wp","href":"https:\/\/api.w.org\/{rel}","templated":true}]}}