{"id":51752,"date":"2022-02-15T12:41:42","date_gmt":"2022-02-15T11:41:42","guid":{"rendered":"https:\/\/varibox.best4u.dev\/varibox-produktschulung\/"},"modified":"2024-11-08T11:40:05","modified_gmt":"2024-11-08T10:40:05","slug":"varibox-produktschulung","status":"publish","type":"page","link":"https:\/\/varibox.best4u.dev\/de\/varibox-produktschulung\/","title":{"rendered":"VARIBOX Produktschulung"},"content":{"rendered":"\n<div class=\"wp-block-ugb-columns ugb-columns ugb-0d5d96e ugb-columns--design-plain ugb-columns--columns-2 ugb-main-block\"><style>.ugb-0d5d96e > .ugb-inner-block > .ugb-block-content > .ugb-columns__item{grid-template-columns:1.40fr 0.60fr !important}@media screen and (min-width:768px){.ugb-0d5d96e.ugb-columns{margin-bottom:83px !important}}@media screen and (max-width:768px){.ugb-0d5d96e-content-wrapper{grid-row-gap:0 !important}}<\/style><div class=\"ugb-inner-block\"><div class=\"ugb-block-content\"><div class=\"ugb-columns__item ugb-0d5d96e-content-wrapper\">\n<div class=\"wp-block-ugb-column ugb-column ugb-b383129 ugb-column--design-plain ugb-main-block\"><div class=\"ugb-inner-block\"><div class=\"ugb-block-content\"><div class=\"ugb-column__item ugb-b383129-column-wrapper\"><div class=\"ugb-column__content-wrapper\">\n<div class=\"wp-block-ugb-heading ugb-heading wow animate__animated animate__fadeIn ugb-bcdb7f0 ugb-main-block\"><style>.ugb-bcdb7f0 .ugb-heading__subtitle{margin-bottom:-5px !important}<\/style><div class=\"ugb-inner-block\"><div class=\"ugb-block-content\"><h1 class=\"ugb-heading__title\">VARIBOX Produktschulung<\/h1><p class=\"ugb-heading__subtitle\">Sicheres Arbeiten mit der Chemie hat oberste Priorit\u00e4t. Kenntnisse in diesem Bereich sind von gro\u00dfer Bedeutung, weshalb die VARIBOX Produktschulung ins Leben gerufen wurde. Diese speziell entwickelte Schulung f\u00f6rdert das Wissen im Sicherheitsbereich und tr\u00e4gt dazu bei, unsichere Situationen in Bezug auf Intermediate Bulk Container (IBC) zu erkennen.<\/p><\/div><\/div><\/div>\n\n\n\n<div class=\"wp-block-ugb-button ugb-button-wrapper green-button wow animate__animated animate__fadeIn ugb-ee16d32 ugb-button--mobile-aligned ugb-main-block\"><style>.ugb-ee16d32 .ugb-block-content{justify-content:flex-start !important}.ugb-ee16d32 .ugb-button1 .ugb-button--inner{font-weight:bold !important}.ugb-ee16d32 .ugb-button1:hover{opacity:1}.ugb-ee16d32 .ugb-inner-block{text-align:left}@media screen and (min-width:768px){.ugb-ee16d32.ugb-button-wrapper{margin-bottom:0px !important}}@media screen and (max-width:768px){.ugb-ee16d32 .ugb-block-content{justify-content:center !important}.ugb-ee16d32 .ugb-inner-block{text-align:center}}<\/style><div class=\"ugb-inner-block\"><div class=\"ugb-block-content\"><div class=\"ugb-button-container\"><a class=\"ugb-button1 ugb-button ugb-button--size-normal\" href=\"https:\/\/varibox.best4u.dev\/de\/kontakt\/\" rel=\"\" title=\"\"><span class=\"ugb-button--inner\">Kontakt aufnehmen<\/span><\/a><\/div><\/div><\/div><\/div>\n<\/div><\/div><\/div><\/div><\/div>\n\n\n\n<div class=\"wp-block-ugb-column ugb-column ugb-e882f9a ugb-column--design-plain ugb-main-block\"><style>@media screen and (max-width:768px){.ugb-e882f9a .ugb-inner-block{text-align:center}}<\/style><div class=\"ugb-inner-block\"><div class=\"ugb-block-content\"><div class=\"ugb-column__item ugb-e882f9a-column-wrapper\"><div class=\"ugb-column__content-wrapper\">\n<figure class=\"wp-block-image size-full wow animate__animated animate__fadeIn\"><img decoding=\"async\" src=\"https:\/\/varibox.best4u.dev\/wp-content\/uploads\/2024\/10\/image-2.jpg\" alt=\"\n\" class=\"wp-image-175\"\/><\/figure>\n<\/div><\/div><\/div><\/div><\/div>\n<\/div><\/div><\/div><\/div>\n\n\n\n<div class=\"alignfull wp-block-ugb-container ugb-container ugb-25beaa0 ugb-container--v2 ugb-container--design-plain ugb-main-block ugb-main-block--inner-center ugb--has-block-background\"><style>.ugb-25beaa0.ugb-container{background-color:var(--theme-palette-color-7,#F9FAFB)}.ugb-25beaa0.ugb-container:before{background-color:var(--theme-palette-color-7,#F9FAFB)}@media screen and (min-width:768px){.ugb-25beaa0-content-wrapper.ugb-container__content-wrapper{width:85% !important}.ugb-25beaa0.ugb-container{margin-bottom:0px !important;padding-top:0px !important;padding-right:35px !important;padding-bottom:0px !important;padding-left:35px !important}}@media screen and (min-width:768px) and (max-width:1025px){.ugb-25beaa0-content-wrapper.ugb-container__content-wrapper{width:100% !important}}@media screen and (max-width:768px){.ugb-25beaa0.ugb-container{margin-bottom:0px !important;padding-top:0px !important;padding-right:18px !important;padding-bottom:0px !important;padding-left:18px !important}}@media screen and (min-width:768px){.ugb-25beaa0 > .ugb-inner-block > .ugb-block-content > *{padding-top:40px !important;padding-bottom:40px !important}}@media screen and (max-width:768px){.ugb-25beaa0 > .ugb-inner-block > .ugb-block-content > *{padding-top:35px !important;padding-bottom:0px !important}}<\/style><div class=\"ugb-inner-block ugb-inner-block--center\"><div class=\"ugb-block-content\"><div class=\"ugb-container__wrapper ugb-25beaa0-wrapper\"><div class=\"ugb-container__side\"><div class=\"ugb-container__content-wrapper ugb-25beaa0-content-wrapper\">\n<div class=\"aligncenter wp-block-ugb-columns ugb-columns top-icons-columns ugb-609d063 ugb-columns--design-plain ugb-columns--columns-3 ugb-main-block\"><style>.ugb-609d063-content-wrapper{grid-column-gap:15px !important}@media screen and (min-width:768px) and (max-width:1025px){.ugb-609d063-content-wrapper{grid-column-gap:0px !important}}@media screen and (max-width:768px){.ugb-609d063-content-wrapper{grid-row-gap:0 !important;grid-column-gap:0px !important}.ugb-609d063 .ugb-inner-block{text-align:center}.ugb-609d063.ugb-columns{margin-top:0px !important;margin-bottom:0px !important}}<\/style><div class=\"ugb-inner-block\"><div class=\"ugb-block-content\"><div class=\"ugb-columns__item ugb-609d063-content-wrapper\">\n<div class=\"wp-block-ugb-column ugb-column ugb-aa84cea ugb-column--design-plain ugb-main-block\"><div class=\"ugb-inner-block\"><div class=\"ugb-block-content\"><div class=\"ugb-column__item ugb-aa84cea-column-wrapper\"><div class=\"ugb-column__content-wrapper\">\n<div class=\"wp-block-group is-layout-flow wp-block-group-is-layout-flow\">\n<div class=\"wp-block-media-text alignwide is-stacked-on-mobile is-vertically-aligned-center content-pages-top-icons\" style=\"grid-template-columns:30% auto\"><figure class=\"wp-block-media-text__media\"><img decoding=\"async\" src=\"https:\/\/varibox.best4u.dev\/wp-content\/uploads\/2021\/12\/test.svg\" alt=\"\" class=\"wp-image-3005 size-full\"\/><\/figure><div class=\"wp-block-media-text__content\">\n<h4 class=\"wp-block-heading has-text-align-left has-medium-font-size\">Sicherer<\/h4>\n<\/div><\/div>\n<\/div>\n<\/div><\/div><\/div><\/div><\/div>\n\n\n\n<div class=\"wp-block-ugb-column ugb-column ugb-a25ba9c ugb-column--design-plain ugb-main-block\"><div class=\"ugb-inner-block\"><div class=\"ugb-block-content\"><div class=\"ugb-column__item ugb-a25ba9c-column-wrapper\"><div class=\"ugb-column__content-wrapper\">\n<div class=\"wp-block-group is-layout-flow wp-block-group-is-layout-flow\">\n<div class=\"wp-block-media-text alignwide is-stacked-on-mobile is-vertically-aligned-center content-pages-top-icons\" style=\"grid-template-columns:30% auto\"><figure class=\"wp-block-media-text__media\"><img decoding=\"async\" src=\"https:\/\/varibox.best4u.dev\/wp-content\/uploads\/2021\/11\/reuseablility-green-1.svg\" alt=\"\" class=\"wp-image-1838 size-full\"\/><\/figure><div class=\"wp-block-media-text__content\">\n<h4 class=\"wp-block-heading has-text-align-left has-medium-font-size\">Wiederverwendbar<\/h4>\n<\/div><\/div>\n<\/div>\n<\/div><\/div><\/div><\/div><\/div>\n\n\n\n<div class=\"wp-block-ugb-column ugb-column ugb-ed3faa1 ugb-column--design-plain ugb-main-block\"><div class=\"ugb-inner-block\"><div class=\"ugb-block-content\"><div class=\"ugb-column__item ugb-ed3faa1-column-wrapper\"><div class=\"ugb-column__content-wrapper\">\n<div class=\"wp-block-group is-layout-flow wp-block-group-is-layout-flow\">\n<div class=\"wp-block-media-text alignwide is-stacked-on-mobile is-vertically-aligned-center content-pages-top-icons\" style=\"grid-template-columns:29% auto\"><figure class=\"wp-block-media-text__media\"><img decoding=\"async\" src=\"https:\/\/varibox.best4u.dev\/wp-content\/uploads\/2021\/11\/sustainability-green-1.svg\" alt=\"\" class=\"wp-image-1851 size-full\"\/><\/figure><div class=\"wp-block-media-text__content\">\n<h4 class=\"wp-block-heading has-text-align-left has-medium-font-size\">Nachhaltig<\/h4>\n<\/div><\/div>\n<\/div>\n<\/div><\/div><\/div><\/div><\/div>\n<\/div><\/div><\/div><\/div>\n<\/div><\/div><\/div><\/div><\/div><\/div>\n\n\n\n<h3 class=\"wp-block-heading\" id=\"tw-target-text\">Vielfalt der Themen<\/h3>\n\n\n\n<p id=\"tw-target-text\">Bei VARIBOX ist Sicherheit Nummer 1. Wir helfen Ihnen gerne, Nummer 1 zu erreichen. Gerne bieten wir Ihnen unsere Produktschulung an zur Verbesserung der Sicherheit. Die VARIBOX-Produktschulung ist in verschiedene Themen unterteilt.<\/p>\n\n\n\n<ul class=\"wp-block-list\">\n<li>Produktmerkmale der VARIBOX<\/li>\n\n\n\n<li>Gef\u00e4hrliche Situationen mit IBC\u2019s erkennen<\/li>\n\n\n\n<li>Kenntnis der f\u00fcr IBC geltenden Lager- und Transportvorschriften<\/li>\n\n\n\n<li>Verst\u00e4ndnis vom UN-Kennzeichen<\/li>\n\n\n\n<li>Die relevanten Aspekte der AwSV<\/li>\n\n\n\n<li>Chemische Best\u00e4ndigkeit EPDM und Viton Dichtungen<\/li>\n\n\n\n<li>Die sichere Handhabung der VARIBOX<\/li>\n\n\n\n<li>Anschliessen der VARIBOX auf sichere Art und Weise<\/li>\n\n\n\n<li>Die Vorschriften f\u00fcr die Be-, und Entl\u00fcftung der VARIBOX<\/li>\n\n\n\n<li>Die Reinigung der VARIBOX<\/li>\n<\/ul>\n\n\n\n<p id=\"tw-target-text\">Zus\u00e4tzlich zu diesen Themen wird nat\u00fcrlich auch Ihre spezifische Situation ausf\u00fchrlich betrachtet.<\/p>\n\n\n\n<h2 class=\"wp-block-heading\" id=\"tw-target-text\">Ein Blick in die K\u00fcche in Deventer<\/h2>\n\n\n\n<p>M\u00f6chten Sie das Werk in Deventer besichtigen? Das ist m\u00f6glich! An unserem VARIBOX-Produktionsstandort in Deventer k\u00f6nnen Sie die VARIBOX-Produktschulung verfolgen. Au\u00dferdem k\u00f6nnen Sie hier mit eigenen Augen sehen, wie die VARIBOX auf unserer ergonomischen Produktionslinie hergestellt wird. Wir laden Sie auch ein, die VARIBOX in unserem Demoraum zu sehen.<\/p>\n\n\n\n<h2 class=\"wp-block-heading\" id=\"tw-target-text\">VARIBOX Produktschulung vor Ort<\/h2>\n\n\n\n<p>H\u00e4tten Sie die VARIBOX-Produktschulung lieber vor Ort? Das ist auch m\u00f6glich. Die Schulung kann nach Absprache von unserem New Business Manager&nbsp;<a href=\"https:\/\/www.linkedin.com\/in\/kobusbruins\/\" target=\"_blank\" rel=\"noreferrer noopener\">Kobus Bruins<\/a>&nbsp;durchgef\u00fchrt werden. Herr Bruins erkl\u00e4rt Ihnen gerne, wie Sie mit der VARIBOX sicher mit Chemie arbeiten k\u00f6nnen.<\/p>\n\n\n\n<h3 class=\"wp-block-heading\" id=\"tw-target-text\">Vereinbaren Sie einen Termin oder weitere Informationen<\/h3>\n\n\n\n<p>M\u00f6chten Sie einen Termin f\u00fcr eine Produktschulung vereinbaren? Das geht ganz einfach \u00fcber unsere Kontaktseite. Haben Sie noch spezielle Fragen oder m\u00f6chten Sie mehr \u00fcber die&nbsp;<a href=\"https:\/\/varibox.best4u.dev\/de\/varibox_product\/varibox-full-containment\/\">VARIBOX FC<\/a>&nbsp;oder&nbsp;<a href=\"https:\/\/varibox.best4u.dev\/de\/varibox_product\/varibox-single-containment\/\">VARIBOX SC<\/a>&nbsp;erfahren? Bitte kontaktieren Sie uns unter info@varibox-ibc.com oder telefonisch unter 0570-660-711.<\/p>\n\n\n\n<h2 class=\"wp-block-heading\" id=\"referenzen\">Referenzen<\/h2>\n\n\n\n<h4 class=\"wp-block-heading\" id=\"varibox-schulung-im-schulungszentrum-der-berufsgenossenschaft-fur-nahrungsmittel-und-gastgewerbe\">VARIBOX Schulung im Schulungszentrum der Berufsgenossenschaft f\u00fcr Nahrungsmittel und Gastgewerbe.<\/h4>\n\n\n\n<p>&#8222;Die HSE-Manager der Vion Food Group Deutschland trafen sich im Mai 2019 zu einem dreit\u00e4gigen Erfahrungsaustausch im Schulungszentrum der Berufsgenossenschaft f\u00fcr Nahrungsmittel und Gastgewerbe in Friedrichroda. Man informierte sich \u00fcber Innovationen im Bereich des Arbeitsschutzes. Ein Kernpunkt der Veranstaltung war die Vorstellung der &#8222;VARIBOX&#8220; durch Herrn Kobus Bruins vom Unternehmen RPC PROMENS. Die Vion HSE-Manager waren sehr beeindruckt von den Eigenschaften der VARIBOX zum sicheren Transport und Lagerung von Gefahrstoffen. Die HSE-Manager pr\u00fcfen nun die Einsatzm\u00f6glichkeiten der VARIBOX im Vion Konzern.&#8220;<\/p>\n\n\n\n<figure class=\"wp-block-image size-full\"><img decoding=\"async\" src=\"https:\/\/varibox.best4u.dev\/wp-content\/uploads\/2024\/10\/Erfahrungsaustausch-Vion-Sifas-05-2019-1024x768-1.jpg\" alt=\"\" class=\"wp-image-8716\" title=\"VARIBOX Schulung im Schulungszentrum der Berufsgenossenschaft f\u00fcr Nahrungsmittel und Gastgewerbe.\"\/><\/figure>\n\n\n\n<div style=\"height:60px\" aria-hidden=\"true\" class=\"wp-block-spacer\"><\/div>\n\n\n\n<div class=\"alignfull wp-block-ugb-container ugb-container ugb-5563735 ugb-container--v2 ugb-container--design-plain ugb-main-block ugb-main-block--inner-center ugb--has-block-background\"><style>.ugb-5563735.ugb-container{background-color:#f1f5f9}.ugb-5563735.ugb-container:before{background-color:#f1f5f9}@media screen and (min-width:768px){.ugb-5563735.ugb-container{padding-top:0px !important;padding-right:35px !important;padding-bottom:0px !important;padding-left:35px !important}}@media screen and (max-width:768px){.ugb-5563735.ugb-container{padding-top:0px !important;padding-right:18px !important;padding-bottom:0px !important;padding-left:18px !important}}@media screen and (min-width:768px){.ugb-5563735 > .ugb-inner-block > .ugb-block-content > *{padding-top:64px !important;padding-bottom:64px !important}}<\/style><div class=\"ugb-inner-block ugb-inner-block--center\"><div class=\"ugb-block-content\"><div class=\"ugb-container__wrapper ugb-5563735-wrapper\"><div class=\"ugb-container__side\"><div class=\"ugb-container__content-wrapper ugb-5563735-content-wrapper\">\n<div class=\"wp-block-ugb-heading ugb-heading wow animate__animated animate__fadeIn ugb-5ca6fcf ugb-main-block\"><style>.ugb-5ca6fcf .ugb-heading__title{text-align:center;margin-bottom:24px !important}.ugb-5ca6fcf .ugb-heading__subtitle{margin-bottom:24px !important}.ugb-5ca6fcf .ugb-inner-block{text-align:center}@media screen and (min-width:768px){.ugb-5ca6fcf.ugb-heading{margin-bottom:0px !important}}<\/style><div class=\"ugb-inner-block\"><div class=\"ugb-block-content\"><h3 class=\"ugb-heading__title\">M\u00f6chten Sie mehr erfahren \u00fcber die VARIBOX Produktschulung<\/h3><p class=\"ugb-heading__subtitle\">Haben Sie spezielle Fragen zur VARIBOX Productschulung oder die IBCs von&nbsp;VARIBOX? W\u00fcnschen Sie <a data-type=\"URL\" data-id=\"https:\/\/varibox.best4u.dev\/de\/kontakt\/\" href=\"https:\/\/varibox.best4u.dev\/de\/kontakt\/\">weitere Informationen,<\/a> wenden Sie sich bitte an info@varibox-ibc.com oder rufen Sie an +31-570-660-711.<\/p><\/div><\/div><\/div>\n\n\n\n<div class=\"wp-block-ugb-button ugb-button-wrapper green-button wow animate__animated animate__fadeIn ugb-f7dec0e ugb-main-block\"><style>.ugb-f7dec0e .ugb-block-content{justify-content:center !important}.ugb-f7dec0e .ugb-button1 .ugb-button--inner{font-weight:bold !important}.ugb-f7dec0e .ugb-button1:hover{opacity:1}.ugb-f7dec0e .ugb-inner-block{text-align:center}@media screen and (min-width:768px){.ugb-f7dec0e.ugb-button-wrapper{margin-bottom:0px !important}}<\/style><div class=\"ugb-inner-block\"><div class=\"ugb-block-content\"><div class=\"ugb-button-container\"><a class=\"ugb-button1 ugb-button ugb-button--size-normal\" href=\"https:\/\/varibox.best4u.dev\/de\/kontakt\/\" rel=\"\" title=\"\"><span class=\"ugb-button--inner\">Kontaktieren Sie uns<\/span><\/a><\/div><\/div><\/div><\/div>\n<\/div><\/div><\/div><\/div><\/div><\/div>\n","protected":false},"excerpt":{"rendered":"<p>VARIBOX Produktschulung Sicheres Arbeiten mit der Chemie hat oberste Priorit\u00e4t. Kenntnisse in diesem Bereich sind von gro\u00dfer Bedeutung, weshalb die VARIBOX Produktschulung ins Leben gerufen wurde. Diese speziell entwickelte Schulung f\u00f6rdert das Wissen im Sicherheitsbereich und tr\u00e4gt dazu bei, unsichere Situationen in Bezug auf Intermediate Bulk Container (IBC) zu erkennen. Kontakt aufnehmen Vielfalt der Themen [&hellip;]<\/p>\n","protected":false},"author":1,"featured_media":29374,"parent":0,"menu_order":0,"comment_status":"open","ping_status":"open","template":"","meta":{"_acf_changed":false,"footnotes":""},"class_list":["post-51752","page","type-page","status-publish","has-post-thumbnail","hentry"],"blocksy_meta":{"styles_descriptor":{"styles":{"desktop":"","tablet":"","mobile":""},"google_fonts":[],"version":6}},"featured_image_urls_v2":{"full":["https:\/\/varibox.best4u.dev\/wp-content\/uploads\/2024\/10\/Erfahrungsaustausch-Vion-Sifas-05-2019-1024x768-1.jpg",1024,768,false],"thumbnail":["https:\/\/varibox.best4u.dev\/wp-content\/uploads\/2024\/10\/Erfahrungsaustausch-Vion-Sifas-05-2019-1024x768-1-256x256.jpg",256,256,true],"medium":["https:\/\/varibox.best4u.dev\/wp-content\/uploads\/2024\/10\/Erfahrungsaustausch-Vion-Sifas-05-2019-1024x768-1-512x384.jpg",512,384,true],"medium_large":["https:\/\/varibox.best4u.dev\/wp-content\/uploads\/2024\/10\/Erfahrungsaustausch-Vion-Sifas-05-2019-1024x768-1-768x576.jpg",768,576,true],"large":["https:\/\/varibox.best4u.dev\/wp-content\/uploads\/2024\/10\/Erfahrungsaustausch-Vion-Sifas-05-2019-1024x768-1.jpg",1024,768,false],"1536x1536":["https:\/\/varibox.best4u.dev\/wp-content\/uploads\/2024\/10\/Erfahrungsaustausch-Vion-Sifas-05-2019-1024x768-1.jpg",1024,768,false],"2048x2048":["https:\/\/varibox.best4u.dev\/wp-content\/uploads\/2024\/10\/Erfahrungsaustausch-Vion-Sifas-05-2019-1024x768-1.jpg",1024,768,false],"woocommerce_archive_thumbnail":["https:\/\/varibox.best4u.dev\/wp-content\/uploads\/2024\/10\/Erfahrungsaustausch-Vion-Sifas-05-2019-1024x768-1-270x203.jpg",270,203,true],"gform-image-choice-sm":["https:\/\/varibox.best4u.dev\/wp-content\/uploads\/2024\/10\/Erfahrungsaustausch-Vion-Sifas-05-2019-1024x768-1.jpg",300,225,false],"gform-image-choice-md":["https:\/\/varibox.best4u.dev\/wp-content\/uploads\/2024\/10\/Erfahrungsaustausch-Vion-Sifas-05-2019-1024x768-1.jpg",400,300,false],"gform-image-choice-lg":["https:\/\/varibox.best4u.dev\/wp-content\/uploads\/2024\/10\/Erfahrungsaustausch-Vion-Sifas-05-2019-1024x768-1.jpg",600,450,false],"woocommerce_thumbnail":["https:\/\/varibox.best4u.dev\/wp-content\/uploads\/2024\/10\/Erfahrungsaustausch-Vion-Sifas-05-2019-1024x768-1-270x203.jpg",270,203,true],"woocommerce_single":["https:\/\/varibox.best4u.dev\/wp-content\/uploads\/2024\/10\/Erfahrungsaustausch-Vion-Sifas-05-2019-1024x768-1.jpg",1024,768,false],"woocommerce_gallery_thumbnail":["https:\/\/varibox.best4u.dev\/wp-content\/uploads\/2024\/10\/Erfahrungsaustausch-Vion-Sifas-05-2019-1024x768-1-100x100.jpg",100,100,true],"variation_swatches_image_size":["https:\/\/varibox.best4u.dev\/wp-content\/uploads\/2024\/10\/Erfahrungsaustausch-Vion-Sifas-05-2019-1024x768-1-50x50.jpg",50,50,true],"variation_swatches_tooltip_size":["https:\/\/varibox.best4u.dev\/wp-content\/uploads\/2024\/10\/Erfahrungsaustausch-Vion-Sifas-05-2019-1024x768-1-100x100.jpg",100,100,true]},"post_excerpt_stackable_v2":"<p>VARIBOX ProduktschulungSicheres Arbeiten mit der Chemie hat oberste Priorit\u00e4t. Kenntnisse in diesem Bereich sind von gro\u00dfer Bedeutung, weshalb die VARIBOX Produktschulung ins Leben gerufen wurde. Diese speziell entwickelte Schulung f\u00f6rdert das Wissen im Sicherheitsbereich und tr\u00e4gt dazu bei, unsichere Situationen in Bezug auf Intermediate Bulk Container (IBC) zu erkennen. Kontakt aufnehmen Sicherer Wiederverwendbar Nachhaltig Vielfalt der Themen Bei VARIBOX ist Sicherheit Nummer 1. Wir helfen Ihnen gerne, Nummer 1 zu erreichen. Gerne bieten wir Ihnen unsere Produktschulung an zur Verbesserung der Sicherheit. Die VARIBOX-Produktschulung ist in verschiedene Themen unterteilt. Produktmerkmale der VARIBOX Gef\u00e4hrliche Situationen mit IBC\u2019s erkennen Kenntnis der f\u00fcr&hellip;<\/p>\n","category_list_v2":"","author_info_v2":{"name":"Best4u","url":"https:\/\/varibox.best4u.dev\/de\/author\/best4u\/"},"comments_num_v2":"0 comments","acf":[],"_links":{"self":[{"href":"https:\/\/varibox.best4u.dev\/de\/wp-json\/wp\/v2\/pages\/51752","targetHints":{"allow":["GET"]}}],"collection":[{"href":"https:\/\/varibox.best4u.dev\/de\/wp-json\/wp\/v2\/pages"}],"about":[{"href":"https:\/\/varibox.best4u.dev\/de\/wp-json\/wp\/v2\/types\/page"}],"author":[{"embeddable":true,"href":"https:\/\/varibox.best4u.dev\/de\/wp-json\/wp\/v2\/users\/1"}],"replies":[{"embeddable":true,"href":"https:\/\/varibox.best4u.dev\/de\/wp-json\/wp\/v2\/comments?post=51752"}],"version-history":[{"count":1,"href":"https:\/\/varibox.best4u.dev\/de\/wp-json\/wp\/v2\/pages\/51752\/revisions"}],"predecessor-version":[{"id":51753,"href":"https:\/\/varibox.best4u.dev\/de\/wp-json\/wp\/v2\/pages\/51752\/revisions\/51753"}],"wp:featuredmedia":[{"embeddable":true,"href":"https:\/\/varibox.best4u.dev\/de\/wp-json\/wp\/v2\/media\/29374"}],"wp:attachment":[{"href":"https:\/\/varibox.best4u.dev\/de\/wp-json\/wp\/v2\/media?parent=51752"}],"curies":[{"name":"wp","href":"https:\/\/api.w.org\/{rel}","templated":true}]}}