{"id":50851,"date":"2021-09-06T08:18:34","date_gmt":"2021-09-06T06:18:34","guid":{"rendered":"https:\/\/varibox.best4u.dev\/ausgewaehlte-berichte\/"},"modified":"2025-05-22T11:18:51","modified_gmt":"2025-05-22T09:18:51","slug":"ausgewaehlte-berichte","status":"publish","type":"page","link":"https:\/\/varibox.best4u.dev\/de\/ausgewaehlte-berichte\/","title":{"rendered":"Berichte"},"content":{"rendered":"\n<div class=\"wp-block-ugb-columns ugb-columns ugb-0d5d96e ugb-columns--design-plain ugb-columns--columns-2 ugb-main-block\"><style>.ugb-0d5d96e > .ugb-inner-block > .ugb-block-content > .ugb-columns__item{grid-template-columns:1.40fr 0.60fr !important}@media screen and (min-width:768px){.ugb-0d5d96e.ugb-columns{margin-bottom:83px !important}}@media screen and (max-width:768px){.ugb-0d5d96e-content-wrapper{grid-row-gap:0 !important}}<\/style><div class=\"ugb-inner-block\"><div class=\"ugb-block-content\"><div class=\"ugb-columns__item ugb-0d5d96e-content-wrapper\">\n<div class=\"wp-block-ugb-column ugb-column ugb-b383129 ugb-column--design-plain ugb-main-block\"><div class=\"ugb-inner-block\"><div class=\"ugb-block-content\"><div class=\"ugb-column__item ugb-b383129-column-wrapper\"><div class=\"ugb-column__content-wrapper\">\n<div class=\"wp-block-ugb-heading ugb-heading wow animate__animated animate__fadeIn ugb-bcdb7f0 ugb-main-block\"><style>.ugb-bcdb7f0 .ugb-heading__subtitle{margin-bottom:-5px !important}<\/style><div class=\"ugb-inner-block\"><div class=\"ugb-block-content\"><h1 class=\"ugb-heading__title\">Ausgew\u00e4hlte Berichte<\/h1><p class=\"ugb-heading__subtitle\">Auf dieser Seite finden Sie ausgew\u00e4hlte Berichte \u00fcber Erfahrungen von Kunden und Anwendern, die zeigen, wie unsere IBCs in Optima Forma eingesetzt werden. Das nachhaltige, wiederverwendbare und sichere Design und die Konstruktion unserer VARIBOX-IBCs erm\u00f6glichen den Einsatz in vielen verschiedenen Anwendungen in zahlreichen M\u00e4rkten. <\/p><\/div><\/div><\/div>\n\n\n\n<div class=\"wp-block-ugb-button ugb-button-wrapper green-button wow animate__animated animate__fadeIn ugb-ee16d32 ugb-button--mobile-aligned ugb-main-block\"><style>.ugb-ee16d32 .ugb-block-content{justify-content:flex-start !important}.ugb-ee16d32 .ugb-button1 .ugb-button--inner{font-weight:bold !important}.ugb-ee16d32 .ugb-button1:hover{opacity:1}.ugb-ee16d32 .ugb-inner-block{text-align:left}@media screen and (min-width:768px){.ugb-ee16d32.ugb-button-wrapper{margin-bottom:0px !important}}@media screen and (max-width:768px){.ugb-ee16d32 .ugb-block-content{justify-content:center !important}.ugb-ee16d32 .ugb-inner-block{text-align:center}}<\/style><div class=\"ugb-inner-block\"><div class=\"ugb-block-content\"><div class=\"ugb-button-container\"><a class=\"ugb-button1 ugb-button ugb-button--size-normal\" href=\"https:\/\/varibox.best4u.dev\/de\/kontakt\/\" rel=\"\" title=\"\"><span class=\"ugb-button--inner\">Kontakt aufnehmen<\/span><\/a><\/div><\/div><\/div><\/div>\n<\/div><\/div><\/div><\/div><\/div>\n\n\n\n<div class=\"wp-block-ugb-column ugb-column ugb-e882f9a ugb-column--design-plain ugb-main-block\"><style>@media screen and (max-width:768px){.ugb-e882f9a .ugb-inner-block{text-align:center}}<\/style><div class=\"ugb-inner-block\"><div class=\"ugb-block-content\"><div class=\"ugb-column__item ugb-e882f9a-column-wrapper\"><div class=\"ugb-column__content-wrapper\">\n<figure class=\"wp-block-image size-full wow animate__animated animate__fadeIn\"><img decoding=\"async\" width=\"325\" height=\"370\" src=\"https:\/\/varibox.best4u.dev\/wp-content\/uploads\/2024\/11\/VARIBOX-Compact-Containment-54.png\" alt=\"\" class=\"wp-image-62453\" srcset=\"https:\/\/varibox.best4u.dev\/wp-content\/uploads\/2024\/11\/VARIBOX-Compact-Containment-54.png 325w, https:\/\/varibox.best4u.dev\/wp-content\/uploads\/2024\/11\/VARIBOX-Compact-Containment-54-270x307.png 270w\" sizes=\"(max-width: 325px) 100vw, 325px\" \/><\/figure>\n<\/div><\/div><\/div><\/div><\/div>\n<\/div><\/div><\/div><\/div>\n\n\n\n<div class=\"alignfull wp-block-ugb-container ugb-container ugb-25beaa0 ugb-container--v2 ugb-container--design-plain ugb-main-block ugb-main-block--inner-center ugb--has-block-background\"><style>.ugb-25beaa0.ugb-container{background-color:var(--theme-palette-color-7,#F9FAFB)}.ugb-25beaa0.ugb-container:before{background-color:var(--theme-palette-color-7,#F9FAFB)}@media screen and (min-width:768px){.ugb-25beaa0-content-wrapper.ugb-container__content-wrapper{width:85% !important}.ugb-25beaa0.ugb-container{margin-bottom:0px !important;padding-top:0px !important;padding-right:35px !important;padding-bottom:0px !important;padding-left:35px !important}}@media screen and (min-width:768px) and (max-width:1025px){.ugb-25beaa0-content-wrapper.ugb-container__content-wrapper{width:100% !important}}@media screen and (max-width:768px){.ugb-25beaa0.ugb-container{margin-bottom:0px !important;padding-top:0px !important;padding-right:18px !important;padding-bottom:0px !important;padding-left:18px !important}}@media screen and (min-width:768px){.ugb-25beaa0 > .ugb-inner-block > .ugb-block-content > *{padding-top:40px !important;padding-bottom:40px !important}}@media screen and (max-width:768px){.ugb-25beaa0 > .ugb-inner-block > .ugb-block-content > *{padding-top:35px !important;padding-bottom:0px !important}}<\/style><div class=\"ugb-inner-block ugb-inner-block--center\"><div class=\"ugb-block-content\"><div class=\"ugb-container__wrapper ugb-25beaa0-wrapper\"><div class=\"ugb-container__side\"><div class=\"ugb-container__content-wrapper ugb-25beaa0-content-wrapper\">\n<div class=\"aligncenter wp-block-ugb-columns ugb-columns top-icons-columns ugb-609d063 ugb-columns--design-plain ugb-columns--columns-3 ugb-main-block\"><style>.ugb-609d063-content-wrapper{grid-column-gap:15px !important}@media screen and (min-width:768px) and (max-width:1025px){.ugb-609d063-content-wrapper{grid-column-gap:0px !important}}@media screen and (max-width:768px){.ugb-609d063-content-wrapper{grid-row-gap:0 !important;grid-column-gap:0px !important}.ugb-609d063 .ugb-inner-block{text-align:center}.ugb-609d063.ugb-columns{margin-top:0px !important;margin-bottom:0px !important}}<\/style><div class=\"ugb-inner-block\"><div class=\"ugb-block-content\"><div class=\"ugb-columns__item ugb-609d063-content-wrapper\">\n<div class=\"wp-block-ugb-column ugb-column ugb-aa84cea ugb-column--design-plain ugb-main-block\"><div class=\"ugb-inner-block\"><div class=\"ugb-block-content\"><div class=\"ugb-column__item ugb-aa84cea-column-wrapper\"><div class=\"ugb-column__content-wrapper\">\n<div class=\"wp-block-group is-layout-flow wp-block-group-is-layout-flow\">\n<div class=\"wp-block-media-text alignwide is-stacked-on-mobile is-vertically-aligned-center content-pages-top-icons\" style=\"grid-template-columns:30% auto\"><figure class=\"wp-block-media-text__media\"><img decoding=\"async\" src=\"https:\/\/varibox.best4u.dev\/wp-content\/uploads\/2021\/12\/test.svg\" alt=\"\" class=\"wp-image-3005 size-full\"\/><\/figure><div class=\"wp-block-media-text__content\">\n<h4 class=\"wp-block-heading has-text-align-left has-medium-font-size\">Sicherer<\/h4>\n<\/div><\/div>\n<\/div>\n<\/div><\/div><\/div><\/div><\/div>\n\n\n\n<div class=\"wp-block-ugb-column ugb-column ugb-a25ba9c ugb-column--design-plain ugb-main-block\"><div class=\"ugb-inner-block\"><div class=\"ugb-block-content\"><div class=\"ugb-column__item ugb-a25ba9c-column-wrapper\"><div class=\"ugb-column__content-wrapper\">\n<div class=\"wp-block-group is-layout-flow wp-block-group-is-layout-flow\">\n<div class=\"wp-block-media-text alignwide is-stacked-on-mobile is-vertically-aligned-center content-pages-top-icons\" style=\"grid-template-columns:30% auto\"><figure class=\"wp-block-media-text__media\"><img decoding=\"async\" src=\"https:\/\/varibox.best4u.dev\/wp-content\/uploads\/2021\/11\/reuseablility-green-1.svg\" alt=\"\" class=\"wp-image-1838 size-full\"\/><\/figure><div class=\"wp-block-media-text__content\">\n<h4 class=\"wp-block-heading has-text-align-left has-medium-font-size\">Wiederverwendbar<\/h4>\n<\/div><\/div>\n<\/div>\n<\/div><\/div><\/div><\/div><\/div>\n\n\n\n<div class=\"wp-block-ugb-column ugb-column ugb-ed3faa1 ugb-column--design-plain ugb-main-block\"><div class=\"ugb-inner-block\"><div class=\"ugb-block-content\"><div class=\"ugb-column__item ugb-ed3faa1-column-wrapper\"><div class=\"ugb-column__content-wrapper\">\n<div class=\"wp-block-group is-layout-flow wp-block-group-is-layout-flow\">\n<div class=\"wp-block-media-text alignwide is-stacked-on-mobile is-vertically-aligned-center content-pages-top-icons\" style=\"grid-template-columns:29% auto\"><figure class=\"wp-block-media-text__media\"><img decoding=\"async\" src=\"https:\/\/varibox.best4u.dev\/wp-content\/uploads\/2021\/11\/sustainability-green-1.svg\" alt=\"\" class=\"wp-image-1851 size-full\"\/><\/figure><div class=\"wp-block-media-text__content\">\n<h4 class=\"wp-block-heading has-text-align-left has-medium-font-size\">Nachhaltig<\/h4>\n<\/div><\/div>\n<\/div>\n<\/div><\/div><\/div><\/div><\/div>\n<\/div><\/div><\/div><\/div>\n<\/div><\/div><\/div><\/div><\/div><\/div>\n\n\n\n<div class=\"alignfull wp-block-ugb-container ugb-container ugb-0591a81 ugb-container--v2 ugb-container--design-plain ugb-main-block ugb-main-block--inner-center ugb--has-block-background ugb--has-background-overlay\"><style>.ugb-0591a81.ugb-container{background-color:var(--theme-palette-color-8,#f8fafc)}.ugb-0591a81.ugb-container:before{background-image:linear-gradient(180deg,var(--theme-palette-color-8,#f8fafc) 0%,#ffffff 100%)}@media screen and (min-width:768px){.ugb-0591a81.ugb-container{padding-top:0px !important;padding-right:35px !important;padding-bottom:0px !important;padding-left:35px !important}}@media screen and (max-width:768px){.ugb-0591a81.ugb-container{padding-top:0px !important;padding-right:18px !important;padding-bottom:0px !important;padding-left:18px !important}}@media screen and (min-width:768px){.ugb-0591a81 > .ugb-inner-block > .ugb-block-content > *{padding-top:64px !important;padding-bottom:64px !important}}<\/style><div class=\"ugb-inner-block ugb-inner-block--center\"><div class=\"ugb-block-content\"><div class=\"ugb-container__wrapper ugb-0591a81-wrapper\"><div class=\"ugb-container__side\"><div class=\"ugb-container__content-wrapper ugb-0591a81-content-wrapper\">\n<div class=\"wp-block-ugb-blog-posts ugb-blog-posts stories-posts wow animate__animated animate__fadeIn ugb-c0da02c ugb-blog-posts--v2 ugb-blog-posts--design-basic ugb-blog-posts--columns-3 ugb-main-block\" data-load-items=\"\" data-id=\"ugb-c0da02c\"><style>.ugb-c0da02c .ugb-blog-posts__featured-image{border-radius:8px !important;margin-bottom:24px !important}.ugb-c0da02c .ugb-blog-posts__featured-image img{height:300px !important}.ugb-c0da02c .ugb-blog-posts__title a{color:var(--theme-palette-color-3,#334155) !important}.ugb-c0da02c .ugb-blog-posts__title a:hover{opacity:0.8}.ugb-c0da02c .ugb-blog-posts__title{line-height:1.5em !important;margin-bottom:24px !important}.ugb-c0da02c .ugb-blog-posts__excerpt{margin-bottom:24px !important}.ugb-c0da02c .ugb-blog-posts__readmore a{color:var(--theme-palette-color-1,#0178be) !important}.ugb-c0da02c .ugb-blog-posts__readmore a:hover{opacity:0.8}.ugb-c0da02c .ugb-blog-posts__readmore{margin-bottom:0px !important}<\/style><div class=\"ugb-inner-block\"><div class=\"ugb-block-content\"><article class=\"ugb-blog-posts__item\"><div class=\"ugb-blog-posts__content\"><figure class=\"ugb-blog-posts__featured-image ugb--shadow-3\"><a href=\"https:\/\/varibox.best4u.dev\/de\/story\/varibox-und-tensid-chemie\/\"><img decoding=\"async\" width=\"1024\" height=\"768\" src=\"https:\/\/varibox.best4u.dev\/wp-content\/uploads\/2025\/05\/VARIBOX-Tensid-and-Refresco-1-scaled-1-1024x768.jpg\" class=\"attachment-large size-large wp-post-image\" alt=\"\" \/><\/a><\/figure><h3 class=\"ugb-blog-posts__title\"><a href=\"https:\/\/varibox.best4u.dev\/de\/story\/varibox-und-tensid-chemie\/\">VARIBOX und Tensid-Chemie<\/a><\/h3><div class=\"ugb-blog-posts__excerpt\"><p>VARIBOX und Tensid-Chemie \u2013 Wir freuen uns, Ihnen heute \u00fcber eine neue und eine alte Partnerschaft zu berichten.<\/p>\n<\/div><p class=\"ugb-blog-posts__readmore\"><a href=\"https:\/\/varibox.best4u.dev\/de\/story\/varibox-und-tensid-chemie\/\">Weiterlesen<\/a><\/p><\/div><\/article><article class=\"ugb-blog-posts__item\"><div class=\"ugb-blog-posts__content\"><figure class=\"ugb-blog-posts__featured-image ugb--shadow-3\"><a href=\"https:\/\/varibox.best4u.dev\/de\/story\/varibox-dr-weigert-polska-zusammenarbeit\/\"><img decoding=\"async\" width=\"768\" height=\"1024\" src=\"https:\/\/varibox.best4u.dev\/wp-content\/uploads\/2025\/05\/VARIBOX-Dr.-Weigert-Polska-cooperation-1-768x1024.jpg\" class=\"attachment-large size-large wp-post-image\" alt=\"\" \/><\/a><\/figure><h3 class=\"ugb-blog-posts__title\"><a href=\"https:\/\/varibox.best4u.dev\/de\/story\/varibox-dr-weigert-polska-zusammenarbeit\/\">VARIBOX &amp; Dr. Weigert Polska Zusammenarbeit<\/a><\/h3><div class=\"ugb-blog-posts__excerpt\"><p>Erh\u00f6hte Kundenzufriedenheit in medizinischen Einrichtungen in Polen, dank der schnellen Entwicklung von VBARIBOX &amp; Dr. Weigert Polska Kooperation.<\/p>\n<\/div><p class=\"ugb-blog-posts__readmore\"><a href=\"https:\/\/varibox.best4u.dev\/de\/story\/varibox-dr-weigert-polska-zusammenarbeit\/\">Weiterlesen<\/a><\/p><\/div><\/article><article class=\"ugb-blog-posts__item\"><div class=\"ugb-blog-posts__content\"><figure class=\"ugb-blog-posts__featured-image ugb--shadow-3\"><a href=\"https:\/\/varibox.best4u.dev\/de\/story\/varibox-interview-in-der-aecq\/\"><img decoding=\"async\" width=\"1024\" height=\"691\" src=\"https:\/\/varibox.best4u.dev\/wp-content\/uploads\/2025\/05\/VARIBOX.jpg\" class=\"attachment-large size-large wp-post-image\" alt=\"\" \/><\/a><\/figure><h3 class=\"ugb-blog-posts__title\"><a href=\"https:\/\/varibox.best4u.dev\/de\/story\/varibox-interview-in-der-aecq\/\">VARIBOX-Interview in der AECQ<\/a><\/h3><div class=\"ugb-blog-posts__excerpt\"><p>Heute hat der spanische Chemiehandelsverband (AECQ) unseren Kundenbetreuer f\u00fcr S\u00fcdeuropa, Christophe Maricourt, interviewt.<\/p>\n<\/div><p class=\"ugb-blog-posts__readmore\"><a href=\"https:\/\/varibox.best4u.dev\/de\/story\/varibox-interview-in-der-aecq\/\">Weiterlesen<\/a><\/p><\/div><\/article><article class=\"ugb-blog-posts__item\"><div class=\"ugb-blog-posts__content\"><figure class=\"ugb-blog-posts__featured-image ugb--shadow-3\"><a href=\"https:\/\/varibox.best4u.dev\/de\/story\/varibox-bei-der-11-ausgabe-der-diversey-academy\/\"><img decoding=\"async\" width=\"1024\" height=\"768\" src=\"https:\/\/varibox.best4u.dev\/wp-content\/uploads\/2025\/05\/IMG_5863-scaled-1-1024x768.jpg\" class=\"attachment-large size-large wp-post-image\" alt=\"\" \/><\/a><\/figure><h3 class=\"ugb-blog-posts__title\"><a href=\"https:\/\/varibox.best4u.dev\/de\/story\/varibox-bei-der-11-ausgabe-der-diversey-academy\/\">VARIBOX bei der 11. Ausgabe der Diversey Academy<\/a><\/h3><div class=\"ugb-blog-posts__excerpt\"><p>VARIBOX bei der 11. Ausgabe der Diversey Academy<\/p>\n<\/div><p class=\"ugb-blog-posts__readmore\"><a href=\"https:\/\/varibox.best4u.dev\/de\/story\/varibox-bei-der-11-ausgabe-der-diversey-academy\/\">Weiterlesen<\/a><\/p><\/div><\/article><article class=\"ugb-blog-posts__item\"><div class=\"ugb-blog-posts__content\"><figure class=\"ugb-blog-posts__featured-image ugb--shadow-3\"><a href=\"https:\/\/varibox.best4u.dev\/de\/story\/varibox-full-containment-10-jahre-im-einsatz-bei-sopura\/\"><img decoding=\"async\" width=\"1024\" height=\"683\" src=\"https:\/\/varibox.best4u.dev\/wp-content\/uploads\/2025\/05\/Mireille-and-Arthur-at-Kersia-Belgium-1024x683.jpg\" class=\"attachment-large size-large wp-post-image\" alt=\"\" \/><\/a><\/figure><h3 class=\"ugb-blog-posts__title\"><a href=\"https:\/\/varibox.best4u.dev\/de\/story\/varibox-full-containment-10-jahre-im-einsatz-bei-sopura\/\">VARIBOX FC 10 Jahre im Einsatz bei Sopura<\/a><\/h3><div class=\"ugb-blog-posts__excerpt\"><p>VARIBOX Full Containment 10 years in usage at Sopura<\/p>\n<\/div><p class=\"ugb-blog-posts__readmore\"><a href=\"https:\/\/varibox.best4u.dev\/de\/story\/varibox-full-containment-10-jahre-im-einsatz-bei-sopura\/\">Weiterlesen<\/a><\/p><\/div><\/article><article class=\"ugb-blog-posts__item\"><div class=\"ugb-blog-posts__content\"><figure class=\"ugb-blog-posts__featured-image ugb--shadow-3\"><a href=\"https:\/\/varibox.best4u.dev\/de\/story\/revolution-im-umgang-mit-chemikalien\/\"><img decoding=\"async\" width=\"1024\" height=\"700\" src=\"https:\/\/varibox.best4u.dev\/wp-content\/uploads\/2025\/05\/Varibox_250_CC-1024x700.jpg\" class=\"attachment-large size-large wp-post-image\" alt=\"\" \/><\/a><\/figure><h3 class=\"ugb-blog-posts__title\"><a href=\"https:\/\/varibox.best4u.dev\/de\/story\/revolution-im-umgang-mit-chemikalien\/\">Revolution im Umgang mit Chemikalien<\/a><\/h3><div class=\"ugb-blog-posts__excerpt\"><p>Revolution im Umgang mit Chemikalien im Hallenbad Lenggis<\/p>\n<\/div><p class=\"ugb-blog-posts__readmore\"><a href=\"https:\/\/varibox.best4u.dev\/de\/story\/revolution-im-umgang-mit-chemikalien\/\">Weiterlesen<\/a><\/p><\/div><\/article><div class=\"ugb-button-container ugb-blog-posts__load-more-button\"><a class=\"ugb-button ugb-button--size-normal\" href=\"#0\" rel=\"\" title=\"\" role=\"button\"><span class=\"ugb-button--inner\">Mehr laden<\/span><\/a><\/div><\/div><\/div><\/div>\n\n\n\n<div class=\"wp-block-stackable-heading stk-block-heading stk-block-heading--v2 stk-block stk-591c4e1\" id=\"berichte-uber-die-sicherheit-unserer-ib-cs\" data-block-id=\"591c4e1\"><h3 class=\"stk-block-heading__text has-text-align-center stk-block-heading--use-theme-margins\">Berichte \u00fcber die Sicherheit unserer IBCs<\/h3><\/div>\n\n\n\n<p class=\"has-text-align-center\">Die VARIBOX Intermediate Bulk Container (IBC) sind speziell f\u00fcr Sicherheit, Wiederverwendbarkeit und Nachhaltigkeit konzipiert und hergestellt. Viele der Geschichten, die Sie auf unserer Website finden, zeigen die Erfahrungen unserer Kunden und der Benutzer unserer Kunden mit der Sicherheit. Wir hoffen, dass wir Ihnen damit praktische Beispiele daf\u00fcr geben k\u00f6nnen, wie die Sicherheit in der Chemiedistribution und im Umgang mit Chemikalien verbessert und erh\u00f6ht werden kann. Schlie\u00dflich ist es das Ziel von VARIBOX, ein Arbeitsumfeld zu schaffen, in dem die Sicherheit an erster Stelle steht.<\/p>\n\n\n\n<h3 class=\"wp-block-heading has-text-align-center\" id=\"nachhaltige-chemikalienbehalter\">Nachhaltige Chemikalienbeh\u00e4lter<\/h3>\n\n\n\n<p class=\"has-text-align-center\">Nachhaltigkeit gewinnt immer mehr an Bedeutung. Wir arbeiten hart daran, unserer Verantwortung f\u00fcr die Umwelt gerecht zu werden und unseren Kunden und den Nutzern der VARIBOX Intermediate Bulk Container zu helfen, ihre Umweltverantwortung zu erf\u00fcllen. Indem wir unsere Erfahrungen mit unseren langlebigen VARIBOX-Beh\u00e4ltern mit einer Mindestlebensdauer von bis zu f\u00fcnf Jahren weitergeben, hoffen wir, unsere Kunden und die Nutzer der Intermediate Bulk Container zu inspirieren, ihren \u00f6kologischen Fu\u00dfabdruck zu verbessern.<\/p>\n<\/div><\/div><\/div><\/div><\/div><\/div>\n\n\n\n<div class=\"alignfull wp-block-ugb-container ugb-container ugb-5563735 ugb-container--v2 ugb-container--design-plain ugb-main-block ugb-main-block--inner-center ugb--has-block-background\"><style>.ugb-5563735.ugb-container{background-color:var(--theme-palette-color-8,#f8fafc)}.ugb-5563735.ugb-container:before{background-color:var(--theme-palette-color-8,#f8fafc)}@media screen and (min-width:768px){.ugb-5563735.ugb-container{padding-top:0px !important;padding-right:35px !important;padding-bottom:0px !important;padding-left:35px !important}}@media screen and (max-width:768px){.ugb-5563735.ugb-container{padding-top:0px !important;padding-right:18px !important;padding-bottom:0px !important;padding-left:18px !important}}@media screen and (min-width:768px){.ugb-5563735 > .ugb-inner-block > .ugb-block-content > *{padding-top:64px !important;padding-bottom:64px !important}}<\/style><div class=\"ugb-inner-block ugb-inner-block--center\"><div class=\"ugb-block-content\"><div class=\"ugb-container__wrapper ugb-5563735-wrapper\"><div class=\"ugb-container__side\"><div class=\"ugb-container__content-wrapper ugb-5563735-content-wrapper\">\n<div class=\"wp-block-ugb-heading ugb-heading wow animate__animated animate__fadeIn ugb-5ca6fcf ugb-main-block\"><style>.ugb-5ca6fcf .ugb-heading__title{text-align:center;margin-bottom:24px !important}.ugb-5ca6fcf .ugb-heading__subtitle{margin-bottom:24px !important}.ugb-5ca6fcf .ugb-inner-block{text-align:center}@media screen and (min-width:768px){.ugb-5ca6fcf.ugb-heading{margin-bottom:0px !important}}<\/style><div class=\"ugb-inner-block\"><div class=\"ugb-block-content\"><h3 class=\"ugb-heading__title\">Teilen Sie Ihre Erfahrungen mit den VARIBOX IBCs f\u00fcr diese Seite Ausgew\u00e4hlte Berichte<\/h3><p class=\"ugb-heading__subtitle\">M\u00f6chten Sie Ihre Erfahrungen mit den VARIBOX Intermediate Bulk Containern mit uns teilen f\u00fcr diese Seite Ausgew\u00e4hlte Beitr\u00e4ge? Oder haben Sie Fragen zu Beitr\u00e4gen? Bitte kontaktieren Sie uns.<\/p><\/div><\/div><\/div>\n\n\n\n<div class=\"wp-block-ugb-button ugb-button-wrapper green-button wow animate__animated animate__fadeInDown ugb-f7dec0e ugb-main-block\"><style>.ugb-f7dec0e .ugb-block-content{justify-content:center !important}.ugb-f7dec0e .ugb-button1 .ugb-button--inner{font-weight:bold !important}.ugb-f7dec0e .ugb-button1:hover{opacity:1}.ugb-f7dec0e .ugb-inner-block{text-align:center}@media screen and (min-width:768px){.ugb-f7dec0e.ugb-button-wrapper{margin-top:-10px !important}}<\/style><div class=\"ugb-inner-block\"><div class=\"ugb-block-content\"><div class=\"ugb-button-container\"><a class=\"ugb-button1 ugb-button ugb-button--size-normal\" href=\"https:\/\/varibox.best4u.dev\/de\/kontakt\/\" rel=\"\" title=\"\"><span class=\"ugb-button--inner\">Kontaktieren Sie uns<\/span><\/a><\/div><\/div><\/div><\/div>\n<\/div><\/div><\/div><\/div><\/div><\/div>\n","protected":false},"excerpt":{"rendered":"<p>Ausgew\u00e4hlte Berichte Auf dieser Seite finden Sie ausgew\u00e4hlte Berichte \u00fcber Erfahrungen von Kunden und Anwendern, die zeigen, wie unsere IBCs in Optima Forma eingesetzt werden. Das nachhaltige, wiederverwendbare und sichere Design und die Konstruktion unserer VARIBOX-IBCs erm\u00f6glichen den Einsatz in vielen verschiedenen Anwendungen in zahlreichen M\u00e4rkten. Kontakt aufnehmen VARIBOX und Tensid-Chemie VARIBOX und Tensid-Chemie \u2013 [&hellip;]<\/p>\n","protected":false},"author":1,"featured_media":1434,"parent":0,"menu_order":0,"comment_status":"open","ping_status":"open","template":"","meta":{"_acf_changed":false,"footnotes":""},"class_list":["post-50851","page","type-page","status-publish","has-post-thumbnail","hentry"],"blocksy_meta":{"styles_descriptor":{"styles":{"desktop":"","tablet":"","mobile":""},"google_fonts":[],"version":6}},"featured_image_urls_v2":{"full":["https:\/\/varibox.best4u.dev\/wp-content\/uploads\/2022\/07\/VARIBOX-Drumtainer.png",600,400,false],"thumbnail":["https:\/\/varibox.best4u.dev\/wp-content\/uploads\/2022\/07\/VARIBOX-Drumtainer-256x256.png",256,256,true],"medium":["https:\/\/varibox.best4u.dev\/wp-content\/uploads\/2022\/07\/VARIBOX-Drumtainer-512x341.png",512,341,true],"medium_large":["https:\/\/varibox.best4u.dev\/wp-content\/uploads\/2022\/07\/VARIBOX-Drumtainer.png",600,400,false],"large":["https:\/\/varibox.best4u.dev\/wp-content\/uploads\/2022\/07\/VARIBOX-Drumtainer.png",600,400,false],"1536x1536":["https:\/\/varibox.best4u.dev\/wp-content\/uploads\/2022\/07\/VARIBOX-Drumtainer.png",600,400,false],"2048x2048":["https:\/\/varibox.best4u.dev\/wp-content\/uploads\/2022\/07\/VARIBOX-Drumtainer.png",600,400,false],"woocommerce_archive_thumbnail":["https:\/\/varibox.best4u.dev\/wp-content\/uploads\/2022\/07\/VARIBOX-Drumtainer-270x180.png",270,180,true],"gform-image-choice-sm":["https:\/\/varibox.best4u.dev\/wp-content\/uploads\/2022\/07\/VARIBOX-Drumtainer.png",300,200,false],"gform-image-choice-md":["https:\/\/varibox.best4u.dev\/wp-content\/uploads\/2022\/07\/VARIBOX-Drumtainer.png",400,267,false],"gform-image-choice-lg":["https:\/\/varibox.best4u.dev\/wp-content\/uploads\/2022\/07\/VARIBOX-Drumtainer.png",600,400,false],"woocommerce_thumbnail":["https:\/\/varibox.best4u.dev\/wp-content\/uploads\/2022\/07\/VARIBOX-Drumtainer-270x180.png",270,180,true],"woocommerce_single":["https:\/\/varibox.best4u.dev\/wp-content\/uploads\/2022\/07\/VARIBOX-Drumtainer.png",600,400,false],"woocommerce_gallery_thumbnail":["https:\/\/varibox.best4u.dev\/wp-content\/uploads\/2022\/07\/VARIBOX-Drumtainer-100x100.png",100,100,true],"variation_swatches_image_size":["https:\/\/varibox.best4u.dev\/wp-content\/uploads\/2022\/07\/VARIBOX-Drumtainer-50x50.png",50,50,true],"variation_swatches_tooltip_size":["https:\/\/varibox.best4u.dev\/wp-content\/uploads\/2022\/07\/VARIBOX-Drumtainer-100x100.png",100,100,true]},"post_excerpt_stackable_v2":"<p>Ausgew\u00e4hlte BerichteAuf dieser Seite finden Sie ausgew\u00e4hlte Berichte \u00fcber Erfahrungen von Kunden und Anwendern, die zeigen, wie unsere IBCs in Optima Forma eingesetzt werden. Das nachhaltige, wiederverwendbare und sichere Design und die Konstruktion unserer VARIBOX-IBCs erm\u00f6glichen den Einsatz in vielen verschiedenen Anwendungen in zahlreichen M\u00e4rkten. Kontakt aufnehmen Sicherer Wiederverwendbar Nachhaltig VARIBOX und Tensid-ChemieVARIBOX und Tensid-Chemie \u2013 Wir freuen uns, Ihnen heute \u00fcber eine neue und eine alte Partnerschaft zu berichten. WeiterlesenVARIBOX &amp; Dr. Weigert Polska ZusammenarbeitErh\u00f6hte Kundenzufriedenheit in medizinischen Einrichtungen in Polen, dank der schnellen Entwicklung von VBARIBOX &amp; Dr. Weigert Polska Kooperation. WeiterlesenVARIBOX-Interview in der AECQHeute hat der spanische&hellip;<\/p>\n","category_list_v2":"","author_info_v2":{"name":"Best4u","url":"https:\/\/varibox.best4u.dev\/de\/author\/best4u\/"},"comments_num_v2":"0 comments","acf":[],"_links":{"self":[{"href":"https:\/\/varibox.best4u.dev\/de\/wp-json\/wp\/v2\/pages\/50851","targetHints":{"allow":["GET"]}}],"collection":[{"href":"https:\/\/varibox.best4u.dev\/de\/wp-json\/wp\/v2\/pages"}],"about":[{"href":"https:\/\/varibox.best4u.dev\/de\/wp-json\/wp\/v2\/types\/page"}],"author":[{"embeddable":true,"href":"https:\/\/varibox.best4u.dev\/de\/wp-json\/wp\/v2\/users\/1"}],"replies":[{"embeddable":true,"href":"https:\/\/varibox.best4u.dev\/de\/wp-json\/wp\/v2\/comments?post=50851"}],"version-history":[{"count":3,"href":"https:\/\/varibox.best4u.dev\/de\/wp-json\/wp\/v2\/pages\/50851\/revisions"}],"predecessor-version":[{"id":64017,"href":"https:\/\/varibox.best4u.dev\/de\/wp-json\/wp\/v2\/pages\/50851\/revisions\/64017"}],"wp:featuredmedia":[{"embeddable":true,"href":"https:\/\/varibox.best4u.dev\/de\/wp-json\/wp\/v2\/media\/1434"}],"wp:attachment":[{"href":"https:\/\/varibox.best4u.dev\/de\/wp-json\/wp\/v2\/media?parent=50851"}],"curies":[{"name":"wp","href":"https:\/\/api.w.org\/{rel}","templated":true}]}}