{"id":50196,"date":"2021-11-23T17:02:52","date_gmt":"2021-11-23T16:02:52","guid":{"rendered":"https:\/\/varibox.best4u.dev\/ist-mein-fuellgut-erlaubt\/"},"modified":"2024-11-08T11:39:43","modified_gmt":"2024-11-08T10:39:43","slug":"ist-mein-fuellgut-erlaubt","status":"publish","type":"page","link":"https:\/\/varibox.best4u.dev\/de\/ist-mein-fuellgut-erlaubt\/","title":{"rendered":"Ist mein F\u00fcllgut erlaubt?"},"content":{"rendered":"\n<div class=\"wp-block-ugb-columns ugb-columns ugb-0d5d96e ugb-columns--design-plain ugb-columns--columns-2 ugb-main-block\"><style>.ugb-0d5d96e > .ugb-inner-block > .ugb-block-content > .ugb-columns__item{grid-template-columns:1.40fr 0.60fr !important}@media screen and (min-width:768px){.ugb-0d5d96e.ugb-columns{margin-bottom:83px !important}}@media screen and (max-width:768px){.ugb-0d5d96e-content-wrapper{grid-row-gap:0 !important}}<\/style><div class=\"ugb-inner-block\"><div class=\"ugb-block-content\"><div class=\"ugb-columns__item ugb-0d5d96e-content-wrapper\">\n<div class=\"wp-block-ugb-column ugb-column ugb-b383129 ugb-column--design-plain ugb-main-block\"><div class=\"ugb-inner-block\"><div class=\"ugb-block-content\"><div class=\"ugb-column__item ugb-b383129-column-wrapper\"><div class=\"ugb-column__content-wrapper\">\n<div class=\"wp-block-ugb-heading ugb-heading wow animate__animated animate__fadeIn ugb-bcdb7f0 ugb-main-block\"><style>.ugb-bcdb7f0 .ugb-heading__subtitle{margin-bottom:-5px !important}<\/style><div class=\"ugb-inner-block\"><div class=\"ugb-block-content\"><h1 class=\"ugb-heading__title\">Ist mein F\u00fcllgut erlaubt?<\/h1><p class=\"ugb-heading__subtitle\">Ist mein F\u00fcllgut erlaubt? Ein F\u00fcllgut kann in der VARIBOX verpackt werden, wenn die chemische Vertr\u00e4glichkeit des Kunststoffs der VARIBOX mit dem F\u00fcllgut \u00fcberpr\u00fcft wird. Dies geschieht durch eine sogenannte Assimilation des F\u00fcllguts mit Standardfl\u00fcssigkeiten. Die genauen Bedingungen sind in <a href=\"https:\/\/adrbook.com\/en\/2017\/ADR\/4.1.1.21.1\" target=\"_blank\" rel=\"noreferrer noopener\">ADR 4.1.1.21.1.<\/a> beschrieben.<\/p><\/div><\/div><\/div>\n\n\n\n<div class=\"wp-block-ugb-button ugb-button-wrapper green-button wow animate__animated animate__fadeIn ugb-ee16d32 ugb-button--mobile-aligned ugb-main-block\"><style>.ugb-ee16d32 .ugb-block-content{justify-content:flex-start !important}.ugb-ee16d32 .ugb-button1 .ugb-button--inner{font-weight:bold !important}.ugb-ee16d32 .ugb-button1:hover{opacity:1}.ugb-ee16d32 .ugb-inner-block{text-align:left}@media screen and (min-width:768px){.ugb-ee16d32.ugb-button-wrapper{margin-bottom:0px !important}}@media screen and (max-width:768px){.ugb-ee16d32 .ugb-block-content{justify-content:center !important}.ugb-ee16d32 .ugb-inner-block{text-align:center}}<\/style><div class=\"ugb-inner-block\"><div class=\"ugb-block-content\"><div class=\"ugb-button-container\"><a class=\"ugb-button1 ugb-button ugb-button--size-normal\" href=\"https:\/\/varibox.best4u.dev\/de\/kontakt\/\" rel=\"\" title=\"\"><span class=\"ugb-button--inner\">Kontakt aufnehmen<\/span><\/a><\/div><\/div><\/div><\/div>\n<\/div><\/div><\/div><\/div><\/div>\n\n\n\n<div class=\"wp-block-ugb-column ugb-column ugb-e882f9a ugb-column--design-plain ugb-main-block\"><style>@media screen and (max-width:768px){.ugb-e882f9a .ugb-inner-block{text-align:center}}<\/style><div class=\"ugb-inner-block\"><div class=\"ugb-block-content\"><div class=\"ugb-column__item ugb-e882f9a-column-wrapper\"><div class=\"ugb-column__content-wrapper\">\n<figure class=\"wp-block-image size-full wow animate__animated animate__fadeIn\"><img decoding=\"async\" src=\"https:\/\/varibox.best4u.dev\/wp-content\/uploads\/2024\/10\/VARIBOX-Full-Containment-4.png\" alt=\"VARIBOX Full Containment\" class=\"wp-image-10757\"\/><\/figure>\n<\/div><\/div><\/div><\/div><\/div>\n<\/div><\/div><\/div><\/div>\n\n\n\n<div class=\"alignfull wp-block-ugb-container ugb-container ugb-25beaa0 ugb-container--v2 ugb-container--design-plain ugb-main-block ugb-main-block--inner-center ugb--has-block-background\"><style>.ugb-25beaa0.ugb-container{background-color:var(--theme-palette-color-7,#F9FAFB)}.ugb-25beaa0.ugb-container:before{background-color:var(--theme-palette-color-7,#F9FAFB)}@media screen and (min-width:768px){.ugb-25beaa0-content-wrapper.ugb-container__content-wrapper{width:85% !important}.ugb-25beaa0.ugb-container{margin-bottom:0px !important;padding-top:0px !important;padding-right:35px !important;padding-bottom:0px !important;padding-left:35px !important}}@media screen and (min-width:768px) and (max-width:1025px){.ugb-25beaa0-content-wrapper.ugb-container__content-wrapper{width:100% !important}}@media screen and (max-width:768px){.ugb-25beaa0.ugb-container{margin-bottom:0px !important;padding-top:0px !important;padding-right:18px !important;padding-bottom:0px !important;padding-left:18px !important}}@media screen and (min-width:768px){.ugb-25beaa0 > .ugb-inner-block > .ugb-block-content > *{padding-top:40px !important;padding-bottom:40px !important}}@media screen and (max-width:768px){.ugb-25beaa0 > .ugb-inner-block > .ugb-block-content > *{padding-top:35px !important;padding-bottom:0px !important}}<\/style><div class=\"ugb-inner-block ugb-inner-block--center\"><div class=\"ugb-block-content\"><div class=\"ugb-container__wrapper ugb-25beaa0-wrapper\"><div class=\"ugb-container__side\"><div class=\"ugb-container__content-wrapper ugb-25beaa0-content-wrapper\">\n<div class=\"aligncenter wp-block-ugb-columns ugb-columns top-icons-columns ugb-609d063 ugb-columns--design-plain ugb-columns--columns-3 ugb-main-block\"><style>.ugb-609d063-content-wrapper{grid-column-gap:15px !important}@media screen and (min-width:768px) and (max-width:1025px){.ugb-609d063-content-wrapper{grid-column-gap:0px !important}}@media screen and (max-width:768px){.ugb-609d063-content-wrapper{grid-row-gap:0 !important;grid-column-gap:0px !important}.ugb-609d063 .ugb-inner-block{text-align:center}.ugb-609d063.ugb-columns{margin-top:0px !important;margin-bottom:0px !important}}<\/style><div class=\"ugb-inner-block\"><div class=\"ugb-block-content\"><div class=\"ugb-columns__item ugb-609d063-content-wrapper\">\n<div class=\"wp-block-ugb-column ugb-column ugb-aa84cea ugb-column--design-plain ugb-main-block\"><div class=\"ugb-inner-block\"><div class=\"ugb-block-content\"><div class=\"ugb-column__item ugb-aa84cea-column-wrapper\"><div class=\"ugb-column__content-wrapper\">\n<div class=\"wp-block-group is-layout-flow wp-block-group-is-layout-flow\">\n<div class=\"wp-block-media-text alignwide is-stacked-on-mobile is-vertically-aligned-center content-pages-top-icons\" style=\"grid-template-columns:30% auto\"><figure class=\"wp-block-media-text__media\"><img decoding=\"async\" src=\"https:\/\/varibox.best4u.dev\/wp-content\/uploads\/2021\/12\/test.svg\" alt=\"\" class=\"wp-image-3005 size-full\"\/><\/figure><div class=\"wp-block-media-text__content\">\n<h4 class=\"wp-block-heading has-text-align-left has-medium-font-size\">Sicherer<\/h4>\n<\/div><\/div>\n<\/div>\n<\/div><\/div><\/div><\/div><\/div>\n\n\n\n<div class=\"wp-block-ugb-column ugb-column ugb-a25ba9c ugb-column--design-plain ugb-main-block\"><div class=\"ugb-inner-block\"><div class=\"ugb-block-content\"><div class=\"ugb-column__item ugb-a25ba9c-column-wrapper\"><div class=\"ugb-column__content-wrapper\">\n<div class=\"wp-block-group is-layout-flow wp-block-group-is-layout-flow\">\n<div class=\"wp-block-media-text alignwide is-stacked-on-mobile is-vertically-aligned-center content-pages-top-icons\" style=\"grid-template-columns:30% auto\"><figure class=\"wp-block-media-text__media\"><img decoding=\"async\" src=\"https:\/\/varibox.best4u.dev\/wp-content\/uploads\/2021\/11\/reuseablility-green-1.svg\" alt=\"\" class=\"wp-image-1838 size-full\"\/><\/figure><div class=\"wp-block-media-text__content\">\n<h4 class=\"wp-block-heading has-text-align-left has-medium-font-size\">Wiederverwendbar<\/h4>\n<\/div><\/div>\n<\/div>\n<\/div><\/div><\/div><\/div><\/div>\n\n\n\n<div class=\"wp-block-ugb-column ugb-column ugb-ed3faa1 ugb-column--design-plain ugb-main-block\"><div class=\"ugb-inner-block\"><div class=\"ugb-block-content\"><div class=\"ugb-column__item ugb-ed3faa1-column-wrapper\"><div class=\"ugb-column__content-wrapper\">\n<div class=\"wp-block-group is-layout-flow wp-block-group-is-layout-flow\">\n<div class=\"wp-block-media-text alignwide is-stacked-on-mobile is-vertically-aligned-center content-pages-top-icons\" style=\"grid-template-columns:29% auto\"><figure class=\"wp-block-media-text__media\"><img decoding=\"async\" src=\"https:\/\/varibox.best4u.dev\/wp-content\/uploads\/2021\/11\/sustainability-green-1.svg\" alt=\"\" class=\"wp-image-1851 size-full\"\/><\/figure><div class=\"wp-block-media-text__content\">\n<h4 class=\"wp-block-heading has-text-align-left has-medium-font-size\">Nachhaltig<\/h4>\n<\/div><\/div>\n<\/div>\n<\/div><\/div><\/div><\/div><\/div>\n<\/div><\/div><\/div><\/div>\n<\/div><\/div><\/div><\/div><\/div><\/div>\n\n\n\n<div class=\"alignfull wp-block-ugb-container ugb-container ugb-0591a81 ugb-container--v2 ugb-container--design-plain ugb-main-block ugb-main-block--inner-center ugb--has-block-background ugb--has-background-overlay\"><style>.ugb-0591a81.ugb-container{background-color:var(--theme-palette-color-8,#f8fafc)}.ugb-0591a81.ugb-container:before{background-image:linear-gradient(180deg,var(--theme-palette-color-8,#f8fafc) 0%,#ffffff 100%)}@media screen and (min-width:768px){.ugb-0591a81.ugb-container{padding-top:0px !important;padding-right:35px !important;padding-bottom:0px !important;padding-left:35px !important}}@media screen and (min-width:768px){.ugb-0591a81 > .ugb-inner-block > .ugb-block-content > *{padding-top:64px !important;padding-bottom:64px !important}}<\/style><div class=\"ugb-inner-block ugb-inner-block--center\"><div class=\"ugb-block-content\"><div class=\"ugb-container__wrapper ugb-0591a81-wrapper\"><div class=\"ugb-container__side\"><div class=\"ugb-container__content-wrapper ugb-0591a81-content-wrapper\">\n<div class=\"wp-block-ugb-heading ugb-heading wow animate__animated animate__fadeIn ugb-435a208 ugb-main-block\"><style>.ugb-435a208 .ugb-heading__title{text-align:center}.ugb-435a208 .ugb-inner-block{text-align:center}<\/style><div class=\"ugb-inner-block\"><div class=\"ugb-block-content\"><h2 class=\"ugb-heading__title\">Wie assimiliere ich ein F\u00fcllgut?<\/h2><p class=\"ugb-heading__subtitle\">Die Assimilation ist so durchzuf\u00fchren (siehe auch das Flussdiagramm in ADR Abbildung 4.1.1.21.1):<\/p><\/div><\/div><\/div>\n\n\n\n<ol class=\"wp-block-list\"><li>Ermittlung der UN-Nummer und Verpackungsgruppe des F\u00fcllguts<\/li><li>Diese UN-Nummer suchen in der Assimilationsliste des ADR (Tabelle 4.1.1.21.6)<\/li><li>Wenn es mehr als eine Zeile f\u00fcr diese UN-Nummer gibt, w\u00e4hlen Sie die Zeile aus, die der Verpackungsgruppe, der Konzentration, dem Flammpunkt usw. entspricht.<\/li><li>Die chemische Vertr\u00e4glichkeit des F\u00fcllguts wurde \u00fcberpr\u00fcft, wenn das F\u00fcllgut hier erw\u00e4hnt wird.<\/li><li>Wenn hier \u201eRegel f\u00fcr Sammeleintragungen\u201c angegeben ist, wenden Sie diese Regel wie in ADR 4.1.1.21.5 beschrieben an.<\/li><\/ol>\n\n\n\n<p>Das F\u00fcllgut wird nun einer Standardfl\u00fcssigkeit oder einer Kombination von Standardfl\u00fcssigkeiten gleichgestellt. Wenn der IBC \u00fcber eine Zulassung f\u00fcr diese Standardfl\u00fcssigkeit(en) verf\u00fcgt, kann der IBC f\u00fcr das F\u00fcllgut verwendet werden.<\/p>\n\n\n\n<div class=\"wp-block-ugb-heading ugb-heading wow animate__animated animate__fadeIn ugb-92ba1e7 ugb-main-block\"><style>.ugb-92ba1e7 .ugb-heading__title{text-align:center}.ugb-92ba1e7 .ugb-inner-block{text-align:center}<\/style><div class=\"ugb-inner-block\"><div class=\"ugb-block-content\"><h2 class=\"ugb-heading__title\">Ist meine VARIBOX f\u00fcr erlaubt f\u00fcr die Standardfl\u00fcssigkeit?<\/h2><p class=\"ugb-heading__subtitle\">Die VARIBOX ist f\u00fcr alle Standardfl\u00fcssigkeiten aus dem ADR erlaubt! Die pro Standardfl\u00fcssigkeit zul\u00e4ssige maximale Dichte kann variieren, ebenso wie der maximal zul\u00e4ssige Dampfdruck unterschiedlich sein kann. Stellen Sie sicher, dass die Dichte und der Dampfdruck des F\u00fcllguts nicht \u00fcber die Werte hinausgehen, f\u00fcr die der IBC zugelassen ist. Pr\u00fcfen Sie dies anhand der Daten des F\u00fcllguts und der Zulassung des IBC. In den VARIBOX-Spezifikationen finden Sie die Standardfl\u00fcssigkeiten, maximale Dichte und Dampfdruck.<br>F\u00fcr den Fall, dass das F\u00fcllgut einer Kombination von Standardfl\u00fcssigkeiten gleichgestellt wird, gilt die niedrigste Dichte und der geringste Dampfdruck der assimilierten Standardfl\u00fcssigkeiten, f\u00fcr die der IBC zugelassen ist.<\/p><\/div><\/div><\/div>\n\n\n\n<div class=\"wp-block-ugb-heading ugb-heading wow animate__animated animate__fadeIn ugb-fee9f5c ugb-main-block\"><style>.ugb-fee9f5c .ugb-heading__title{text-align:center}.ugb-fee9f5c .ugb-inner-block{text-align:center}<\/style><div class=\"ugb-inner-block\"><div class=\"ugb-block-content\"><h2 class=\"ugb-heading__title\">Kann eine Substanz, die aus mehreren Komponenten besteht, assimiliert werden?<\/h2><p class=\"ugb-heading__subtitle\">F\u00fcllg\u00fcter, die eine L\u00f6sung, Mischung oder Zubereitung sind, k\u00f6nnen auch assimiliert werden. Alle Bestandteile dieses Stoffes, ob gef\u00e4hrlich oder ungef\u00e4hrlich, m\u00fcssen dann in das Assimilationsverfahren einbezogen werden. Komponenten, von denen bekannt ist, dass sie Polyethylen nicht beeinflussen, m\u00fcssen nicht ber\u00fccksichtigt werden.<\/p><\/div><\/div><\/div>\n\n\n\n<div class=\"wp-block-ugb-heading ugb-heading wow animate__animated animate__fadeIn ugb-2d7b14e ugb-main-block\"><style>.ugb-2d7b14e .ugb-heading__title{text-align:center}.ugb-2d7b14e .ugb-inner-block{text-align:center}<\/style><div class=\"ugb-inner-block\"><div class=\"ugb-block-content\"><h2 class=\"ugb-heading__title\">Was ist, wenn eine Assimilation nicht m\u00f6glich ist?<\/h2><p class=\"ugb-heading__subtitle\">Wenn eine Assimilation nach dieser Methode nicht m\u00f6glich ist, muss die chemische Vertr\u00e4glichkeit durch Tests nachgewiesen werden. Manchmal k\u00f6nnen Labortests ausreichen, aber h\u00e4ufiger wird dies durch Tests mit IBCs durchgef\u00fchrt, nachdem sie mit der zu f\u00fcllenden dem F\u00fcllgut gelagert wurden. Die Lagerzeit betr\u00e4gt in der Regel 6 Monate bei Raumtemperatur. Danach werden in der Regel ein UN-Fallversuch, ein Dichtheitstest, eine hydraulische Innendruckpr\u00fcfung und ein Vibrationstest durchgef\u00fchrt. Bei positiven Ergebnissen kann der Stoff in der IBC ausgef\u00fcllt werden.<\/p><\/div><\/div><\/div>\n\n\n\n<div class=\"wp-block-ugb-heading ugb-heading wow animate__animated animate__fadeIn ugb-09fcf35 ugb-main-block\"><style>.ugb-09fcf35 .ugb-heading__title{text-align:center;margin-bottom:24px !important}.ugb-09fcf35 .ugb-heading__subtitle{text-align:center;margin-bottom:64px !important}.ugb-09fcf35 .ugb-inner-block{text-align:center}@media screen and (min-width:768px){.ugb-09fcf35.ugb-heading{margin-bottom:0px !important}}@media screen and (max-width:1025px){.ugb-09fcf35 .ugb-heading__title{text-align:center}.ugb-09fcf35 .ugb-inner-block{text-align:center}}@media screen and (max-width:768px){.ugb-09fcf35 .ugb-heading__title{text-align:center}.ugb-09fcf35 .ugb-heading__subtitle{text-align:center}.ugb-09fcf35 .ugb-inner-block{text-align:center}}<\/style><div class=\"ugb-inner-block\"><div class=\"ugb-block-content\"><h2 class=\"ugb-heading__title\">Haben Sie eine andere Frage?<\/h2><p class=\"ugb-heading__subtitle\">Wir wissen, dass die sicheren und wiederverwendbaren VARIBOX IBCs f\u00fcr viele verschiedene Anwendungen in vielen verschiedenen M\u00e4rkten eingesetzt werden. Daher kann es sein, dass Ihre Frage\/Antwort nicht im VARIBOX Unterst\u00fctzungs-Bereich zu finden ist. Wenn dies der Fall ist, wenden Sie sich bitte an unseren Kundendienst, der Ihnen gerne weiterhilft.<\/p><\/div><\/div><\/div>\n\n\n<\/div><\/div><\/div><\/div><\/div><\/div>\n","protected":false},"excerpt":{"rendered":"<p>Ist mein F\u00fcllgut erlaubt? Ist mein F\u00fcllgut erlaubt? Ein F\u00fcllgut kann in der VARIBOX verpackt werden, wenn die chemische Vertr\u00e4glichkeit des Kunststoffs der VARIBOX mit dem F\u00fcllgut \u00fcberpr\u00fcft wird. Dies geschieht durch eine sogenannte Assimilation des F\u00fcllguts mit Standardfl\u00fcssigkeiten. Die genauen Bedingungen sind in ADR 4.1.1.21.1. beschrieben. Kontakt aufnehmen Wie assimiliere ich ein F\u00fcllgut? Die [&hellip;]<\/p>\n","protected":false},"author":1,"featured_media":27316,"parent":0,"menu_order":0,"comment_status":"open","ping_status":"open","template":"","meta":{"_acf_changed":false,"footnotes":""},"class_list":["post-50196","page","type-page","status-publish","has-post-thumbnail","hentry"],"blocksy_meta":{"styles_descriptor":{"styles":{"desktop":"","tablet":"","mobile":""},"google_fonts":[],"version":6}},"featured_image_urls_v2":{"full":["https:\/\/varibox.best4u.dev\/wp-content\/uploads\/2024\/10\/VARIBOX-Full-Containment-4.png",325,370,false],"thumbnail":["https:\/\/varibox.best4u.dev\/wp-content\/uploads\/2024\/10\/VARIBOX-Full-Containment-4-256x256.png",256,256,true],"medium":["https:\/\/varibox.best4u.dev\/wp-content\/uploads\/2024\/10\/VARIBOX-Full-Containment-4.png",325,370,false],"medium_large":["https:\/\/varibox.best4u.dev\/wp-content\/uploads\/2024\/10\/VARIBOX-Full-Containment-4.png",325,370,false],"large":["https:\/\/varibox.best4u.dev\/wp-content\/uploads\/2024\/10\/VARIBOX-Full-Containment-4.png",325,370,false],"1536x1536":["https:\/\/varibox.best4u.dev\/wp-content\/uploads\/2024\/10\/VARIBOX-Full-Containment-4.png",325,370,false],"2048x2048":["https:\/\/varibox.best4u.dev\/wp-content\/uploads\/2024\/10\/VARIBOX-Full-Containment-4.png",325,370,false],"woocommerce_archive_thumbnail":["https:\/\/varibox.best4u.dev\/wp-content\/uploads\/2024\/10\/VARIBOX-Full-Containment-4-270x307.png",270,307,true],"gform-image-choice-sm":["https:\/\/varibox.best4u.dev\/wp-content\/uploads\/2024\/10\/VARIBOX-Full-Containment-4.png",264,300,false],"gform-image-choice-md":["https:\/\/varibox.best4u.dev\/wp-content\/uploads\/2024\/10\/VARIBOX-Full-Containment-4.png",325,370,false],"gform-image-choice-lg":["https:\/\/varibox.best4u.dev\/wp-content\/uploads\/2024\/10\/VARIBOX-Full-Containment-4.png",325,370,false],"woocommerce_thumbnail":["https:\/\/varibox.best4u.dev\/wp-content\/uploads\/2024\/10\/VARIBOX-Full-Containment-4-270x307.png",270,307,true],"woocommerce_single":["https:\/\/varibox.best4u.dev\/wp-content\/uploads\/2024\/10\/VARIBOX-Full-Containment-4.png",325,370,false],"woocommerce_gallery_thumbnail":["https:\/\/varibox.best4u.dev\/wp-content\/uploads\/2024\/10\/VARIBOX-Full-Containment-4-100x100.png",100,100,true],"variation_swatches_image_size":["https:\/\/varibox.best4u.dev\/wp-content\/uploads\/2024\/10\/VARIBOX-Full-Containment-4-50x50.png",50,50,true],"variation_swatches_tooltip_size":["https:\/\/varibox.best4u.dev\/wp-content\/uploads\/2024\/10\/VARIBOX-Full-Containment-4-100x100.png",100,100,true]},"post_excerpt_stackable_v2":"<p>Ist mein F\u00fcllgut erlaubt?Ist mein F\u00fcllgut erlaubt? Ein F\u00fcllgut kann in der VARIBOX verpackt werden, wenn die chemische Vertr\u00e4glichkeit des Kunststoffs der VARIBOX mit dem F\u00fcllgut \u00fcberpr\u00fcft wird. Dies geschieht durch eine sogenannte Assimilation des F\u00fcllguts mit Standardfl\u00fcssigkeiten. Die genauen Bedingungen sind in ADR 4.1.1.21.1. beschrieben. Kontakt aufnehmen Sicherer Wiederverwendbar Nachhaltig Wie assimiliere ich ein F\u00fcllgut?Die Assimilation ist so durchzuf\u00fchren (siehe auch das Flussdiagramm in ADR Abbildung 4.1.1.21.1): Ermittlung der UN-Nummer und Verpackungsgruppe des F\u00fcllgutsDiese UN-Nummer suchen in der Assimilationsliste des ADR (Tabelle 4.1.1.21.6)Wenn es mehr als eine Zeile f\u00fcr diese UN-Nummer gibt, w\u00e4hlen Sie die Zeile aus, die der&hellip;<\/p>\n","category_list_v2":"","author_info_v2":{"name":"Best4u","url":"https:\/\/varibox.best4u.dev\/de\/author\/best4u\/"},"comments_num_v2":"0 comments","acf":[],"_links":{"self":[{"href":"https:\/\/varibox.best4u.dev\/de\/wp-json\/wp\/v2\/pages\/50196","targetHints":{"allow":["GET"]}}],"collection":[{"href":"https:\/\/varibox.best4u.dev\/de\/wp-json\/wp\/v2\/pages"}],"about":[{"href":"https:\/\/varibox.best4u.dev\/de\/wp-json\/wp\/v2\/types\/page"}],"author":[{"embeddable":true,"href":"https:\/\/varibox.best4u.dev\/de\/wp-json\/wp\/v2\/users\/1"}],"replies":[{"embeddable":true,"href":"https:\/\/varibox.best4u.dev\/de\/wp-json\/wp\/v2\/comments?post=50196"}],"version-history":[{"count":1,"href":"https:\/\/varibox.best4u.dev\/de\/wp-json\/wp\/v2\/pages\/50196\/revisions"}],"predecessor-version":[{"id":50197,"href":"https:\/\/varibox.best4u.dev\/de\/wp-json\/wp\/v2\/pages\/50196\/revisions\/50197"}],"wp:featuredmedia":[{"embeddable":true,"href":"https:\/\/varibox.best4u.dev\/de\/wp-json\/wp\/v2\/media\/27316"}],"wp:attachment":[{"href":"https:\/\/varibox.best4u.dev\/de\/wp-json\/wp\/v2\/media?parent=50196"}],"curies":[{"name":"wp","href":"https:\/\/api.w.org\/{rel}","templated":true}]}}