{"id":50187,"date":"2021-11-23T17:06:32","date_gmt":"2021-11-23T16:06:32","guid":{"rendered":"https:\/\/varibox.best4u.dev\/hoechstkonzentration-ammoniak-im-ibc\/"},"modified":"2024-11-08T11:39:43","modified_gmt":"2024-11-08T10:39:43","slug":"hoechstkonzentration-ammoniak-im-ibc","status":"publish","type":"page","link":"https:\/\/varibox.best4u.dev\/de\/hoechstkonzentration-ammoniak-im-ibc\/","title":{"rendered":"H\u00f6chstkonzentration  Ammoniak im IBC"},"content":{"rendered":"\n<div class=\"wp-block-ugb-columns ugb-columns ugb-0d5d96e ugb-columns--design-plain ugb-columns--columns-2 ugb-main-block\"><style>.ugb-0d5d96e > .ugb-inner-block > .ugb-block-content > .ugb-columns__item{grid-template-columns:1.40fr 0.60fr !important}@media screen and (min-width:768px){.ugb-0d5d96e.ugb-columns{margin-bottom:83px !important}}@media screen and (max-width:768px){.ugb-0d5d96e-content-wrapper{grid-row-gap:0 !important}}<\/style><div class=\"ugb-inner-block\"><div class=\"ugb-block-content\"><div class=\"ugb-columns__item ugb-0d5d96e-content-wrapper\">\n<div class=\"wp-block-ugb-column ugb-column ugb-b383129 ugb-column--design-plain ugb-main-block\"><div class=\"ugb-inner-block\"><div class=\"ugb-block-content\"><div class=\"ugb-column__item ugb-b383129-column-wrapper\"><div class=\"ugb-column__content-wrapper\">\n<div class=\"wp-block-ugb-heading ugb-heading wow animate__animated animate__fadeIn ugb-bcdb7f0 ugb-main-block\"><style>.ugb-bcdb7f0 .ugb-heading__subtitle{margin-bottom:-5px !important}<\/style><div class=\"ugb-inner-block\"><div class=\"ugb-block-content\"><h1 class=\"ugb-heading__title\">H\u00f6chstkonzentration Ammoniak im IBC<\/h1><p class=\"ugb-heading__subtitle\">Auf dieser Seite sehen Sie alles \u00fcber die Vorschriften des ADR und H\u00f6chstkonzentration Ammoniak im IBC. Das ADR listet Ammoniakl\u00f6sung mit einer Konzentration zwischen 10% und 35% als UN 2672 auf. Und ADR sagt uns, dass man UN2672 in einem IBC transportieren kann. Bedeutet dies, dass Sie Ammoniak 25% in einem IBC versenden k\u00f6nnen? Nein, das d\u00fcrfen Sie nicht!<\/p><\/div><\/div><\/div>\n\n\n\n<div class=\"wp-block-ugb-button ugb-button-wrapper green-button wow animate__animated animate__fadeIn ugb-ee16d32 ugb-button--mobile-aligned ugb-main-block\"><style>.ugb-ee16d32 .ugb-block-content{justify-content:flex-start !important}.ugb-ee16d32 .ugb-button1 .ugb-button--inner{font-weight:bold !important}.ugb-ee16d32 .ugb-button1:hover{opacity:1}.ugb-ee16d32 .ugb-inner-block{text-align:left}@media screen and (min-width:768px){.ugb-ee16d32.ugb-button-wrapper{margin-bottom:0px !important}}@media screen and (max-width:768px){.ugb-ee16d32 .ugb-block-content{justify-content:center !important}.ugb-ee16d32 .ugb-inner-block{text-align:center}}<\/style><div class=\"ugb-inner-block\"><div class=\"ugb-block-content\"><div class=\"ugb-button-container\"><a class=\"ugb-button1 ugb-button ugb-button--size-normal\" href=\"https:\/\/varibox.best4u.dev\/de\/kontakt\/\" rel=\"\" title=\"\"><span class=\"ugb-button--inner\">Kontakt aufnehmen<\/span><\/a><\/div><\/div><\/div><\/div>\n<\/div><\/div><\/div><\/div><\/div>\n\n\n\n<div class=\"wp-block-ugb-column ugb-column ugb-e882f9a ugb-column--design-plain ugb-main-block\"><style>@media screen and (max-width:768px){.ugb-e882f9a .ugb-inner-block{text-align:center}}<\/style><div class=\"ugb-inner-block\"><div class=\"ugb-block-content\"><div class=\"ugb-column__item ugb-e882f9a-column-wrapper\"><div class=\"ugb-column__content-wrapper\">\n<figure class=\"wp-block-image size-full wow animate__animated animate__fadeIn\"><img decoding=\"async\" src=\"https:\/\/varibox.best4u.dev\/wp-content\/uploads\/2024\/10\/VARIBOX-Full-Containment-4.png\" alt=\"Konzentration von Ammoniak in IBC\" class=\"wp-image-10757\"\/><\/figure>\n<\/div><\/div><\/div><\/div><\/div>\n<\/div><\/div><\/div><\/div>\n\n\n\n<div class=\"alignfull wp-block-ugb-container ugb-container ugb-25beaa0 ugb-container--v2 ugb-container--design-plain ugb-main-block ugb-main-block--inner-center ugb--has-block-background\"><style>.ugb-25beaa0.ugb-container{background-color:var(--theme-palette-color-7,#F9FAFB)}.ugb-25beaa0.ugb-container:before{background-color:var(--theme-palette-color-7,#F9FAFB)}@media screen and (min-width:768px){.ugb-25beaa0-content-wrapper.ugb-container__content-wrapper{width:85% !important}.ugb-25beaa0.ugb-container{margin-bottom:0px !important;padding-top:0px !important;padding-right:35px !important;padding-bottom:0px !important;padding-left:35px !important}}@media screen and (min-width:768px) and (max-width:1025px){.ugb-25beaa0-content-wrapper.ugb-container__content-wrapper{width:100% !important}}@media screen and (max-width:768px){.ugb-25beaa0.ugb-container{margin-bottom:0px !important;padding-top:0px !important;padding-right:18px !important;padding-bottom:0px !important;padding-left:18px !important}}@media screen and (min-width:768px){.ugb-25beaa0 > .ugb-inner-block > .ugb-block-content > *{padding-top:40px !important;padding-bottom:40px !important}}@media screen and (max-width:768px){.ugb-25beaa0 > .ugb-inner-block > .ugb-block-content > *{padding-top:35px !important;padding-bottom:0px !important}}<\/style><div class=\"ugb-inner-block ugb-inner-block--center\"><div class=\"ugb-block-content\"><div class=\"ugb-container__wrapper ugb-25beaa0-wrapper\"><div class=\"ugb-container__side\"><div class=\"ugb-container__content-wrapper ugb-25beaa0-content-wrapper\">\n<div class=\"aligncenter wp-block-ugb-columns ugb-columns top-icons-columns ugb-609d063 ugb-columns--design-plain ugb-columns--columns-3 ugb-main-block\"><style>.ugb-609d063-content-wrapper{grid-column-gap:15px !important}@media screen and (min-width:768px) and (max-width:1025px){.ugb-609d063-content-wrapper{grid-column-gap:0px !important}}@media screen and (max-width:768px){.ugb-609d063-content-wrapper{grid-row-gap:0 !important;grid-column-gap:0px !important}.ugb-609d063 .ugb-inner-block{text-align:center}.ugb-609d063.ugb-columns{margin-top:0px !important;margin-bottom:0px !important}}<\/style><div class=\"ugb-inner-block\"><div class=\"ugb-block-content\"><div class=\"ugb-columns__item ugb-609d063-content-wrapper\">\n<div class=\"wp-block-ugb-column ugb-column ugb-aa84cea ugb-column--design-plain ugb-main-block\"><div class=\"ugb-inner-block\"><div class=\"ugb-block-content\"><div class=\"ugb-column__item ugb-aa84cea-column-wrapper\"><div class=\"ugb-column__content-wrapper\">\n<div class=\"wp-block-group is-layout-flow wp-block-group-is-layout-flow\">\n<div class=\"wp-block-media-text alignwide is-stacked-on-mobile is-vertically-aligned-center content-pages-top-icons\" style=\"grid-template-columns:30% auto\"><figure class=\"wp-block-media-text__media\"><img decoding=\"async\" src=\"https:\/\/varibox.best4u.dev\/wp-content\/uploads\/2021\/12\/test.svg\" alt=\"\" class=\"wp-image-3005 size-full\"\/><\/figure><div class=\"wp-block-media-text__content\">\n<h4 class=\"wp-block-heading has-text-align-left has-medium-font-size\">Sicherer<\/h4>\n<\/div><\/div>\n<\/div>\n<\/div><\/div><\/div><\/div><\/div>\n\n\n\n<div class=\"wp-block-ugb-column ugb-column ugb-a25ba9c ugb-column--design-plain ugb-main-block\"><div class=\"ugb-inner-block\"><div class=\"ugb-block-content\"><div class=\"ugb-column__item ugb-a25ba9c-column-wrapper\"><div class=\"ugb-column__content-wrapper\">\n<div class=\"wp-block-group is-layout-flow wp-block-group-is-layout-flow\">\n<div class=\"wp-block-media-text alignwide is-stacked-on-mobile is-vertically-aligned-center content-pages-top-icons\" style=\"grid-template-columns:30% auto\"><figure class=\"wp-block-media-text__media\"><img decoding=\"async\" src=\"https:\/\/varibox.best4u.dev\/wp-content\/uploads\/2021\/11\/reuseablility-green-1.svg\" alt=\"\" class=\"wp-image-1838 size-full\"\/><\/figure><div class=\"wp-block-media-text__content\">\n<h4 class=\"wp-block-heading has-text-align-left has-medium-font-size\">Wiederverwendbar<\/h4>\n<\/div><\/div>\n<\/div>\n<\/div><\/div><\/div><\/div><\/div>\n\n\n\n<div class=\"wp-block-ugb-column ugb-column ugb-ed3faa1 ugb-column--design-plain ugb-main-block\"><div class=\"ugb-inner-block\"><div class=\"ugb-block-content\"><div class=\"ugb-column__item ugb-ed3faa1-column-wrapper\"><div class=\"ugb-column__content-wrapper\">\n<div class=\"wp-block-group is-layout-flow wp-block-group-is-layout-flow\">\n<div class=\"wp-block-media-text alignwide is-stacked-on-mobile is-vertically-aligned-center content-pages-top-icons\" style=\"grid-template-columns:29% auto\"><figure class=\"wp-block-media-text__media\"><img decoding=\"async\" src=\"https:\/\/varibox.best4u.dev\/wp-content\/uploads\/2021\/11\/sustainability-green-1.svg\" alt=\"\" class=\"wp-image-1851 size-full\"\/><\/figure><div class=\"wp-block-media-text__content\">\n<h4 class=\"wp-block-heading has-text-align-left has-medium-font-size\">Nachhaltig<\/h4>\n<\/div><\/div>\n<\/div>\n<\/div><\/div><\/div><\/div><\/div>\n<\/div><\/div><\/div><\/div>\n<\/div><\/div><\/div><\/div><\/div><\/div>\n\n\n\n<div class=\"alignfull wp-block-ugb-container ugb-container ugb-0591a81 ugb-container--v2 ugb-container--design-plain ugb-main-block ugb-main-block--inner-center ugb--has-block-background ugb--has-background-overlay\"><style>.ugb-0591a81.ugb-container{background-color:var(--theme-palette-color-8,#f8fafc)}.ugb-0591a81.ugb-container:before{background-image:linear-gradient(180deg,var(--theme-palette-color-8,#f8fafc) 0%,#ffffff 100%)}@media screen and (min-width:768px){.ugb-0591a81.ugb-container{padding-top:0px !important;padding-right:35px !important;padding-bottom:0px !important;padding-left:35px !important}}@media screen and (min-width:768px){.ugb-0591a81 > .ugb-inner-block > .ugb-block-content > *{padding-top:64px !important;padding-bottom:64px !important}}<\/style><div class=\"ugb-inner-block ugb-inner-block--center\"><div class=\"ugb-block-content\"><div class=\"ugb-container__wrapper ugb-0591a81-wrapper\"><div class=\"ugb-container__side\"><div class=\"ugb-container__content-wrapper ugb-0591a81-content-wrapper\">\n<div class=\"wp-block-ugb-heading ugb-heading wow animate__animated animate__fadeIn ugb-435a208 ugb-main-block\"><style>.ugb-435a208 .ugb-heading__title{text-align:center}.ugb-435a208 .ugb-inner-block{text-align:center}<\/style><div class=\"ugb-inner-block\"><div class=\"ugb-block-content\"><h2 class=\"ugb-heading__title\">Was ist Dampfdruck?<\/h2><p class=\"ugb-heading__subtitle\">Ammoniakl\u00f6sung ist ein Produkt mit einem hohen sogenannten Dampfdruck. Der Dampfdruck ist der Druck des Dampfes \u00fcber einer Fl\u00fcssigkeit in einem geschlossenen Beh\u00e4lter. Dieser Druck baut sich durch Verdampfen der Fl\u00fcssigkeit in diesem geschlossenen Beh\u00e4lter auf. Je h\u00f6her die Temperatur, desto h\u00f6her ist dieser Druck. Das ADR berechnet den hydraulischen Pr\u00fcfdruck, dem Verpackungen standhalten m\u00fcssen, basierend auf dem Dampfdruck der Fl\u00fcssigkeiten, die in diese Verpackungen eingef\u00fcllt werden sollen. Und diesem Druck sind Grenzen gesetzt.<\/p><\/div><\/div><\/div>\n\n\n\n<div class=\"wp-block-ugb-heading ugb-heading wow animate__animated animate__fadeIn ugb-92ba1e7 ugb-main-block\"><style>.ugb-92ba1e7 .ugb-heading__title{text-align:center}.ugb-92ba1e7 .ugb-inner-block{text-align:center}<\/style><div class=\"ugb-inner-block\"><div class=\"ugb-block-content\"><h2 class=\"ugb-heading__title\">Wo begrenzt ADR den Dampfdruck in IBCs?<\/h2><p class=\"ugb-heading__subtitle\">In <a href=\"http:\/\/www.unece.org\/trans\/danger\/publi\/adr\/adr2019\/19contentse.html\" target=\"_blank\" rel=\"noreferrer noopener\">4.1.1.10<\/a> beschr\u00e4nkt das ADR die Verwendung von IBCs f\u00fcr Chemikalien mit einem Dampfdruck \u00fcber 110 kPa (1,1 bar) bei 50 \u00b0 C oder 130 kPa (1,3 bar) bei 55 \u00b0 C. Es steht im letzten Satz dieses Absatzes nach den Erl\u00e4uterungen zur Verkn\u00fcpfung des hydraulischen Pr\u00fcfdrucks von Verpackungen mit dem Dampfdruck der zu f\u00fcllenden Fl\u00fcssigkeiten. Die genauen Formulierungen von 4.1.1.10 finden Sie im ADR. Das ADR sagt uns damit, dass IBCs nicht f\u00fcr Fl\u00fcssigkeiten mit einem Dampfdruck \u00fcber 110 kPa bei 50 \u00b0 C verwendet werden k\u00f6nnen. Ammoniak 25% hat jedoch einen Dampfdruck von ~ 154 kPa bei 50 \u00b0 C und liegt damit deutlich \u00fcber dem im ADR festgelegten Grenzwert. Sie k\u00f6nnen Ammoniak also nicht zu 25% in einem IBC versenden.<\/p><\/div><\/div><\/div>\n\n\n\n<div class=\"wp-block-ugb-heading ugb-heading wow animate__animated animate__fadeIn ugb-fee9f5c ugb-main-block\"><style>.ugb-fee9f5c .ugb-heading__title{text-align:center}.ugb-fee9f5c .ugb-inner-block{text-align:center}<\/style><div class=\"ugb-inner-block\"><div class=\"ugb-block-content\"><h2 class=\"ugb-heading__title\">Welche Ammoniakkonzentration k\u00f6nnen Sie in einem IBC transportieren?<\/h2><p class=\"ugb-heading__subtitle\">Die Interpolation des Dampfdrucks von Ammoniakl\u00f6sungen zeigt, dass Konzentrationen von bis zu 20% unter dem maximalen Dampfdruck von 110 kPa bleiben. Bei h\u00f6heren Konzentrationen \u00fcberschreitet der Dampfdruck diese Grenze. Die Dampfdruckdaten verschiedener Quellen stimmen nicht vollst\u00e4ndig \u00fcberein. Der genaue Dampfdruck Ihrer L\u00f6sung wird anhand der Dampfdruckdaten des Lieferanten des Ammoniaks berechnet.<\/p><\/div><\/div><\/div>\n\n\n\n<figure class=\"wp-block-image alignfull size-full wow animate__animated animate__fadeIn\"><img decoding=\"async\" src=\"https:\/\/varibox.best4u.dev\/wp-content\/uploads\/2024\/10\/Ammonia-in-an-IBC-1-717x508-1.png\" alt=\"\" class=\"wp-image-2331\"\/><\/figure>\n\n\n\n<div class=\"wp-block-ugb-heading ugb-heading wow animate__animated animate__fadeIn ugb-f10e890 ugb-main-block\"><style>.ugb-f10e890 .ugb-heading__title{text-align:center}.ugb-f10e890 .ugb-inner-block{text-align:center}@media screen and (min-width:768px){.ugb-f10e890.ugb-heading{margin-top:75px !important}}<\/style><div class=\"ugb-inner-block\"><div class=\"ugb-block-content\"><h2 class=\"ugb-heading__title\">\u00dcberpr\u00fcfen Sie den Dampfdruck Ihrer Ammoniakl\u00f6sung<\/h2><p class=\"ugb-heading__subtitle\">Das ADR begrenzt daher die Ammoniakkonzentration (UN 2672) auf 20%. \u00dcberpr\u00fcfen Sie daher den Dampfdruck Ihrer Ammoniakl\u00f6sung, um sicherzustellen, dass dieser Dampfdruck diesen im ADR festgelegten Grenzwert nicht \u00fcberschreitet. <\/p><\/div><\/div><\/div>\n\n\n\n<div class=\"wp-block-ugb-heading ugb-heading wow animate__animated animate__fadeIn ugb-09fcf35 ugb-main-block\"><style>.ugb-09fcf35 .ugb-heading__title{text-align:center;margin-bottom:24px !important}.ugb-09fcf35 .ugb-heading__subtitle{text-align:center;margin-bottom:64px !important}.ugb-09fcf35 .ugb-inner-block{text-align:center}@media screen and (min-width:768px){.ugb-09fcf35.ugb-heading{margin-bottom:0px !important}}@media screen and (max-width:1025px){.ugb-09fcf35 .ugb-heading__title{text-align:center}.ugb-09fcf35 .ugb-inner-block{text-align:center}}@media screen and (max-width:768px){.ugb-09fcf35 .ugb-heading__title{text-align:center}.ugb-09fcf35 .ugb-heading__subtitle{text-align:center}.ugb-09fcf35 .ugb-inner-block{text-align:center}}<\/style><div class=\"ugb-inner-block\"><div class=\"ugb-block-content\"><h2 class=\"ugb-heading__title\">Haben Sie eine andere Frage?<\/h2><p class=\"ugb-heading__subtitle\">Wir wissen, dass die sicheren und wiederverwendbaren VARIBOX IBCs f\u00fcr viele verschiedene Anwendungen in vielen verschiedenen M\u00e4rkten eingesetzt werden. Daher kann es sein, dass Ihre Frage\/Antwort nicht im VARIBOX Unterst\u00fctzungs-Bereich zu finden ist. Wenn dies der Fall ist, wenden Sie sich bitte an unseren Kundendienst, der Ihnen gerne weiterhilft.<\/p><\/div><\/div><\/div>\n\n\n<\/div><\/div><\/div><\/div><\/div><\/div>\n","protected":false},"excerpt":{"rendered":"<p>H\u00f6chstkonzentration Ammoniak im IBC Auf dieser Seite sehen Sie alles \u00fcber die Vorschriften des ADR und H\u00f6chstkonzentration Ammoniak im IBC. Das ADR listet Ammoniakl\u00f6sung mit einer Konzentration zwischen 10% und 35% als UN 2672 auf. Und ADR sagt uns, dass man UN2672 in einem IBC transportieren kann. Bedeutet dies, dass Sie Ammoniak 25% in einem [&hellip;]<\/p>\n","protected":false},"author":1,"featured_media":28659,"parent":0,"menu_order":0,"comment_status":"open","ping_status":"open","template":"","meta":{"_acf_changed":false,"footnotes":""},"class_list":["post-50187","page","type-page","status-publish","has-post-thumbnail","hentry"],"blocksy_meta":{"styles_descriptor":{"styles":{"desktop":"","tablet":"","mobile":""},"google_fonts":[],"version":6}},"featured_image_urls_v2":{"full":["https:\/\/varibox.best4u.dev\/wp-content\/uploads\/2024\/10\/Ammonia-in-an-IBC-1-717x508-1.png",717,508,false],"thumbnail":["https:\/\/varibox.best4u.dev\/wp-content\/uploads\/2024\/10\/Ammonia-in-an-IBC-1-717x508-1-256x256.png",256,256,true],"medium":["https:\/\/varibox.best4u.dev\/wp-content\/uploads\/2024\/10\/Ammonia-in-an-IBC-1-717x508-1-512x363.png",512,363,true],"medium_large":["https:\/\/varibox.best4u.dev\/wp-content\/uploads\/2024\/10\/Ammonia-in-an-IBC-1-717x508-1.png",717,508,false],"large":["https:\/\/varibox.best4u.dev\/wp-content\/uploads\/2024\/10\/Ammonia-in-an-IBC-1-717x508-1.png",717,508,false],"1536x1536":["https:\/\/varibox.best4u.dev\/wp-content\/uploads\/2024\/10\/Ammonia-in-an-IBC-1-717x508-1.png",717,508,false],"2048x2048":["https:\/\/varibox.best4u.dev\/wp-content\/uploads\/2024\/10\/Ammonia-in-an-IBC-1-717x508-1.png",717,508,false],"woocommerce_archive_thumbnail":["https:\/\/varibox.best4u.dev\/wp-content\/uploads\/2024\/10\/Ammonia-in-an-IBC-1-717x508-1-270x191.png",270,191,true],"gform-image-choice-sm":["https:\/\/varibox.best4u.dev\/wp-content\/uploads\/2024\/10\/Ammonia-in-an-IBC-1-717x508-1.png",300,213,false],"gform-image-choice-md":["https:\/\/varibox.best4u.dev\/wp-content\/uploads\/2024\/10\/Ammonia-in-an-IBC-1-717x508-1.png",400,283,false],"gform-image-choice-lg":["https:\/\/varibox.best4u.dev\/wp-content\/uploads\/2024\/10\/Ammonia-in-an-IBC-1-717x508-1.png",600,425,false],"woocommerce_thumbnail":["https:\/\/varibox.best4u.dev\/wp-content\/uploads\/2024\/10\/Ammonia-in-an-IBC-1-717x508-1-270x191.png",270,191,true],"woocommerce_single":["https:\/\/varibox.best4u.dev\/wp-content\/uploads\/2024\/10\/Ammonia-in-an-IBC-1-717x508-1.png",717,508,false],"woocommerce_gallery_thumbnail":["https:\/\/varibox.best4u.dev\/wp-content\/uploads\/2024\/10\/Ammonia-in-an-IBC-1-717x508-1-100x100.png",100,100,true],"variation_swatches_image_size":["https:\/\/varibox.best4u.dev\/wp-content\/uploads\/2024\/10\/Ammonia-in-an-IBC-1-717x508-1-50x50.png",50,50,true],"variation_swatches_tooltip_size":["https:\/\/varibox.best4u.dev\/wp-content\/uploads\/2024\/10\/Ammonia-in-an-IBC-1-717x508-1-100x100.png",100,100,true]},"post_excerpt_stackable_v2":"<p>H\u00f6chstkonzentration Ammoniak im IBCAuf dieser Seite sehen Sie alles \u00fcber die Vorschriften des ADR und H\u00f6chstkonzentration Ammoniak im IBC. Das ADR listet Ammoniakl\u00f6sung mit einer Konzentration zwischen 10% und 35% als UN 2672 auf. Und ADR sagt uns, dass man UN2672 in einem IBC transportieren kann. Bedeutet dies, dass Sie Ammoniak 25% in einem IBC versenden k\u00f6nnen? Nein, das d\u00fcrfen Sie nicht! Kontakt aufnehmen Sicherer Wiederverwendbar Nachhaltig Was ist Dampfdruck?Ammoniakl\u00f6sung ist ein Produkt mit einem hohen sogenannten Dampfdruck. Der Dampfdruck ist der Druck des Dampfes \u00fcber einer Fl\u00fcssigkeit in einem geschlossenen Beh\u00e4lter. Dieser Druck baut sich durch Verdampfen der Fl\u00fcssigkeit&hellip;<\/p>\n","category_list_v2":"","author_info_v2":{"name":"Best4u","url":"https:\/\/varibox.best4u.dev\/de\/author\/best4u\/"},"comments_num_v2":"0 comments","acf":[],"_links":{"self":[{"href":"https:\/\/varibox.best4u.dev\/de\/wp-json\/wp\/v2\/pages\/50187","targetHints":{"allow":["GET"]}}],"collection":[{"href":"https:\/\/varibox.best4u.dev\/de\/wp-json\/wp\/v2\/pages"}],"about":[{"href":"https:\/\/varibox.best4u.dev\/de\/wp-json\/wp\/v2\/types\/page"}],"author":[{"embeddable":true,"href":"https:\/\/varibox.best4u.dev\/de\/wp-json\/wp\/v2\/users\/1"}],"replies":[{"embeddable":true,"href":"https:\/\/varibox.best4u.dev\/de\/wp-json\/wp\/v2\/comments?post=50187"}],"version-history":[{"count":1,"href":"https:\/\/varibox.best4u.dev\/de\/wp-json\/wp\/v2\/pages\/50187\/revisions"}],"predecessor-version":[{"id":50188,"href":"https:\/\/varibox.best4u.dev\/de\/wp-json\/wp\/v2\/pages\/50187\/revisions\/50188"}],"wp:featuredmedia":[{"embeddable":true,"href":"https:\/\/varibox.best4u.dev\/de\/wp-json\/wp\/v2\/media\/28659"}],"wp:attachment":[{"href":"https:\/\/varibox.best4u.dev\/de\/wp-json\/wp\/v2\/media?parent=50187"}],"curies":[{"name":"wp","href":"https:\/\/api.w.org\/{rel}","templated":true}]}}