{"id":50099,"date":"2021-11-26T14:04:39","date_gmt":"2021-11-26T13:04:39","guid":{"rendered":"https:\/\/varibox.best4u.dev\/vielen-dank\/"},"modified":"2024-11-08T11:39:41","modified_gmt":"2024-11-08T10:39:41","slug":"vielen-dank","status":"publish","type":"page","link":"https:\/\/varibox.best4u.dev\/de\/vielen-dank\/","title":{"rendered":"Vielen Dank"},"content":{"rendered":"\n<div class=\"wp-block-ugb-heading ugb-heading ugb-de4fb53 ugb-main-block\"><style>.ugb-de4fb53 .ugb-heading__title{text-align:left;margin-bottom:24px !important}.ugb-de4fb53 .ugb-heading__subtitle{margin-bottom:64px !important}.ugb-de4fb53 .ugb-inner-block{text-align:left}@media screen and (min-width:768px){.ugb-de4fb53.ugb-heading{margin-bottom:0px !important}}@media screen and (max-width:1025px){.ugb-de4fb53 .ugb-heading__title{text-align:center}.ugb-de4fb53 .ugb-inner-block{text-align:center}}@media screen and (max-width:768px){.ugb-de4fb53 .ugb-heading__title{text-align:center}.ugb-de4fb53 .ugb-heading__subtitle{text-align:center;margin-bottom:0px !important}.ugb-de4fb53 .ugb-inner-block{text-align:center}.ugb-de4fb53.ugb-heading{margin-bottom:0px !important}}<\/style><div class=\"ugb-inner-block\"><div class=\"ugb-block-content\"><h1 class=\"ugb-heading__title\">Vielen Dank<\/h1><p class=\"ugb-heading__subtitle\">Vielen Dank f\u00fcr Ihre Anfrage. Wir haben sie in gutem Zustand erhalten. Wir werden Sie so schnell wie m\u00f6glich kontaktieren.<br><br>M\u00f6chten Sie bereits Erfahrungen aus anderen Anwendungen und Chemikalien sehen?<br>Schauen Sie sich bitte die Berichte an. Und sehen Sie, was VARIBOX Intermediate Bulk Containers bieten kann.<\/p><\/div><\/div><\/div>\n\n\n\n<div class=\"wp-block-stackable-heading stk-block-heading stk-block stk-808dbd2\" id=\"mehr-uber-varibox-ib-cs\" data-block-id=\"808dbd2\"><h2 class=\"stk-block-heading__text\">Mehr \u00fcber VARIBOX IBCs<\/h2><\/div>\n\n\n\n<p>Wussten Sie, dass unsere Geschichte bereits in den sechziger Jahren begann? Inspiriert von neuen Materialien und Technologien, die in den 1960er Jahren entdeckt wurden, gr\u00fcndete eine Gruppe von Unternehmern 1966 unser Unternehmen. Dies war der Ausgangspunkt f\u00fcr das Rotationsgussverfahren und die Erkundung der neuen M\u00f6glichkeiten, die Polyethylen-Kunststoffe bieten. In diesen Jahren entstanden in den Niederlanden, Frankreich, Deutschland und dem Vereinigten K\u00f6nigreich Rotationsgussfabriken, die sich Jahre sp\u00e4ter zu dem Unternehmen zusammenschlossen, das wir heute sind.<\/p>\n\n\n\n<p>Die M\u00f6glichkeiten der neuen Technologie f\u00fchrten bald zu Innovationen bei der sicheren Verpackung von Chemikalien. Neue Produkte wie F\u00e4sser, Kanister, Silos und Polyethylentanks wurden eingef\u00fchrt und fanden schnell ihren Platz in der chemischen Industrie. Polyethylenprodukte haben sich bei der sicheren Distribution von Chemikalien als robust und langlebig erwiesen. In den 1970er Jahren entwickelten wir den ersten IBC f\u00fcr den Transport gef\u00e4hrlicher G\u00fcter, von der UN offiziell zugelassenen. Nur zwei Jahre nach dem Inkrafttreten des ADR-Vertrags der Vereinten Nationen! Als Pioniere setzen wir weiterhin auf Innovation. In den 90er Jahren entwickelten unsere Ingenieure den ersten IBC, der vollst\u00e4ndig aus Kunststoff bestand und den Stahlk\u00e4fig ersetzte. Von diesem Zeitpunkt an war nicht nur der Innenbeh\u00e4lter robust und widerstandsf\u00e4hig, sondern auch die Au\u00dfenkonstruktion konnte chemischen Belastungen und Abnutzungen standhalten. All diese Innovationen und Erkenntnisse f\u00fchrten 2012 zu der neuen Generation von IBC f\u00fcr Chemikalien, der VARIBOX.<\/p>\n\n\n\n<div class=\"wp-block-ugb-button ugb-button-wrapper green-button animate__animated animate__fadeIn ugb-ce74cc3 ugb-button--mobile-aligned ugb-main-block\"><style>.ugb-ce74cc3 .ugb-block-content{justify-content:center !important}.ugb-ce74cc3 .ugb-button1 .ugb-button--inner{font-weight:bold !important}.ugb-ce74cc3 .ugb-button1:hover{opacity:1}.ugb-ce74cc3 .ugb-inner-block{text-align:center}@media screen and (min-width:768px){.ugb-ce74cc3.ugb-button-wrapper{margin-bottom:0px !important}}@media screen and (max-width:768px){.ugb-ce74cc3 .ugb-block-content{justify-content:center !important}.ugb-ce74cc3 .ugb-inner-block{text-align:center}}<\/style><div class=\"ugb-inner-block\"><div class=\"ugb-block-content\"><div class=\"ugb-button-container\"><a class=\"ugb-button1 ugb-button ugb-button--size-normal\" href=\"\/de\/ueber-varibox-ibcs\/\" rel=\"\" title=\"\"><span class=\"ugb-button--inner\">Weitere informationen<\/span><\/a><\/div><\/div><\/div><\/div>\n\n\n\n<div class=\"wp-block-ugb-container ugb-container ugb-56eca28 ugb-container--v2 ugb-container--design-basic ugb-main-block\"><style>.ugb-56eca28-wrapper.ugb-container__wrapper{border-radius:0px !important}.ugb-56eca28 .ugb-inner-block{text-align:left}@media screen and (min-width:768px){.ugb-56eca28.ugb-container{margin-bottom:0px !important}}@media screen and (max-width:768px){.ugb-56eca28.ugb-container{padding-top:0px !important;padding-bottom:0px !important}}@media screen and (min-width:768px){.ugb-56eca28 > .ugb-inner-block > .ugb-block-content > *{padding-top:64px !important;padding-bottom:64px !important;padding-right:0px !important;padding-left:0px !important}}@media screen and (max-width:768px){.ugb-56eca28 > .ugb-inner-block > .ugb-block-content > *{padding-top:40px !important;padding-right:0px !important;padding-bottom:0px !important;padding-left:0px !important}}<\/style><div class=\"ugb-inner-block\"><div class=\"ugb-block-content\"><div class=\"ugb-container__wrapper ugb-56eca28-wrapper ugb--shadow-0\"><div class=\"ugb-container__side\"><div class=\"ugb-container__content-wrapper ugb-56eca28-content-wrapper\">\n<div class=\"wp-block-ugb-heading ugb-heading wow animate__animated animate__fadeIn ugb-3d3c66a ugb-main-block\"><style>.ugb-3d3c66a .ugb-heading__title{text-align:center;margin-bottom:0px !important}.ugb-3d3c66a .ugb-inner-block{text-align:center}@media screen and (min-width:768px){.ugb-3d3c66a.ugb-heading{margin-bottom:33px !important}}<\/style><div class=\"ugb-inner-block\"><div class=\"ugb-block-content\"><h2 class=\"ugb-heading__title\">Entdecken Sie unsere neuesten Berichte und Nachrichten<\/h2><\/div><\/div><\/div>\n\n\n\n<div class=\"wp-block-ugb-blog-posts ugb-blog-posts wow animate__animated animate__fadeIn ugb-d374d85 ugb-blog-posts--v2 ugb-blog-posts--design-basic ugb-blog-posts--columns-3 ugb-main-block\"><style>.ugb-d374d85 .ugb-blog-posts__featured-image{border-radius:8px !important;margin-bottom:32px !important}.ugb-d374d85 .ugb-blog-posts__featured-image img{height:208px !important}.ugb-d374d85 .ugb-blog-posts__title a{color:var(--theme-palette-color-3,#334155) !important}.ugb-d374d85 .ugb-blog-posts__title a:hover{opacity:0.8}.ugb-d374d85 .ugb-blog-posts__title{line-height:1.2em !important;margin-bottom:16px !important}.ugb-d374d85 .ugb-blog-posts__excerpt,.ugb-d374d85 .ugb-blog-posts__excerpt p{line-height:1.5em !important}.ugb-d374d85 .ugb-blog-posts__excerpt{margin-bottom:0px !important}.ugb-d374d85 .ugb-blog-posts__readmore a{color:var(--theme-palette-color-1,#0178be) !important}.ugb-d374d85 .ugb-blog-posts__readmore a:hover{opacity:0.8}.ugb-d374d85 .ugb-blog-posts__readmore{margin-bottom:0px !important}@media screen and (max-width:768px){.ugb-d374d85.ugb-blog-posts{margin-bottom:0px !important}}<\/style><div class=\"ugb-inner-block\"><div class=\"ugb-block-content\"><article class=\"ugb-blog-posts__item\"><div class=\"ugb-blog-posts__content\"><figure class=\"ugb-blog-posts__featured-image ugb--shadow-3\"><a href=\"https:\/\/varibox.best4u.dev\/de\/story\/varibox-und-tensid-chemie\/\"><img decoding=\"async\" width=\"1024\" height=\"768\" src=\"https:\/\/varibox.best4u.dev\/wp-content\/uploads\/2025\/05\/VARIBOX-Tensid-and-Refresco-1-scaled-1-1024x768.jpg\" class=\"attachment-large size-large wp-post-image\" alt=\"\" \/><\/a><\/figure><h4 class=\"ugb-blog-posts__title\"><a href=\"https:\/\/varibox.best4u.dev\/de\/story\/varibox-und-tensid-chemie\/\">VARIBOX und Tensid-Chemie<\/a><\/h4><div class=\"ugb-blog-posts__excerpt\"><p>VARIBOX und Tensid-Chemie \u2013 Wir freuen uns, Ihnen heute \u00fcber eine neue und eine alte Partnerschaft zu berichten.<\/p>\n<\/div><p class=\"ugb-blog-posts__readmore\"><a href=\"https:\/\/varibox.best4u.dev\/de\/story\/varibox-und-tensid-chemie\/\">Weiterlesen<\/a><\/p><\/div><\/article><article class=\"ugb-blog-posts__item\"><div class=\"ugb-blog-posts__content\"><figure class=\"ugb-blog-posts__featured-image ugb--shadow-3\"><a href=\"https:\/\/varibox.best4u.dev\/de\/story\/varibox-dr-weigert-polska-zusammenarbeit\/\"><img decoding=\"async\" width=\"768\" height=\"1024\" src=\"https:\/\/varibox.best4u.dev\/wp-content\/uploads\/2025\/05\/VARIBOX-Dr.-Weigert-Polska-cooperation-1-768x1024.jpg\" class=\"attachment-large size-large wp-post-image\" alt=\"\" \/><\/a><\/figure><h4 class=\"ugb-blog-posts__title\"><a href=\"https:\/\/varibox.best4u.dev\/de\/story\/varibox-dr-weigert-polska-zusammenarbeit\/\">VARIBOX &amp; Dr. Weigert Polska Zusammenarbeit<\/a><\/h4><div class=\"ugb-blog-posts__excerpt\"><p>Erh\u00f6hte Kundenzufriedenheit in medizinischen Einrichtungen in Polen, dank der schnellen Entwicklung von VBARIBOX &amp; Dr. Weigert Polska Kooperation.<\/p>\n<\/div><p class=\"ugb-blog-posts__readmore\"><a href=\"https:\/\/varibox.best4u.dev\/de\/story\/varibox-dr-weigert-polska-zusammenarbeit\/\">Weiterlesen<\/a><\/p><\/div><\/article><article class=\"ugb-blog-posts__item\"><div class=\"ugb-blog-posts__content\"><figure class=\"ugb-blog-posts__featured-image ugb--shadow-3\"><a href=\"https:\/\/varibox.best4u.dev\/de\/story\/varibox-interview-in-der-aecq\/\"><img decoding=\"async\" width=\"1024\" height=\"691\" src=\"https:\/\/varibox.best4u.dev\/wp-content\/uploads\/2025\/05\/VARIBOX.jpg\" class=\"attachment-large size-large wp-post-image\" alt=\"\" \/><\/a><\/figure><h4 class=\"ugb-blog-posts__title\"><a href=\"https:\/\/varibox.best4u.dev\/de\/story\/varibox-interview-in-der-aecq\/\">VARIBOX-Interview in der AECQ<\/a><\/h4><div class=\"ugb-blog-posts__excerpt\"><p>Heute hat der spanische Chemiehandelsverband (AECQ) unseren Kundenbetreuer f\u00fcr S\u00fcdeuropa, Christophe Maricourt, interviewt.<\/p>\n<\/div><p class=\"ugb-blog-posts__readmore\"><a href=\"https:\/\/varibox.best4u.dev\/de\/story\/varibox-interview-in-der-aecq\/\">Weiterlesen<\/a><\/p><\/div><\/article><\/div><\/div><\/div>\n<\/div><\/div><\/div><\/div><\/div><\/div>\n\n\n\n<div class=\"wp-block-ugb-heading ugb-heading ugb-2b82d14 ugb-main-block\"><style>.ugb-2b82d14 .ugb-heading__title{text-align:left;margin-bottom:24px !important}.ugb-2b82d14 .ugb-heading__subtitle{margin-bottom:64px !important}.ugb-2b82d14 .ugb-inner-block{text-align:left}@media screen and (min-width:768px){.ugb-2b82d14.ugb-heading{margin-bottom:0px !important}}@media screen and (max-width:1025px){.ugb-2b82d14 .ugb-heading__title{text-align:center}.ugb-2b82d14 .ugb-inner-block{text-align:center}}@media screen and (max-width:768px){.ugb-2b82d14 .ugb-heading__title{text-align:center}.ugb-2b82d14 .ugb-heading__subtitle{text-align:center;margin-bottom:0px !important}.ugb-2b82d14 .ugb-inner-block{text-align:center}.ugb-2b82d14.ugb-heading{margin-bottom:0px !important}}<\/style><div class=\"ugb-inner-block\"><div class=\"ugb-block-content\"><h2 class=\"ugb-heading__title\">Vielen Dank<\/h2><p class=\"ugb-heading__subtitle\">Wussten Sie schon, dass Sie auf dieser Website auch unterst\u00fctzende Informationen finden k\u00f6nnen? Sie finden Videoanleitungen, FAQs und Dokumente zu den Vorschriften. Werfen Sie einen Blick darauf und sehen Sie, ob diese Informationen Sie unterst\u00fctzen k\u00f6nnen.<\/p><\/div><\/div><\/div>\n\n\n\n<div class=\"wp-block-ugb-button ugb-button-wrapper green-button animate__animated animate__fadeIn ugb-ee16d32 ugb-button--mobile-aligned ugb-main-block\"><style>.ugb-ee16d32 .ugb-block-content{justify-content:center !important}.ugb-ee16d32 .ugb-button1 .ugb-button--inner{font-weight:bold !important}.ugb-ee16d32 .ugb-button1:hover{opacity:1}.ugb-ee16d32 .ugb-inner-block{text-align:center}@media screen and (min-width:768px){.ugb-ee16d32.ugb-button-wrapper{margin-bottom:0px !important}}@media screen and (max-width:768px){.ugb-ee16d32 .ugb-block-content{justify-content:center !important}.ugb-ee16d32 .ugb-inner-block{text-align:center}}<\/style><div class=\"ugb-inner-block\"><div class=\"ugb-block-content\"><div class=\"ugb-button-container\"><a class=\"ugb-button1 ugb-button ugb-button--size-normal\" href=\"\/de\/varibox-support\/\" rel=\"\" title=\"\"><span class=\"ugb-button--inner\">VARIBOX Support<\/span><\/a><\/div><\/div><\/div><\/div>\n","protected":false},"excerpt":{"rendered":"<p>Vielen Dank Vielen Dank f\u00fcr Ihre Anfrage. Wir haben sie in gutem Zustand erhalten. Wir werden Sie so schnell wie m\u00f6glich kontaktieren. M\u00f6chten Sie bereits Erfahrungen aus anderen Anwendungen und Chemikalien sehen?Schauen Sie sich bitte die Berichte an. Und sehen Sie, was VARIBOX Intermediate Bulk Containers bieten kann. Mehr \u00fcber VARIBOX IBCs Wussten Sie, dass [&hellip;]<\/p>\n","protected":false},"author":1,"featured_media":1434,"parent":0,"menu_order":0,"comment_status":"open","ping_status":"open","template":"","meta":{"_acf_changed":false,"footnotes":""},"class_list":["post-50099","page","type-page","status-publish","has-post-thumbnail","hentry"],"blocksy_meta":{"styles_descriptor":{"styles":{"desktop":"","tablet":"","mobile":""},"google_fonts":[],"version":6}},"featured_image_urls_v2":{"full":["https:\/\/varibox.best4u.dev\/wp-content\/uploads\/2022\/07\/VARIBOX-Drumtainer.png",600,400,false],"thumbnail":["https:\/\/varibox.best4u.dev\/wp-content\/uploads\/2022\/07\/VARIBOX-Drumtainer-256x256.png",256,256,true],"medium":["https:\/\/varibox.best4u.dev\/wp-content\/uploads\/2022\/07\/VARIBOX-Drumtainer-512x341.png",512,341,true],"medium_large":["https:\/\/varibox.best4u.dev\/wp-content\/uploads\/2022\/07\/VARIBOX-Drumtainer.png",600,400,false],"large":["https:\/\/varibox.best4u.dev\/wp-content\/uploads\/2022\/07\/VARIBOX-Drumtainer.png",600,400,false],"1536x1536":["https:\/\/varibox.best4u.dev\/wp-content\/uploads\/2022\/07\/VARIBOX-Drumtainer.png",600,400,false],"2048x2048":["https:\/\/varibox.best4u.dev\/wp-content\/uploads\/2022\/07\/VARIBOX-Drumtainer.png",600,400,false],"woocommerce_archive_thumbnail":["https:\/\/varibox.best4u.dev\/wp-content\/uploads\/2022\/07\/VARIBOX-Drumtainer-270x180.png",270,180,true],"gform-image-choice-sm":["https:\/\/varibox.best4u.dev\/wp-content\/uploads\/2022\/07\/VARIBOX-Drumtainer.png",300,200,false],"gform-image-choice-md":["https:\/\/varibox.best4u.dev\/wp-content\/uploads\/2022\/07\/VARIBOX-Drumtainer.png",400,267,false],"gform-image-choice-lg":["https:\/\/varibox.best4u.dev\/wp-content\/uploads\/2022\/07\/VARIBOX-Drumtainer.png",600,400,false],"woocommerce_thumbnail":["https:\/\/varibox.best4u.dev\/wp-content\/uploads\/2022\/07\/VARIBOX-Drumtainer-270x180.png",270,180,true],"woocommerce_single":["https:\/\/varibox.best4u.dev\/wp-content\/uploads\/2022\/07\/VARIBOX-Drumtainer.png",600,400,false],"woocommerce_gallery_thumbnail":["https:\/\/varibox.best4u.dev\/wp-content\/uploads\/2022\/07\/VARIBOX-Drumtainer-100x100.png",100,100,true],"variation_swatches_image_size":["https:\/\/varibox.best4u.dev\/wp-content\/uploads\/2022\/07\/VARIBOX-Drumtainer-50x50.png",50,50,true],"variation_swatches_tooltip_size":["https:\/\/varibox.best4u.dev\/wp-content\/uploads\/2022\/07\/VARIBOX-Drumtainer-100x100.png",100,100,true]},"post_excerpt_stackable_v2":"<p>Vielen DankVielen Dank f\u00fcr Ihre Anfrage. Wir haben sie in gutem Zustand erhalten. Wir werden Sie so schnell wie m\u00f6glich kontaktieren.M\u00f6chten Sie bereits Erfahrungen aus anderen Anwendungen und Chemikalien sehen?Schauen Sie sich bitte die Berichte an. Und sehen Sie, was VARIBOX Intermediate Bulk Containers bieten kann. Mehr \u00fcber VARIBOX IBCs Wussten Sie, dass unsere Geschichte bereits in den sechziger Jahren begann? Inspiriert von neuen Materialien und Technologien, die in den 1960er Jahren entdeckt wurden, gr\u00fcndete eine Gruppe von Unternehmern 1966 unser Unternehmen. Dies war der Ausgangspunkt f\u00fcr das Rotationsgussverfahren und die Erkundung der neuen M\u00f6glichkeiten, die Polyethylen-Kunststoffe bieten. In diesen&hellip;<\/p>\n","category_list_v2":"","author_info_v2":{"name":"Best4u","url":"https:\/\/varibox.best4u.dev\/de\/author\/best4u\/"},"comments_num_v2":"0 comments","acf":[],"_links":{"self":[{"href":"https:\/\/varibox.best4u.dev\/de\/wp-json\/wp\/v2\/pages\/50099","targetHints":{"allow":["GET"]}}],"collection":[{"href":"https:\/\/varibox.best4u.dev\/de\/wp-json\/wp\/v2\/pages"}],"about":[{"href":"https:\/\/varibox.best4u.dev\/de\/wp-json\/wp\/v2\/types\/page"}],"author":[{"embeddable":true,"href":"https:\/\/varibox.best4u.dev\/de\/wp-json\/wp\/v2\/users\/1"}],"replies":[{"embeddable":true,"href":"https:\/\/varibox.best4u.dev\/de\/wp-json\/wp\/v2\/comments?post=50099"}],"version-history":[{"count":1,"href":"https:\/\/varibox.best4u.dev\/de\/wp-json\/wp\/v2\/pages\/50099\/revisions"}],"predecessor-version":[{"id":50107,"href":"https:\/\/varibox.best4u.dev\/de\/wp-json\/wp\/v2\/pages\/50099\/revisions\/50107"}],"wp:featuredmedia":[{"embeddable":true,"href":"https:\/\/varibox.best4u.dev\/de\/wp-json\/wp\/v2\/media\/1434"}],"wp:attachment":[{"href":"https:\/\/varibox.best4u.dev\/de\/wp-json\/wp\/v2\/media?parent=50099"}],"curies":[{"name":"wp","href":"https:\/\/api.w.org\/{rel}","templated":true}]}}