{"id":49991,"date":"2021-12-22T13:32:36","date_gmt":"2021-12-22T12:32:36","guid":{"rendered":"https:\/\/varibox.best4u.dev\/safeline-performance-anschliessen\/"},"modified":"2024-11-08T11:39:40","modified_gmt":"2024-11-08T10:39:40","slug":"safeline-performance-anschliessen","status":"publish","type":"page","link":"https:\/\/varibox.best4u.dev\/de\/safeline-performance-anschliessen\/","title":{"rendered":"Safeline Performance anschlie\u00dfen"},"content":{"rendered":"\n<div class=\"wp-block-ugb-columns ugb-columns ugb-0d5d96e ugb-columns--design-plain ugb-columns--columns-2 ugb-main-block\"><style>.ugb-0d5d96e > .ugb-inner-block > .ugb-block-content > .ugb-columns__item{grid-template-columns:1.40fr 0.60fr !important}@media screen and (min-width:768px){.ugb-0d5d96e.ugb-columns{margin-bottom:83px !important}}@media screen and (max-width:768px){.ugb-0d5d96e-content-wrapper{grid-row-gap:0 !important}}<\/style><div class=\"ugb-inner-block\"><div class=\"ugb-block-content\"><div class=\"ugb-columns__item ugb-0d5d96e-content-wrapper\">\n<div class=\"wp-block-ugb-column ugb-column ugb-b383129 ugb-column--design-plain ugb-main-block\"><div class=\"ugb-inner-block\"><div class=\"ugb-block-content\"><div class=\"ugb-column__item ugb-b383129-column-wrapper\"><div class=\"ugb-column__content-wrapper\">\n<div class=\"wp-block-ugb-heading ugb-heading wow animate__animated animate__fadeIn ugb-bcdb7f0 ugb-main-block\"><style>.ugb-bcdb7f0 .ugb-heading__subtitle{margin-bottom:-5px !important}<\/style><div class=\"ugb-inner-block\"><div class=\"ugb-block-content\"><h1 class=\"ugb-heading__title\">Safeline Performance anschlie\u00dfen<\/h1><p class=\"ugb-heading__subtitle\">Sicherer Transport und sichere Lagerung sind die Grundprinzipien, f\u00fcr die die Intermediate Bulk Containers (IBCs) von VARIBOX entwickelt wurden. Um die Sicherheit bei der Verwendung unserer Container zu gew\u00e4hrleisten, sind die Container mit dem VARIBOX Safeline-System ausgestattet. Das VARIBOX Safeline-System ist ein einfach zu bedienendes System, das aus Rohren im Container besteht und \u00fcber eine Gegenkupplung mit Ihrem System verbunden werden kann. Auf dieser Seite finden Sie video zum Safeline Performance Anschlie\u00dfen.<\/p><\/div><\/div><\/div>\n\n\n\n<div class=\"wp-block-ugb-button ugb-button-wrapper green-button wow animate__animated animate__fadeIn ugb-0bb132f ugb-button--mobile-aligned ugb-main-block\"><style>.ugb-0bb132f .ugb-block-content{justify-content:flex-start !important}.ugb-0bb132f .ugb-button1 .ugb-button--inner{font-weight:bold !important}.ugb-0bb132f .ugb-button1:hover{opacity:1}.ugb-0bb132f .ugb-inner-block{text-align:left}@media screen and (min-width:768px){.ugb-0bb132f.ugb-button-wrapper{margin-bottom:0px !important}}@media screen and (max-width:768px){.ugb-0bb132f .ugb-block-content{justify-content:center !important}.ugb-0bb132f .ugb-inner-block{text-align:center}}<\/style><div class=\"ugb-inner-block\"><div class=\"ugb-block-content\"><div class=\"ugb-button-container\"><a class=\"ugb-button1 ugb-button ugb-button--size-normal\" href=\"https:\/\/varibox.best4u.dev\/de\/kontakt\/\" rel=\"\" title=\"\"><span class=\"ugb-button--inner\">Kontakt aufnehmen<\/span><\/a><\/div><\/div><\/div><\/div>\n<\/div><\/div><\/div><\/div><\/div>\n\n\n\n<div class=\"wp-block-ugb-column ugb-column ugb-e882f9a ugb-column--design-plain ugb-main-block\"><style>@media screen and (max-width:768px){.ugb-e882f9a .ugb-inner-block{text-align:center}}<\/style><div class=\"ugb-inner-block\"><div class=\"ugb-block-content\"><div class=\"ugb-column__item ugb-e882f9a-column-wrapper\"><div class=\"ugb-column__content-wrapper\">\n<figure class=\"wp-block-image size-full wow animate__animated animate__fadeIn\"><img decoding=\"async\" src=\"https:\/\/varibox.best4u.dev\/wp-content\/uploads\/2024\/10\/VARIBOX-Safeline-2.png\" alt=\"Versiegelbare Beh\u00e4lter IBC mit Plomben\" class=\"wp-image-10795\"\/><\/figure>\n<\/div><\/div><\/div><\/div><\/div>\n<\/div><\/div><\/div><\/div>\n\n\n\n<div class=\"alignfull wp-block-ugb-container ugb-container ugb-25beaa0 ugb-container--v2 ugb-container--design-plain ugb-main-block ugb-main-block--inner-center ugb--has-block-background\"><style>.ugb-25beaa0.ugb-container{background-color:var(--theme-palette-color-7,#F9FAFB)}.ugb-25beaa0.ugb-container:before{background-color:var(--theme-palette-color-7,#F9FAFB)}@media screen and (min-width:768px){.ugb-25beaa0-content-wrapper.ugb-container__content-wrapper{width:85% !important}.ugb-25beaa0.ugb-container{margin-bottom:0px !important;padding-top:0px !important;padding-right:35px !important;padding-bottom:0px !important;padding-left:35px !important}}@media screen and (min-width:768px) and (max-width:1025px){.ugb-25beaa0-content-wrapper.ugb-container__content-wrapper{width:100% !important}}@media screen and (max-width:768px){.ugb-25beaa0.ugb-container{margin-bottom:0px !important;padding-top:0px !important;padding-right:18px !important;padding-bottom:0px !important;padding-left:18px !important}}@media screen and (min-width:768px){.ugb-25beaa0 > .ugb-inner-block > .ugb-block-content > *{padding-top:40px !important;padding-bottom:40px !important}}@media screen and (max-width:768px){.ugb-25beaa0 > .ugb-inner-block > .ugb-block-content > *{padding-top:35px !important;padding-bottom:0px !important}}<\/style><div class=\"ugb-inner-block ugb-inner-block--center\"><div class=\"ugb-block-content\"><div class=\"ugb-container__wrapper ugb-25beaa0-wrapper\"><div class=\"ugb-container__side\"><div class=\"ugb-container__content-wrapper ugb-25beaa0-content-wrapper\">\n<div class=\"aligncenter wp-block-ugb-columns ugb-columns top-icons-columns ugb-609d063 ugb-columns--design-plain ugb-columns--columns-3 ugb-main-block\"><style>.ugb-609d063-content-wrapper{grid-column-gap:15px !important}@media screen and (min-width:768px) and (max-width:1025px){.ugb-609d063-content-wrapper{grid-column-gap:0px !important}}@media screen and (max-width:768px){.ugb-609d063-content-wrapper{grid-row-gap:0 !important;grid-column-gap:0px !important}.ugb-609d063 .ugb-inner-block{text-align:center}.ugb-609d063.ugb-columns{margin-top:0px !important;margin-bottom:0px !important}}<\/style><div class=\"ugb-inner-block\"><div class=\"ugb-block-content\"><div class=\"ugb-columns__item ugb-609d063-content-wrapper\">\n<div class=\"wp-block-ugb-column ugb-column ugb-aa84cea ugb-column--design-plain ugb-main-block\"><div class=\"ugb-inner-block\"><div class=\"ugb-block-content\"><div class=\"ugb-column__item ugb-aa84cea-column-wrapper\"><div class=\"ugb-column__content-wrapper\">\n<div class=\"wp-block-group is-layout-flow wp-block-group-is-layout-flow\">\n<div class=\"wp-block-media-text alignwide is-stacked-on-mobile is-vertically-aligned-center content-pages-top-icons\" style=\"grid-template-columns:30% auto\"><figure class=\"wp-block-media-text__media\"><img decoding=\"async\" src=\"https:\/\/varibox.best4u.dev\/wp-content\/uploads\/2021\/12\/test.svg\" alt=\"\" class=\"wp-image-3005 size-full\"\/><\/figure><div class=\"wp-block-media-text__content\">\n<h4 class=\"wp-block-heading has-text-align-left has-medium-font-size\">Sicherer<\/h4>\n<\/div><\/div>\n<\/div>\n<\/div><\/div><\/div><\/div><\/div>\n\n\n\n<div class=\"wp-block-ugb-column ugb-column ugb-a25ba9c ugb-column--design-plain ugb-main-block\"><div class=\"ugb-inner-block\"><div class=\"ugb-block-content\"><div class=\"ugb-column__item ugb-a25ba9c-column-wrapper\"><div class=\"ugb-column__content-wrapper\">\n<div class=\"wp-block-group is-layout-flow wp-block-group-is-layout-flow\">\n<div class=\"wp-block-media-text alignwide is-stacked-on-mobile is-vertically-aligned-center content-pages-top-icons\" style=\"grid-template-columns:30% auto\"><figure class=\"wp-block-media-text__media\"><img decoding=\"async\" src=\"https:\/\/varibox.best4u.dev\/wp-content\/uploads\/2021\/11\/reuseablility-green-1.svg\" alt=\"\" class=\"wp-image-1838 size-full\"\/><\/figure><div class=\"wp-block-media-text__content\">\n<h4 class=\"wp-block-heading has-text-align-left has-medium-font-size\">Wiederverwendbar<\/h4>\n<\/div><\/div>\n<\/div>\n<\/div><\/div><\/div><\/div><\/div>\n\n\n\n<div class=\"wp-block-ugb-column ugb-column ugb-ed3faa1 ugb-column--design-plain ugb-main-block\"><div class=\"ugb-inner-block\"><div class=\"ugb-block-content\"><div class=\"ugb-column__item ugb-ed3faa1-column-wrapper\"><div class=\"ugb-column__content-wrapper\">\n<div class=\"wp-block-group is-layout-flow wp-block-group-is-layout-flow\">\n<div class=\"wp-block-media-text alignwide is-stacked-on-mobile is-vertically-aligned-center content-pages-top-icons\" style=\"grid-template-columns:29% auto\"><figure class=\"wp-block-media-text__media\"><img decoding=\"async\" src=\"https:\/\/varibox.best4u.dev\/wp-content\/uploads\/2021\/11\/sustainability-green-1.svg\" alt=\"\" class=\"wp-image-1851 size-full\"\/><\/figure><div class=\"wp-block-media-text__content\">\n<h4 class=\"wp-block-heading has-text-align-left has-medium-font-size\">Nachhaltig<\/h4>\n<\/div><\/div>\n<\/div>\n<\/div><\/div><\/div><\/div><\/div>\n<\/div><\/div><\/div><\/div>\n<\/div><\/div><\/div><\/div><\/div><\/div>\n\n\n\n<div class=\"alignfull wp-block-ugb-container ugb-container ugb-0591a81 ugb-container--v2 ugb-container--design-plain ugb-main-block ugb-main-block--inner-center ugb--has-block-background ugb--has-background-overlay\"><style>.ugb-0591a81.ugb-container{background-color:var(--theme-palette-color-8,#f8fafc)}.ugb-0591a81.ugb-container:before{background-image:linear-gradient(180deg,var(--theme-palette-color-8,#f8fafc) 0%,#ffffff 100%)}@media screen and (min-width:768px){.ugb-0591a81-content-wrapper.ugb-container__content-wrapper{width:70% !important}.ugb-0591a81.ugb-container{padding-top:0px !important;padding-right:35px !important;padding-bottom:0px !important;padding-left:35px !important}}@media screen and (min-width:768px){.ugb-0591a81 > .ugb-inner-block > .ugb-block-content > *{padding-top:64px !important;padding-bottom:64px !important}}<\/style><div class=\"ugb-inner-block ugb-inner-block--center\"><div class=\"ugb-block-content\"><div class=\"ugb-container__wrapper ugb-0591a81-wrapper\"><div class=\"ugb-container__side\"><div class=\"ugb-container__content-wrapper ugb-0591a81-content-wrapper\">\n<h2 class=\"wp-block-heading wow animate__animated animate__fadeIn\" id=\"varibox-safeline-performance-anschliessen\">VARIBOX Safeline Performance anschlie\u00dfen<\/h2>\n\n\n\n<p>Die Safeline Performance wurde speziell f\u00fcr den Einsatz bei hohen St\u00fcckzahlen entwickelt. Das Leitungssystem hat eine Leistung von bis zu 20 Litern pro Minute. Safeline Performance ist in EPDM und Viton verf\u00fcgbar.<\/p>\n\n\n\n<p>Die EPDM-Version hat eine <em><strong>rote Farbe<\/strong><\/em> und eine <em><strong>runde Form<\/strong><\/em>. Die an den Verbindungspunkt anzuschlie\u00dfende Gegenkupplung ist ebenfalls rot und hat eine runde Verbindung.<\/p>\n\n\n\n<p>Die Viton-Version hat eine <em><strong>gr\u00fcne Farbe<\/strong><\/em> und ist 12-eckig. Die an den Verbindungspunkt anzuschlie\u00dfende Gegenkupplung ist ebenfalls gr\u00fcn und hat einen<em><strong> 12-eckigen Anschluss<\/strong><\/em>.<\/p>\n\n\n\n<p>Dieser Unterschied wurde gemacht, um das Risiko falscher Verbindungen zu minimieren. Diese beiden verwechseln ist nicht m\u00f6glich.<\/p>\n\n\n\n<p>Nach Gebrauch verbleiben nur 0,1 R\u00fcckst\u00e4nde in der VARIBOX. Im Saugrohr selbst verbleiben nur noch 0,4 Liter. Diese Mengen basieren auf Wasser und variieren je nach Zustand und Art der Chemikalie.<\/p>\n\n\n\n<figure class=\"wp-block-embed is-type-video is-provider-youtube wp-block-embed-youtube wp-embed-aspect-16-9 wp-has-aspect-ratio\"><div class=\"wp-block-embed__wrapper\">\n<iframe title=\"VARIBOX Safeline Performance Anschlie\u00dfen.\" width=\"1200\" height=\"675\" src=\"https:\/\/www.youtube.com\/embed\/GPf6VHgYF9w?feature=oembed\" frameborder=\"0\" allow=\"accelerometer; autoplay; clipboard-write; encrypted-media; gyroscope; picture-in-picture; web-share\" referrerpolicy=\"strict-origin-when-cross-origin\" allowfullscreen><\/iframe>\n<\/div><\/figure>\n\n\n\n<h3 class=\"wp-block-heading wow animate__animated animate__fadeIn\" id=\"geschlossenes-system-einfach-und-logisch\">Geschlossenes System einfach und logisch&nbsp;<\/h3>\n\n\n\n<p>Wie gerade beschrieben, ist das VARIBOX Safeline-System ein einfach zu bedienendes System, das aus Rohren im Container besteht und \u00fcber eine Gegenkupplung mit Ihrem System verbunden werden kann. Das Safeline-System ist vollst\u00e4ndig geschlossen. Dies bedeutet, dass die VARIBOX w\u00e4hrend des Transports oder der Verwendung nicht ge\u00f6ffnet werden muss.<\/p>\n\n\n\n<p>Der Lieferant f\u00fcllt die mit dem Safeline-System ausgestattete VARIBOX an seinem Standort. Das Saugrohr und andere Optionen im Beh\u00e4lter werden f\u00fcr die Verwendung vorbereitet und die VARIBOX wird dann versiegelt. Wenn Sie diesen Vorgang gr\u00fcndlich durchlaufen, bleibt der Beh\u00e4lter w\u00e4hrend des Transports vollst\u00e4ndig geschlossen. Das garantiert Sicherheit beim Laden und beim Transport.<\/p>\n\n\n\n<p>Wenn die VARIBOX ausgeliefert wird, bleibt die VARIBOX weiterhin geschlossen. Sie k\u00f6nnen die VARIBOX mit einem Gabelstapler oder einem Palettenhubwagen sicher vom LKW transportieren. Die VARIBOX kann dann an einer beliebigen Stelle platziert werden, da der Beh\u00e4lter \u00fcber eine integrierte Tropfschale verf\u00fcgt. Wenn die VARIBOX in Betrieb genommen wird, muss der Beh\u00e4lter nicht ge\u00f6ffnet werden. An den Anschlusspunkt oben an der VARIBOX darf nur eine Gegenkupplung angeschlossen werden. Es m\u00fcssen also keine Ma\u00dfnahmen am Deckel oder am Beh\u00e4lter selbst ergriffen werden. Dies stellt sicher, dass Sie und Ihre Kollegen nicht mit der Chemie in Kontakt kommen k\u00f6nnen.<\/p>\n\n\n\n<p>Wenn der Container mit dem Safeline-System vollst\u00e4ndig geleert ist, muss der Container immer noch nicht ge\u00f6ffnet werden. Selbst beim Trennen der VARIBOX muss keine Aktion am Deckel oder am Beh\u00e4lter selbst ausgef\u00fchrt werden. Sie m\u00fcssen nur die Z\u00e4hlerkupplung vom Verbindungspunkt oben am Beh\u00e4lter l\u00f6sen. Sie k\u00f6nnen den Beh\u00e4lter dann sicher bewegen, da das einzigartige Design weniger als 1 Liter R\u00fcckst\u00e4nde hinterl\u00e4sst. Dadurch kann die VARIBOX sicher zum Lieferanten zur\u00fccktransportiert werden.<\/p>\n\n\n\n<p>Da das VARIBOX Safeline System verwendet wird, ist es auch plausibel, dass in der VARIBOX seltsame Dinge gefunden werden. Dies gibt die M\u00f6glichkeit, den Reinigungsprozess zu \u00fcberspringen.<\/p>\n\n\n\n<h3 class=\"wp-block-heading wow animate__animated animate__fadeIn\" id=\"mehr-informationen\">Mehr Informationen<\/h3>\n\n\n\n<p>Haben Sie spezielle Fragen zum Safeline Performance anschlie\u00dfen oder W\u00fcnschen Sie <a data-type=\"URL\" data-id=\"https:\/\/varibox.best4u.dev\/de\/kontakt\/\" href=\"https:\/\/varibox.best4u.dev\/de\/kontakt\/\">weitere Informationen<\/a>, wenden Sie sich bitte an info@varibox-ibc.com oder rufen Sie an +31 570 660 711.<\/p>\n\n\n\n<div class=\"wp-block-ugb-button ugb-button-wrapper green-button animate__animated animate__fadeIn ugb-ee16d32 ugb-button--mobile-aligned ugb-main-block\"><style>.ugb-ee16d32 .ugb-block-content{justify-content:center !important}.ugb-ee16d32 .ugb-button1 .ugb-button--inner{font-weight:bold !important}.ugb-ee16d32 .ugb-button1:hover{opacity:1}.ugb-ee16d32 .ugb-inner-block{text-align:center}@media screen and (min-width:768px){.ugb-ee16d32.ugb-button-wrapper{margin-bottom:0px !important}}@media screen and (max-width:768px){.ugb-ee16d32 .ugb-block-content{justify-content:center !important}.ugb-ee16d32 .ugb-inner-block{text-align:center}}<\/style><div class=\"ugb-inner-block\"><div class=\"ugb-block-content\"><div class=\"ugb-button-container\"><a class=\"ugb-button1 ugb-button ugb-button--size-normal\" href=\"https:\/\/varibox.best4u.dev\/de\/kontakt\/\" rel=\"\" title=\"\"><span class=\"ugb-button--inner\">Kontaktieren Sie uns<\/span><\/a><\/div><\/div><\/div><\/div>\n<\/div><\/div><\/div><\/div><\/div><\/div>\n","protected":false},"excerpt":{"rendered":"<p>Safeline Performance anschlie\u00dfen Sicherer Transport und sichere Lagerung sind die Grundprinzipien, f\u00fcr die die Intermediate Bulk Containers (IBCs) von VARIBOX entwickelt wurden. Um die Sicherheit bei der Verwendung unserer Container zu gew\u00e4hrleisten, sind die Container mit dem VARIBOX Safeline-System ausgestattet. Das VARIBOX Safeline-System ist ein einfach zu bedienendes System, das aus Rohren im Container besteht [&hellip;]<\/p>\n","protected":false},"author":1,"featured_media":27301,"parent":0,"menu_order":0,"comment_status":"open","ping_status":"open","template":"","meta":{"_acf_changed":false,"footnotes":""},"class_list":["post-49991","page","type-page","status-publish","has-post-thumbnail","hentry"],"blocksy_meta":{"styles_descriptor":{"styles":{"desktop":"","tablet":"","mobile":""},"google_fonts":[],"version":6}},"featured_image_urls_v2":{"full":["https:\/\/varibox.best4u.dev\/wp-content\/uploads\/2024\/10\/VARIBOX-Safeline-2.png",325,370,false],"thumbnail":["https:\/\/varibox.best4u.dev\/wp-content\/uploads\/2024\/10\/VARIBOX-Safeline-2-256x256.png",256,256,true],"medium":["https:\/\/varibox.best4u.dev\/wp-content\/uploads\/2024\/10\/VARIBOX-Safeline-2.png",325,370,false],"medium_large":["https:\/\/varibox.best4u.dev\/wp-content\/uploads\/2024\/10\/VARIBOX-Safeline-2.png",325,370,false],"large":["https:\/\/varibox.best4u.dev\/wp-content\/uploads\/2024\/10\/VARIBOX-Safeline-2.png",325,370,false],"1536x1536":["https:\/\/varibox.best4u.dev\/wp-content\/uploads\/2024\/10\/VARIBOX-Safeline-2.png",325,370,false],"2048x2048":["https:\/\/varibox.best4u.dev\/wp-content\/uploads\/2024\/10\/VARIBOX-Safeline-2.png",325,370,false],"woocommerce_archive_thumbnail":["https:\/\/varibox.best4u.dev\/wp-content\/uploads\/2024\/10\/VARIBOX-Safeline-2-270x307.png",270,307,true],"gform-image-choice-sm":["https:\/\/varibox.best4u.dev\/wp-content\/uploads\/2024\/10\/VARIBOX-Safeline-2.png",264,300,false],"gform-image-choice-md":["https:\/\/varibox.best4u.dev\/wp-content\/uploads\/2024\/10\/VARIBOX-Safeline-2.png",325,370,false],"gform-image-choice-lg":["https:\/\/varibox.best4u.dev\/wp-content\/uploads\/2024\/10\/VARIBOX-Safeline-2.png",325,370,false],"woocommerce_thumbnail":["https:\/\/varibox.best4u.dev\/wp-content\/uploads\/2024\/10\/VARIBOX-Safeline-2-270x307.png",270,307,true],"woocommerce_single":["https:\/\/varibox.best4u.dev\/wp-content\/uploads\/2024\/10\/VARIBOX-Safeline-2.png",325,370,false],"woocommerce_gallery_thumbnail":["https:\/\/varibox.best4u.dev\/wp-content\/uploads\/2024\/10\/VARIBOX-Safeline-2-100x100.png",100,100,true],"variation_swatches_image_size":["https:\/\/varibox.best4u.dev\/wp-content\/uploads\/2024\/10\/VARIBOX-Safeline-2-50x50.png",50,50,true],"variation_swatches_tooltip_size":["https:\/\/varibox.best4u.dev\/wp-content\/uploads\/2024\/10\/VARIBOX-Safeline-2-100x100.png",100,100,true]},"post_excerpt_stackable_v2":"<p>Safeline Performance anschlie\u00dfenSicherer Transport und sichere Lagerung sind die Grundprinzipien, f\u00fcr die die Intermediate Bulk Containers (IBCs) von VARIBOX entwickelt wurden. Um die Sicherheit bei der Verwendung unserer Container zu gew\u00e4hrleisten, sind die Container mit dem VARIBOX Safeline-System ausgestattet. Das VARIBOX Safeline-System ist ein einfach zu bedienendes System, das aus Rohren im Container besteht und \u00fcber eine Gegenkupplung mit Ihrem System verbunden werden kann. Auf dieser Seite finden Sie video zum Safeline Performance Anschlie\u00dfen. Kontakt aufnehmen Sicherer Wiederverwendbar Nachhaltig VARIBOX Safeline Performance anschlie\u00dfen Die Safeline Performance wurde speziell f\u00fcr den Einsatz bei hohen St\u00fcckzahlen entwickelt. Das Leitungssystem hat eine Leistung&hellip;<\/p>\n","category_list_v2":"","author_info_v2":{"name":"Best4u","url":"https:\/\/varibox.best4u.dev\/de\/author\/best4u\/"},"comments_num_v2":"0 comments","acf":[],"_links":{"self":[{"href":"https:\/\/varibox.best4u.dev\/de\/wp-json\/wp\/v2\/pages\/49991","targetHints":{"allow":["GET"]}}],"collection":[{"href":"https:\/\/varibox.best4u.dev\/de\/wp-json\/wp\/v2\/pages"}],"about":[{"href":"https:\/\/varibox.best4u.dev\/de\/wp-json\/wp\/v2\/types\/page"}],"author":[{"embeddable":true,"href":"https:\/\/varibox.best4u.dev\/de\/wp-json\/wp\/v2\/users\/1"}],"replies":[{"embeddable":true,"href":"https:\/\/varibox.best4u.dev\/de\/wp-json\/wp\/v2\/comments?post=49991"}],"version-history":[{"count":1,"href":"https:\/\/varibox.best4u.dev\/de\/wp-json\/wp\/v2\/pages\/49991\/revisions"}],"predecessor-version":[{"id":49992,"href":"https:\/\/varibox.best4u.dev\/de\/wp-json\/wp\/v2\/pages\/49991\/revisions\/49992"}],"wp:featuredmedia":[{"embeddable":true,"href":"https:\/\/varibox.best4u.dev\/de\/wp-json\/wp\/v2\/media\/27301"}],"wp:attachment":[{"href":"https:\/\/varibox.best4u.dev\/de\/wp-json\/wp\/v2\/media?parent=49991"}],"curies":[{"name":"wp","href":"https:\/\/api.w.org\/{rel}","templated":true}]}}